{"id":68,"date":"2017-06-28T11:34:38","date_gmt":"2017-06-28T11:34:38","guid":{"rendered":"http:\/\/www.eft.ba\/web\/?page_id=68"},"modified":"2022-04-26T12:48:04","modified_gmt":"2022-04-26T12:48:04","slug":"doktorski-studij","status":"publish","type":"page","link":"https:\/\/www.eft.ba\/web\/studij\/doktorski-studij\/","title":{"rendered":"III ciklus"},"content":{"rendered":"<div class=\"wpb-content-wrapper\"><p>[vc_row gap=&#8221;10&#8221; equal_height=&#8221;yes&#8221; css=&#8221;.vc_custom_1496670536096{margin-top: 5px !important;}&#8221;][vc_column width=&#8221;3\/12&#8221;][vc_widget_sidebar sidebar_id=&#8221;avada-custom-sidebar-doktorski-akademskoosoblje-lijevi&#8221;][vc_separator color=&#8221;turquoise&#8221;][vc_images_carousel images=&#8221;54691,54692,54693,54694,54695,54696,54697&#8221; img_size=&#8221;230&#215;150&#8221; onclick=&#8221;link_no&#8221; autoplay=&#8221;yes&#8221; hide_pagination_control=&#8221;yes&#8221; wrap=&#8221;yes&#8221;][vc_separator color=&#8221;turquoise&#8221;][vc_column_text]<a href=\"http:\/\/www.eft.ba\/web\/studij\/doktorski-studij\/studenti-iii-ciklusa\/\">Studenti III ciklusa<\/a><br \/>\n<a href=\"http:\/\/www.eft.ba\/web\/studij\/doktorski-studij\/galerija\/\">Galerija<\/a><br \/>\n<a href=\"http:\/\/dlftseft.com\/iii\/login\/index.php\" target=\"_blank\" rel=\"noopener\">Informacijski servis<\/a><br \/>\n<a href=\"http:\/\/eft.edu.ba\/webmail\" target=\"_blank\" rel=\"noopener\">Webmail<\/a><br \/>\n<a href=\"http:\/\/www.eft.ba\/web\/studij\/doktorski-studij\/novosti\/\">Novosti<\/a>[\/vc_column_text][vc_separator color=&#8221;turquoise&#8221;][vc_column_text]<a href=\"http:\/\/dlftseft.com\/iii\/login\/index.php\" target=\"_blank\" rel=\"noopener\"><img class=\"alignnone wp-image-18798\" src=\"http:\/\/www.eft.ba\/web\/wp-content\/uploads\/2017\/06\/logofinal.png\" alt=\"\" width=\"226\" height=\"40\"><\/a>[\/vc_column_text][\/vc_column][vc_column width=&#8221;6\/12&#8221; css=&#8221;.vc_custom_1496669731080{margin-right: 15px !important;margin-left: -20px !important;padding-left: -10px !important;}&#8221;][vc_text_separator title=&#8221;Uvodna rije\u010d voditelja doktorskog studija&#8221; i_icon_fontawesome=&#8221;fa fa-book&#8221; i_color=&#8221;juicy_pink&#8221; add_icon=&#8221;true&#8221; css=&#8221;.vc_custom_1498754949177{margin-bottom: 5px !important;padding-bottom: 5px !important;}&#8221;][vc_column_text]Uva\u017eeni doktoranti,<\/p>\n<p>Osiguranje doktorskog studija u skladu sa Bolonjskom deklaracijom i zakonskim okvirima kako u Bosni i Hercegovini, tako i u evropskom prostoru visokog obrazovanja, predstavlja najvi\u0161i stepen formalnog obrazovanja i klju\u010dan je za ulazak u evropski istra\u017eiva\u010dki prostor. Danas, Europa treba dobro obu\u010dene istra\u017eiva\u010de koji mogu odgovoriti na izazove s kojima se suo\u010davamo. U vrijeme promjena, bitno je da europski univerziteti imaju kapacitet da osposobe nove i kvalitetne istra\u017eiva\u010de koji mogu misliti kreativno i na inovacijski na\u010din, istra\u017eiva\u010de koji \u0107e \u010diniti bitan element prevladavanju na\u0161ih zajedni\u010dkih izazova kroz nove ideje i intelektualno vodstvo.<\/p>\n<p>Stvaranje takve platforme zasnovane na kriterijima europskih standarda visokog obrazovanja, izazovan je zadatak ako se uzme u obzir \u010dinjenica da je broj doktora nauka znatno porastao. Kvaliteta procesa doktorskog studija temeljena na kriterijima EU, na transparentnosti i vidljivosti predava\u010da i njihovih nau\u010dnih dostignu\u0107a, kao i sticanje novih znanja, savremenih tehnologija i liderskog koncepta mentorisanja kandidata, predstavlja dio ukupnog procesa modernizacije doktorskog studija Edukacijskog fakulteta Univerziteta u Travniku. Ovaj proces modernizacije tako\u0111er predstavlja uspostavu osiguranja kvalitete, koji je usko vezan za nau\u010dna istra\u017eivanja i publikacije vas doktoranata. Osnovna svrha procesa doktorskog studija jeste: osposobiti vas da razmi\u0161ljate kriti\u010dki, da unaprijedite svoje istra\u017eiva\u010dke procese, budete kontinuirano informisani o novim dostignu\u0107ima iz oblasti nauke u kojoj djelujete, te sudjelujete u razvoju i promociji doktorske misli. Sve to pobolj\u0161ava va\u0161u odgovornost i unaprije\u0111uje kvalitetu sistema visokog obrazovanja.<\/p>\n<p>U to ime, \u017eelim Vam dobrodo\u0161licu i sretan put u nau\u010dne spoznaje,<\/p>\n<p>Voditelj doktorskog studija[\/vc_column_text][\/vc_column][vc_column width=&#8221;3\/12&#8221;][vc_widget_sidebar sidebar_id=&#8221;avada-custom-sidebar-doktorski-organizacijastudija-desni&#8221;][vc_separator color=&#8221;turquoise&#8221;][vc_widget_sidebar sidebar_id=&#8221;avada-custom-sidebar-doktorski-nauneoblasti-desni&#8221;][vc_separator color=&#8221;turquoise&#8221;][vc_single_image image=&#8221;18790&#8221; img_size=&#8221;medium&#8221; alignment=&#8221;center&#8221; style=&#8221;vc_box_shadow&#8221;][\/vc_column][\/vc_row]<\/p>\n<\/div>","protected":false},"excerpt":{"rendered":"<p>[vc_row gap=&#8221;10&#8221; equal_height=&#8221;yes&#8221; css=&#8221;.vc_custom_1496670536096{margin-top: 5px !important;}&#8221;][vc_column width=&#8221;3\/12&#8221;][vc_widget_sidebar sidebar_id=&#8221;avada-custom-sidebar-doktorski-akademskoosoblje-lijevi&#8221;][vc_separator color=&#8221;turquoise&#8221;][vc_images_carousel images=&#8221;54691,54692,54693,54694,54695,54696,54697&#8221; img_size=&#8221;230&#215;150&#8221; onclick=&#8221;link_no&#8221; autoplay=&#8221;yes&#8221; hide_pagination_control=&#8221;yes&#8221; wrap=&#8221;yes&#8221;][vc_separator color=&#8221;turquoise&#8221;][vc_column_text]Studenti III ciklusa Galerija Informacijski servis Webmail Novosti[\/vc_column_text][vc_separator color=&#8221;turquoise&#8221;][vc_column_text][\/vc_column_text][\/vc_column][vc_column width=&#8221;6\/12&#8221; css=&#8221;.vc_custom_1496669731080{margin-right: 15px !important;margin-left: -20px !important;padding-left: -10px !important;}&#8221;][vc_text_separator title=&#8221;Uvodna rije\u010d voditelja doktorskog studija&#8221; i_icon_fontawesome=&#8221;fa fa-book&#8221; i_color=&#8221;juicy_pink&#8221; add_icon=&#8221;true&#8221; css=&#8221;.vc_custom_1498754949177{margin-bottom: 5px !important;padding-bottom: 5px !important;}&#8221;][vc_column_text]Uva\u017eeni doktoranti, Osiguranje doktorskog studija u skladu sa Bolonjskom deklaracijom [&hellip;]<\/p>\n","protected":false},"author":1,"featured_media":0,"parent":53,"menu_order":0,"comment_status":"closed","ping_status":"closed","template":"","meta":{"ngg_post_thumbnail":0},"_links":{"self":[{"href":"https:\/\/www.eft.ba\/web\/wp-json\/wp\/v2\/pages\/68"}],"collection":[{"href":"https:\/\/www.eft.ba\/web\/wp-json\/wp\/v2\/pages"}],"about":[{"href":"https:\/\/www.eft.ba\/web\/wp-json\/wp\/v2\/types\/page"}],"author":[{"embeddable":true,"href":"https:\/\/www.eft.ba\/web\/wp-json\/wp\/v2\/users\/1"}],"replies":[{"embeddable":true,"href":"https:\/\/www.eft.ba\/web\/wp-json\/wp\/v2\/comments?post=68"}],"version-history":[{"count":31,"href":"https:\/\/www.eft.ba\/web\/wp-json\/wp\/v2\/pages\/68\/revisions"}],"predecessor-version":[{"id":68279,"href":"https:\/\/www.eft.ba\/web\/wp-json\/wp\/v2\/pages\/68\/revisions\/68279"}],"up":[{"embeddable":true,"href":"https:\/\/www.eft.ba\/web\/wp-json\/wp\/v2\/pages\/53"}],"wp:attachment":[{"href":"https:\/\/www.eft.ba\/web\/wp-json\/wp\/v2\/media?parent=68"}],"curies":[{"name":"wp","href":"https:\/\/api.w.org\/{rel}","templated":true}]}}