{"id":67466,"date":"2021-05-17T12:05:04","date_gmt":"2021-05-17T12:05:04","guid":{"rendered":"https:\/\/www.eft.ba\/web\/?page_id=67466"},"modified":"2021-05-17T12:06:05","modified_gmt":"2021-05-17T12:06:05","slug":"nastavni-proces-sportski-trener","status":"publish","type":"page","link":"https:\/\/www.eft.ba\/web\/nastavni-proces-sportski-trener\/","title":{"rendered":"Nastavni proces &#8211; Sportski trener"},"content":{"rendered":"<p>Nastva na studijskom smjeru Sportski trener u potpunosti je prilago\u0111ena <strong><em>novom<\/em><\/strong> na\u010dinu edukacije sportskih trenera.<\/p>\n<p>Nastavni proces se realizuje putem digitalnih platformi i skoncentrisane nastave za specijalisti\u010dka podru\u010dja po sportovima.<\/p>\n<p>Teorijsku i prakti\u010dnu nastavu realizuju internacionalni eksperti iz BiH i Regiona.<\/p>\n<p>&nbsp;<\/p>\n","protected":false},"excerpt":{"rendered":"<p>Nastva na studijskom smjeru Sportski trener u potpunosti je prilago\u0111ena novom na\u010dinu edukacije sportskih trenera. Nastavni proces se realizuje putem digitalnih platformi i skoncentrisane nastave za specijalisti\u010dka podru\u010dja po sportovima. Teorijsku i prakti\u010dnu nastavu realizuju internacionalni eksperti iz BiH i Regiona. &nbsp;<\/p>\n","protected":false},"author":136,"featured_media":0,"parent":0,"menu_order":0,"comment_status":"closed","ping_status":"closed","template":"","meta":{"ngg_post_thumbnail":0},"_links":{"self":[{"href":"https:\/\/www.eft.ba\/web\/wp-json\/wp\/v2\/pages\/67466"}],"collection":[{"href":"https:\/\/www.eft.ba\/web\/wp-json\/wp\/v2\/pages"}],"about":[{"href":"https:\/\/www.eft.ba\/web\/wp-json\/wp\/v2\/types\/page"}],"author":[{"embeddable":true,"href":"https:\/\/www.eft.ba\/web\/wp-json\/wp\/v2\/users\/136"}],"replies":[{"embeddable":true,"href":"https:\/\/www.eft.ba\/web\/wp-json\/wp\/v2\/comments?post=67466"}],"version-history":[{"count":1,"href":"https:\/\/www.eft.ba\/web\/wp-json\/wp\/v2\/pages\/67466\/revisions"}],"predecessor-version":[{"id":67467,"href":"https:\/\/www.eft.ba\/web\/wp-json\/wp\/v2\/pages\/67466\/revisions\/67467"}],"wp:attachment":[{"href":"https:\/\/www.eft.ba\/web\/wp-json\/wp\/v2\/media?parent=67466"}],"curies":[{"name":"wp","href":"https:\/\/api.w.org\/{rel}","templated":true}]}}