{"id":67428,"date":"2021-05-11T12:56:39","date_gmt":"2021-05-11T12:56:39","guid":{"rendered":"https:\/\/www.eft.ba\/web\/?page_id=67428"},"modified":"2021-05-17T17:13:14","modified_gmt":"2021-05-17T17:13:14","slug":"promo-sportski-trener","status":"publish","type":"page","link":"https:\/\/www.eft.ba\/web\/promo-sportski-trener\/","title":{"rendered":"PROMO &#8211; Sportski trener"},"content":{"rendered":"<div class=\"wpb-content-wrapper\"><p>[vc_row][vc_column][vc_tta_tabs][vc_tta_section title=&#8221;PROMO Letak&#8221; tab_id=&#8221;1620737980305-cca3da89-460a&#8221;][vc_single_image image=&#8221;67473&#8221; img_size=&#8221;full&#8221;][\/vc_tta_section][vc_tta_section title=&#8221;PROMO Video&#8221; tab_id=&#8221;1620737980316-1d5e0870-5512&#8221;][\/vc_tta_section][vc_tta_section title=&#8221;PROMO Galerija&#8221; tab_id=&#8221;1620738006314-6a53574e-2d31&#8221;][\/vc_tta_section][vc_tta_section title=&#8221;Uspje\u0161ni studenti&#8221; tab_id=&#8221;1620738083843-114768ac-9124&#8221;][\/vc_tta_section][vc_tta_section title=&#8221;Za\u0161to upisati&#8221; tab_id=&#8221;1620738084421-0b080cf7-f4fa&#8221;][vc_column_text]Kako za sportiste tako i za rekreativce odabir kvalitetnog trenera va\u017ean je korak u postizanju sportskog uspjeha!<\/p>\n<p>Studijski smjer Sportski trener namijenjen je svima onima koji \u017eele:<\/p>\n<ul>\n<li>biti sportski treneri sa znanjima i kompetencijama koje \u0107e omogu\u0107iti postizanje vrhunskih individualnih ili ekipnih rezultata?<\/li>\n<li>raditi na poticanju razvoja socijalnih vje\u0161tina djece sporta\u0161a?<\/li>\n<\/ul>\n<p>Biti sportski trener veoma je odgovoran posao jer se radi o znatnim utjecajima na odre\u0111ene procese promjena u \u010dovjekovu organizmu, prilikom \u010dega su pogre\u0161ke nedopustive.<\/p>\n<p>Kako bi sportski trrener osigurao kvalitet i ugled u oblasti djelovanja, osim \u0161to mora posjedovati zavidan nivo stru\u010dnog znanja (podru\u010dja pedagogije, psihologije, fiziologije, biomehanike i mnogih drugih), treba kontinuirano nadogra\u0111ivati svoje znanje, i biti u toku sa sportskim napretkom.<\/p>\n<p>Trener je uzor i predstavlja model koji pokazuje moralno po\u017eeljna pona\u0161anja, isti\u010de moralne vrijednosti i upravlja pona\u0161anjem mladih sporta\u0161a pomo\u0107u sistema nagrada\/pohvala i sankcija.<\/p>\n<p>Kao i u svakom segmentu odgoja, da bi ovaj utjecaj bio sna\u017eniji, nu\u017ena je dosljednost i osobni primjer. Uloga trenera i o\u010dekivanja koja se pred njega postavljaju kao i velika, odgovornost pred njim predstavljaju veliki pritisak na njegovu li\u010dnost. Dono\u0161enje va\u017enih odluka, u odlu\u010duju\u0107im momentima, uz uvojek prisutan rizik iziskuje njegovu psiholo\u0161ku stabilnost. O\u010dekuje se da trener uvijek posjeduje pravi recept za uspeh i napravi izbor pravih metoda trena\u017enog optere\u0107enja, da u svakom momentu zna trenutno stanje sportiste, kako po pitanju sportske forme, psihi\u010dkog, zdravstvenog stanja i sl<\/p>\n<p>Kako bi sve navedeno mogao i ispo\u0161tovati, sportski trener nu\u017eno mora posjedovati kvalitetna kako stru\u010dna, tako nau\u010dna znanja i kompetencije.<\/p>\n<p>Prednosti studiranja na Edukacijskom fakultetu:<\/p>\n<p>\u2013 Nastavni proces na Edukacijskom fakultetu provode najugledniji i najpriznatiji bosanskohercegova\u010dki i me\u0111unarodni znanstvenici!<\/p>\n<p>\u2013 Profesori i asistenti na Edukacijskom fakultetu dostupni su studentima za konsultacije i pomo\u0107 u radu 24 sata tokom svih 7 dana u sedmici.<\/p>\n<p>\u2013 Studentska slu\u017eba Edukacijskog fakulteta dostupna je studentima za kontakt i informacije 24 sata tokom svih 7 dana u sedmici.<\/p>\n<p>\u2013 Nastavni proces u potpunosti je prilago\u0111en vrsti studija i odvija se putem digitalnih platformi i skoncentrisane nastave za specijalisti\u010dka podru\u010dja po sportovima.<\/p>\n<p>\u2013 Prakti\u010dna nastava na Edukacijskom fakultetu odvija i u specijaliziranim sportskim kampovima i trening centrima zemlji i inozemstvu \u2013 zimi na Vla\u0161i\u0107u, ljeti u Zaostrogu i na Bora\u010dkom jezeru!<\/p>\n<p>\u2013 Nastavni proces na Edukacijskom fakultetu popra\u0107en je najsavremenijom nastavnom opremom i u\u010dilima!<\/p>\n<p>\u2013 Nastavu na Edukacijskom fakultetu mogu\u0107e je pratiti i aktivno sudjelovati putem sistema za u\u010denje na daljinu \u2013 Studentskog informacijskog servisa!<\/p>\n<p>\u2013 Edukacijski fakultet ostvaruje posebne programe i projekte razmjene studenata i nastavnika sa mnogim doma\u0107im i inozemnim fakultetima!<\/p>\n<p>\u2013 Najboljim u\u010denicima Edukacijski fakultet pru\u017ea posebne mogu\u0107nosti za ostvarivanje prava na popust pri upisu studija!<\/p>\n<p>Ovaj studijski smjer idealan je kako za aktivne sportiste, trenere koji nemaju formalno obrazovanje, tako i za sportiste koji su zavr\u0161ili aktivnu karijeru bavljenja nekim sportom.<\/p>\n<p>&nbsp;[\/vc_column_text][\/vc_tta_section][\/vc_tta_tabs][\/vc_column][\/vc_row]<\/p>\n<\/div>","protected":false},"excerpt":{"rendered":"<p>[vc_row][vc_column][vc_tta_tabs][vc_tta_section title=&#8221;PROMO Letak&#8221; tab_id=&#8221;1620737980305-cca3da89-460a&#8221;][vc_single_image image=&#8221;67473&#8221; img_size=&#8221;full&#8221;][\/vc_tta_section][vc_tta_section title=&#8221;PROMO Video&#8221; tab_id=&#8221;1620737980316-1d5e0870-5512&#8221;][\/vc_tta_section][vc_tta_section title=&#8221;PROMO Galerija&#8221; tab_id=&#8221;1620738006314-6a53574e-2d31&#8221;][\/vc_tta_section][vc_tta_section title=&#8221;Uspje\u0161ni studenti&#8221; tab_id=&#8221;1620738083843-114768ac-9124&#8221;][\/vc_tta_section][vc_tta_section title=&#8221;Za\u0161to upisati&#8221; tab_id=&#8221;1620738084421-0b080cf7-f4fa&#8221;][vc_column_text]Kako za sportiste tako i za rekreativce odabir kvalitetnog trenera va\u017ean je korak u postizanju sportskog uspjeha! Studijski smjer Sportski trener namijenjen je svima onima koji \u017eele: biti sportski treneri sa znanjima i kompetencijama koje \u0107e omogu\u0107iti postizanje [&hellip;]<\/p>\n","protected":false},"author":136,"featured_media":0,"parent":0,"menu_order":0,"comment_status":"closed","ping_status":"closed","template":"","meta":{"ngg_post_thumbnail":0},"_links":{"self":[{"href":"https:\/\/www.eft.ba\/web\/wp-json\/wp\/v2\/pages\/67428"}],"collection":[{"href":"https:\/\/www.eft.ba\/web\/wp-json\/wp\/v2\/pages"}],"about":[{"href":"https:\/\/www.eft.ba\/web\/wp-json\/wp\/v2\/types\/page"}],"author":[{"embeddable":true,"href":"https:\/\/www.eft.ba\/web\/wp-json\/wp\/v2\/users\/136"}],"replies":[{"embeddable":true,"href":"https:\/\/www.eft.ba\/web\/wp-json\/wp\/v2\/comments?post=67428"}],"version-history":[{"count":6,"href":"https:\/\/www.eft.ba\/web\/wp-json\/wp\/v2\/pages\/67428\/revisions"}],"predecessor-version":[{"id":67478,"href":"https:\/\/www.eft.ba\/web\/wp-json\/wp\/v2\/pages\/67428\/revisions\/67478"}],"wp:attachment":[{"href":"https:\/\/www.eft.ba\/web\/wp-json\/wp\/v2\/media?parent=67428"}],"curies":[{"name":"wp","href":"https:\/\/api.w.org\/{rel}","templated":true}]}}