{"id":55659,"date":"2017-07-23T06:56:21","date_gmt":"2017-07-23T06:56:21","guid":{"rendered":"https:\/\/www.eft.ba\/web\/?page_id=55659"},"modified":"2017-07-23T06:56:21","modified_gmt":"2017-07-23T06:56:21","slug":"osnovni-podaci-o-agenciji","status":"publish","type":"page","link":"https:\/\/www.eft.ba\/web\/osnovni-podaci-o-agenciji\/","title":{"rendered":"Osnovni podaci o agenciji"},"content":{"rendered":"<h1 class=\"uk-article-title\">HEA<\/h1>\n<div>\n<div id=\"wpm_wp1221049914_wp1830791967_pnlDocumentTitle\" class=\"pnlDocumentTitle \">Osnovni podaci o Agenciji<\/div>\n<div id=\"wpm_wp362115482_wp1139207170_pnlHtmlText\" class=\"pnlHtmlText \">\n<div>&nbsp;<\/div>\n<div><strong>Agencija za razvoj visokog obrazovanja i osiguranje kvaliteta<\/strong>&nbsp;(<a href=\"http:\/\/www.hea.gov.ba\/\" target=\"_self\">HEA)&nbsp;<\/a>osnovana je&nbsp;<a href=\"http:\/\/www.hea.gov.ba\/Dokumenti\/Zakoni-propisi\/?id=105\">Okvirnim zakonom o visokom obrazovanju u BiH<\/a>&nbsp;(\u00abSlu\u017ebeni glasnik BiH\u00bb broj 59\/07) kao samostalna upravna organizacija. Vije\u0107e ministara Bosne i Hercegovine, na 33. sjednici odr\u017eanoj 10.1.2008 godine, donijelo je Odluku o po\u010detku rada i utvr\u0111ivanju sjedi\u0161ta Agencije (\u00abSlu\u017ebeni glasnik BiH\u00bb broj 10\/08). Utvr\u0111eno je da je sjedi\u0161te Agencije u Banjaluci.<\/div>\n<div>Rad Agencije je nezavistan i javan. Nezavisnost rada Agencije u dijelu nadle\u017enosti koje se odnosi na vanjsko osiguranje kvaliteta posti\u017ee se zakonskim, transparentnim i javnim procedurama odabira doma\u0107ih i me\u0111unarodnih stru\u010dnjaka koji daju ocjenu i obavljaju reviziju kvaliteta i daju preporuke o akreditaciji visko\u0161kolskih ustanova.<br \/>\nJavnost rada se ostvaruje u skladu sa Zakonom o slobodi pristupa informacijama u Bosni i Hercegovini. Javnost rada ostvaruje se i podno\u0161enjem izvje\u0161taja o radu Parlamentarnoj skup\u0161tini BiH i Vije\u0107u ministara BiH kao i putem sredstava javnog informisanja.<\/div>\n<div>Agencija \u0107e prilikom izvr\u0161avanja poslova iz svoje nadle\u017enosti po\u0161tovati principe:<\/div>\n<ul>\n<li>zakonitosti,<\/li>\n<li>transparentnosti,<\/li>\n<li>javnosti,<\/li>\n<li>odgovornosti,<\/li>\n<li>efikasnosti i djelotvornosti,<\/li>\n<li>profesionalne nepristrasnosti.<\/li>\n<\/ul>\n<p>Agencija se finansira iz bud\u017eeta institucija BiH, a&nbsp; u dijelu nadle\u017enosti u vanjskom osiguranju kvaliteta i iz vlastitih prihoda.<br \/>\nU svojim aktivnostima, Agencija ostvaruje saradnju sa relevantnim doma\u0107im institucijama \u2013 nadle\u017enim obrazovnim vlastima u BiH, entitetima, kantonima i Br\u010dko distriktu, akademskom zajednicom, me\u0111unarodnom zajednicom i drugim zainteresovanim stranama.<\/p>\n<\/div>\n<\/div>\n","protected":false},"excerpt":{"rendered":"<p>HEA Osnovni podaci o Agenciji &nbsp; Agencija za razvoj visokog obrazovanja i osiguranje kvaliteta&nbsp;(HEA)&nbsp;osnovana je&nbsp;Okvirnim zakonom o visokom obrazovanju u BiH&nbsp;(\u00abSlu\u017ebeni glasnik BiH\u00bb broj 59\/07) kao samostalna upravna organizacija. Vije\u0107e ministara Bosne i Hercegovine, na 33. sjednici odr\u017eanoj 10.1.2008 godine, donijelo je Odluku o po\u010detku rada i utvr\u0111ivanju sjedi\u0161ta Agencije (\u00abSlu\u017ebeni glasnik BiH\u00bb broj 10\/08). [&hellip;]<\/p>\n","protected":false},"author":1,"featured_media":0,"parent":0,"menu_order":0,"comment_status":"closed","ping_status":"closed","template":"","meta":{"ngg_post_thumbnail":0},"_links":{"self":[{"href":"https:\/\/www.eft.ba\/web\/wp-json\/wp\/v2\/pages\/55659"}],"collection":[{"href":"https:\/\/www.eft.ba\/web\/wp-json\/wp\/v2\/pages"}],"about":[{"href":"https:\/\/www.eft.ba\/web\/wp-json\/wp\/v2\/types\/page"}],"author":[{"embeddable":true,"href":"https:\/\/www.eft.ba\/web\/wp-json\/wp\/v2\/users\/1"}],"replies":[{"embeddable":true,"href":"https:\/\/www.eft.ba\/web\/wp-json\/wp\/v2\/comments?post=55659"}],"version-history":[{"count":2,"href":"https:\/\/www.eft.ba\/web\/wp-json\/wp\/v2\/pages\/55659\/revisions"}],"predecessor-version":[{"id":55661,"href":"https:\/\/www.eft.ba\/web\/wp-json\/wp\/v2\/pages\/55659\/revisions\/55661"}],"wp:attachment":[{"href":"https:\/\/www.eft.ba\/web\/wp-json\/wp\/v2\/media?parent=55659"}],"curies":[{"name":"wp","href":"https:\/\/api.w.org\/{rel}","templated":true}]}}