{"id":54913,"date":"2017-07-20T09:12:39","date_gmt":"2017-07-20T09:12:39","guid":{"rendered":"https:\/\/www.eft.ba\/web\/?page_id=54913"},"modified":"2017-07-21T12:48:34","modified_gmt":"2017-07-21T12:48:34","slug":"nastavni-proces-specijalne-namjene","status":"publish","type":"page","link":"https:\/\/www.eft.ba\/web\/nastavni-proces-specijalne-namjene\/","title":{"rendered":"Nastavni proces &#8211; Specijalne namjene"},"content":{"rendered":"<p>Obavijest \u2013 Ispitni rokovi<\/p>\n<p>Zavr\u0161eni su redovni ispitni rokovi. Termini ispita su ogla\u0161eni u rubrici Oglasna plo\u010da. Studentima \u017eelimo mnogo uspjeha!<\/p>\n<p>Sljede\u0107i ispitni rok je II popravni rok u septembru<\/p>\n<p>&nbsp;<\/p>\n<p>&nbsp;<\/p>\n<p>Obavijest \u2013 Zavr\u0161ni radovi<\/p>\n<p>U toku su odbrane zavr\u0161nih radova. Studenti se trebaju konsultirati sa studentskom slu\u017ebom, mentorima ili predmetnim profesorima o terminima odbrana.<\/p>\n","protected":false},"excerpt":{"rendered":"<p>Obavijest \u2013 Ispitni rokovi Zavr\u0161eni su redovni ispitni rokovi. Termini ispita su ogla\u0161eni u rubrici Oglasna plo\u010da. Studentima \u017eelimo mnogo uspjeha! Sljede\u0107i ispitni rok je II popravni rok u septembru &nbsp; &nbsp; Obavijest \u2013 Zavr\u0161ni radovi U toku su odbrane zavr\u0161nih radova. Studenti se trebaju konsultirati sa studentskom slu\u017ebom, mentorima ili predmetnim profesorima o terminima [&hellip;]<\/p>\n","protected":false},"author":1,"featured_media":0,"parent":0,"menu_order":0,"comment_status":"closed","ping_status":"closed","template":"","meta":{"ngg_post_thumbnail":0},"_links":{"self":[{"href":"https:\/\/www.eft.ba\/web\/wp-json\/wp\/v2\/pages\/54913"}],"collection":[{"href":"https:\/\/www.eft.ba\/web\/wp-json\/wp\/v2\/pages"}],"about":[{"href":"https:\/\/www.eft.ba\/web\/wp-json\/wp\/v2\/types\/page"}],"author":[{"embeddable":true,"href":"https:\/\/www.eft.ba\/web\/wp-json\/wp\/v2\/users\/1"}],"replies":[{"embeddable":true,"href":"https:\/\/www.eft.ba\/web\/wp-json\/wp\/v2\/comments?post=54913"}],"version-history":[{"count":2,"href":"https:\/\/www.eft.ba\/web\/wp-json\/wp\/v2\/pages\/54913\/revisions"}],"predecessor-version":[{"id":55568,"href":"https:\/\/www.eft.ba\/web\/wp-json\/wp\/v2\/pages\/54913\/revisions\/55568"}],"wp:attachment":[{"href":"https:\/\/www.eft.ba\/web\/wp-json\/wp\/v2\/media?parent=54913"}],"curies":[{"name":"wp","href":"https:\/\/api.w.org\/{rel}","templated":true}]}}