{"id":54891,"date":"2017-07-20T09:09:35","date_gmt":"2017-07-20T09:09:35","guid":{"rendered":"https:\/\/www.eft.ba\/web\/?page_id=54891"},"modified":"2021-07-01T09:52:03","modified_gmt":"2021-07-01T09:52:03","slug":"strucna-praksa-novinarstvo","status":"publish","type":"page","link":"https:\/\/www.eft.ba\/web\/strucna-praksa-novinarstvo\/","title":{"rendered":"Stru\u010dna praksa &#8211; Novinarstvo"},"content":{"rendered":"<p><strong>Praksa Komunikologija\/novinarstvo<\/strong><\/p>\n<p>Studenti u toku \u0161estog VI semestra obavljaju praksu u&nbsp; ukupnom trajanju od 60 sati. Praksa se obavlja u medijskim ku\u0107ama sa kojima fakultet ima sklopljen ugovor o izvo\u0111enju prakse.<\/p>\n<p>Praksa se obavlja u saradnji sa medijima na na\u010din da student realizira praksu u elektronskim i printanim medijima. Mentori&nbsp; zajedno sa nastavnicima fakulteta i njihovim saradnicima prate rad i anga\u017eman studenata na praksi.<\/p>\n<p>U okviru novinarske &nbsp;prakse studenti se upoznaju sa osnovama ure\u0111iva\u010dke politike, kao i temama i kategorijama kojima se pojedini medij bavi. Upoznaju se sa osnovama elekrtonskih i pisanih medija te posmatraju rad i aktivnosti novinara u redakciji te u\u010de samostalno realizirati aktivnosti koje podrazumjevaju stjecanje profesionalnih novinarskih vje\u0161tina, a prvenstveno vje\u0161tina prikupljanja i obrade informacija u formu novinasrskog teksta ili priloga. Po zavr\u0161etku novinarske prakse studenti su osposobljeni za samostalno oblikovanje du\u017ee ili kra\u0107e medijske objave, interpretiraciju i kriti\u010dku analizu medijske objave te &nbsp;primjenu odgovaraju\u0107ih novinarskih \u017eanrove kako bi ciljne skupine recipijenata medijskih objava dobile njima prilago\u0111enu informaciju;<\/p>\n<p>Urednik u redakciji ocjenjuje uspje\u0161nost studenta i prezentira rezultate mentoru. Medijska ku\u0107a u kojoj je student realziriao praksu izdaje potvrdu u uspje\u0161no zavr\u0161enoj praksi.<\/p>\n","protected":false},"excerpt":{"rendered":"<p>Praksa Komunikologija\/novinarstvo Studenti u toku \u0161estog VI semestra obavljaju praksu u&nbsp; ukupnom trajanju od 60 sati. Praksa se obavlja u medijskim ku\u0107ama sa kojima fakultet ima sklopljen ugovor o izvo\u0111enju prakse. Praksa se obavlja u saradnji sa medijima na na\u010din da student realizira praksu u elektronskim i printanim medijima. Mentori&nbsp; zajedno sa nastavnicima fakulteta i [&hellip;]<\/p>\n","protected":false},"author":1,"featured_media":0,"parent":0,"menu_order":0,"comment_status":"closed","ping_status":"closed","template":"","meta":{"ngg_post_thumbnail":0},"_links":{"self":[{"href":"https:\/\/www.eft.ba\/web\/wp-json\/wp\/v2\/pages\/54891"}],"collection":[{"href":"https:\/\/www.eft.ba\/web\/wp-json\/wp\/v2\/pages"}],"about":[{"href":"https:\/\/www.eft.ba\/web\/wp-json\/wp\/v2\/types\/page"}],"author":[{"embeddable":true,"href":"https:\/\/www.eft.ba\/web\/wp-json\/wp\/v2\/users\/1"}],"replies":[{"embeddable":true,"href":"https:\/\/www.eft.ba\/web\/wp-json\/wp\/v2\/comments?post=54891"}],"version-history":[{"count":5,"href":"https:\/\/www.eft.ba\/web\/wp-json\/wp\/v2\/pages\/54891\/revisions"}],"predecessor-version":[{"id":67660,"href":"https:\/\/www.eft.ba\/web\/wp-json\/wp\/v2\/pages\/54891\/revisions\/67660"}],"wp:attachment":[{"href":"https:\/\/www.eft.ba\/web\/wp-json\/wp\/v2\/media?parent=54891"}],"curies":[{"name":"wp","href":"https:\/\/api.w.org\/{rel}","templated":true}]}}