{"id":54890,"date":"2017-07-20T09:09:23","date_gmt":"2017-07-20T09:09:23","guid":{"rendered":"https:\/\/www.eft.ba\/web\/?page_id=54890"},"modified":"2017-07-21T13:13:49","modified_gmt":"2017-07-21T13:13:49","slug":"strucna-praksa-specijalne-namjene","status":"publish","type":"page","link":"https:\/\/www.eft.ba\/web\/strucna-praksa-specijalne-namjene\/","title":{"rendered":"Stru\u010dna praksa &#8211; Specijalne namjene"},"content":{"rendered":"<p>Prakti\u010dna nastava na studijskom smjeru Specijalne namjene provodi se kroz predmetnu prakti\u010dnu nastavu kontinuirano tokom petog i \u0161estog semestra studija.<\/p>\n<p>Tokom prakti\u010dne nastave studenti pod vodstvom predmetnih profesora i asistenata prolaze kroz obuku terenskog rada, ovladavanja borila\u010dkim vje\u0161tinama, upravljanja ljudskim resursima i pravnih okvira rada u strukturama vojske policije i za\u0161titarskih agencija.<\/p>\n<p>Po zavr\u0161etku prakti\u010dne nastave studenti sti\u010du kompetencije u svim podru\u010djima primijenjene kineziologije i za vrednovanje kineziolo\u0161kih u\u010dinaka tako programirane tjelovje\u017ebe koji se od nje o\u010dekuju u sistemima oru\u017eanih snaga, policijskih struktura i za\u0161titarskih agencija, te za upravljanje ljudskim resursima u navedenim podru\u010djima djelovanja.<\/p>\n<p>&nbsp;<\/p>\n","protected":false},"excerpt":{"rendered":"<p>Prakti\u010dna nastava na studijskom smjeru Specijalne namjene provodi se kroz predmetnu prakti\u010dnu nastavu kontinuirano tokom petog i \u0161estog semestra studija. Tokom prakti\u010dne nastave studenti pod vodstvom predmetnih profesora i asistenata prolaze kroz obuku terenskog rada, ovladavanja borila\u010dkim vje\u0161tinama, upravljanja ljudskim resursima i pravnih okvira rada u strukturama vojske policije i za\u0161titarskih agencija. Po zavr\u0161etku prakti\u010dne [&hellip;]<\/p>\n","protected":false},"author":1,"featured_media":0,"parent":0,"menu_order":0,"comment_status":"closed","ping_status":"closed","template":"","meta":{"ngg_post_thumbnail":0},"_links":{"self":[{"href":"https:\/\/www.eft.ba\/web\/wp-json\/wp\/v2\/pages\/54890"}],"collection":[{"href":"https:\/\/www.eft.ba\/web\/wp-json\/wp\/v2\/pages"}],"about":[{"href":"https:\/\/www.eft.ba\/web\/wp-json\/wp\/v2\/types\/page"}],"author":[{"embeddable":true,"href":"https:\/\/www.eft.ba\/web\/wp-json\/wp\/v2\/users\/1"}],"replies":[{"embeddable":true,"href":"https:\/\/www.eft.ba\/web\/wp-json\/wp\/v2\/comments?post=54890"}],"version-history":[{"count":3,"href":"https:\/\/www.eft.ba\/web\/wp-json\/wp\/v2\/pages\/54890\/revisions"}],"predecessor-version":[{"id":55579,"href":"https:\/\/www.eft.ba\/web\/wp-json\/wp\/v2\/pages\/54890\/revisions\/55579"}],"wp:attachment":[{"href":"https:\/\/www.eft.ba\/web\/wp-json\/wp\/v2\/media?parent=54890"}],"curies":[{"name":"wp","href":"https:\/\/api.w.org\/{rel}","templated":true}]}}