{"id":54889,"date":"2017-07-20T09:09:14","date_gmt":"2017-07-20T09:09:14","guid":{"rendered":"https:\/\/www.eft.ba\/web\/?page_id=54889"},"modified":"2017-07-21T13:09:48","modified_gmt":"2017-07-21T13:09:48","slug":"strucna-praksa-sportski-menadzment","status":"publish","type":"page","link":"https:\/\/www.eft.ba\/web\/strucna-praksa-sportski-menadzment\/","title":{"rendered":"Stru\u010dna praksa &#8211; Sportski menad\u017ement"},"content":{"rendered":"<p>Prakti\u010dna nastava na studijskom smjeru Sportski menad\u017ement odvija se kontinuirano tokom petog i \u0161estog semestra studija. Studenti obavljaju praksu u sportskim klubovima, savezima i organizacijama, institucijama \u010dija je sport primarna ili sekundarna djelatnost te sportsko-rekreacionim centrima sa kojima fakultet ima potpisane ugovore o saradnji.<\/p>\n<p>Predmet prakti\u010dne nastave na studijskom smjeru Sportski menad\u017ement su metode i oblici vo\u0111enja i upravljanja u sportskim organizacijama, upravljanje ljudskim resursima, sportskim objektima i manifestacijama.<\/p>\n<p>Nastava se odvija pod vodstvom mentora uz nadzor predmetnih profesora i asistenata.<\/p>\n<p>&nbsp;<\/p>\n<p>&nbsp;<\/p>\n","protected":false},"excerpt":{"rendered":"<p>Prakti\u010dna nastava na studijskom smjeru Sportski menad\u017ement odvija se kontinuirano tokom petog i \u0161estog semestra studija. Studenti obavljaju praksu u sportskim klubovima, savezima i organizacijama, institucijama \u010dija je sport primarna ili sekundarna djelatnost te sportsko-rekreacionim centrima sa kojima fakultet ima potpisane ugovore o saradnji. Predmet prakti\u010dne nastave na studijskom smjeru Sportski menad\u017ement su metode i [&hellip;]<\/p>\n","protected":false},"author":1,"featured_media":0,"parent":0,"menu_order":0,"comment_status":"closed","ping_status":"closed","template":"","meta":{"ngg_post_thumbnail":0},"_links":{"self":[{"href":"https:\/\/www.eft.ba\/web\/wp-json\/wp\/v2\/pages\/54889"}],"collection":[{"href":"https:\/\/www.eft.ba\/web\/wp-json\/wp\/v2\/pages"}],"about":[{"href":"https:\/\/www.eft.ba\/web\/wp-json\/wp\/v2\/types\/page"}],"author":[{"embeddable":true,"href":"https:\/\/www.eft.ba\/web\/wp-json\/wp\/v2\/users\/1"}],"replies":[{"embeddable":true,"href":"https:\/\/www.eft.ba\/web\/wp-json\/wp\/v2\/comments?post=54889"}],"version-history":[{"count":3,"href":"https:\/\/www.eft.ba\/web\/wp-json\/wp\/v2\/pages\/54889\/revisions"}],"predecessor-version":[{"id":55577,"href":"https:\/\/www.eft.ba\/web\/wp-json\/wp\/v2\/pages\/54889\/revisions\/55577"}],"wp:attachment":[{"href":"https:\/\/www.eft.ba\/web\/wp-json\/wp\/v2\/media?parent=54889"}],"curies":[{"name":"wp","href":"https:\/\/api.w.org\/{rel}","templated":true}]}}