{"id":54803,"date":"2017-07-20T07:47:48","date_gmt":"2017-07-20T07:47:48","guid":{"rendered":"https:\/\/www.eft.ba\/web\/?page_id=54803"},"modified":"2021-06-17T11:53:05","modified_gmt":"2021-06-17T11:53:05","slug":"promo-sportski-menadzment","status":"publish","type":"page","link":"https:\/\/www.eft.ba\/web\/promo-sportski-menadzment\/","title":{"rendered":"PROMO &#8211; Sportski menad\u017ement"},"content":{"rendered":"<div class=\"wpb-content-wrapper\"><p>[vc_row][vc_column][vc_tta_tabs][vc_tta_section title=&#8221;PROMO Letak&#8221; tab_id=&#8221;1500536525714-ccdc3294-daf26a80-87ae&#8221;][vc_single_image image=&#8221;67565&#8221; img_size=&#8221;full&#8221;][\/vc_tta_section][vc_tta_section title=&#8221;PROMO Video&#8221; tab_id=&#8221;1500536525777-04985de6-44926a80-87ae&#8221;][vc_column_text]<a href=\"https:\/\/youtu.be\/Jd6Aa5a43P4\">https:\/\/youtu.be\/Jd6Aa5a43P4<\/a>[\/vc_column_text][\/vc_tta_section][vc_tta_section title=&#8221;PROMO Galerija&#8221; tab_id=&#8221;1500536579721-47119049-aec66a80-87ae&#8221;][vc_column_text]<\/p>\nngg_shortcode_0_placeholder\n<p>&nbsp;[\/vc_column_text][\/vc_tta_section][vc_tta_section title=&#8221;Uspje\u0161ni studenti&#8221; tab_id=&#8221;1500536603451-59f56ec8-00cb6a80-87ae&#8221;][vc_column_text]<\/p>\n<p style=\"text-align: center;\"><strong>Mirza Teletovi\u0107<\/strong><\/p>\n<p style=\"text-align: center;\"><img class=\"alignnone size-medium wp-image-55185\" src=\"https:\/\/www.eft.ba\/web\/wp-content\/uploads\/2017\/07\/teletovic-u-bucksima-300x186.jpg\" alt=\"\" width=\"300\" height=\"186\" srcset=\"https:\/\/www.eft.ba\/web\/wp-content\/uploads\/2017\/07\/teletovic-u-bucksima-200x124.jpg 200w, https:\/\/www.eft.ba\/web\/wp-content\/uploads\/2017\/07\/teletovic-u-bucksima-300x186.jpg 300w, https:\/\/www.eft.ba\/web\/wp-content\/uploads\/2017\/07\/teletovic-u-bucksima-400x248.jpg 400w, https:\/\/www.eft.ba\/web\/wp-content\/uploads\/2017\/07\/teletovic-u-bucksima-600x373.jpg 600w, https:\/\/www.eft.ba\/web\/wp-content\/uploads\/2017\/07\/teletovic-u-bucksima.jpg 718w\" sizes=\"(max-width: 300px) 100vw, 300px\" \/><\/p>\n<p style=\"text-align: center;\">Reprezentativac BiH u ko\u0161arci i \u010dlan NBA tima Milwaukee Bucks. Zavr\u0161io dodiplomski studij sportskog menad\u017ementa.<\/p>\n<p style=\"text-align: center;\"><strong>Kenan Bajramovi\u0107<\/strong><\/p>\n<p style=\"text-align: center;\"><img class=\"alignnone size-medium wp-image-55182\" src=\"https:\/\/www.eft.ba\/web\/wp-content\/uploads\/2017\/07\/Kenan_Bajramovi\u0107-178x300.jpg\" alt=\"\" width=\"178\" height=\"300\" srcset=\"https:\/\/www.eft.ba\/web\/wp-content\/uploads\/2017\/07\/Kenan_Bajramovi\u0107-178x300.jpg 178w, https:\/\/www.eft.ba\/web\/wp-content\/uploads\/2017\/07\/Kenan_Bajramovi\u0107-200x337.jpg 200w, https:\/\/www.eft.ba\/web\/wp-content\/uploads\/2017\/07\/Kenan_Bajramovi\u0107.jpg 220w\" sizes=\"(max-width: 178px) 100vw, 178px\" \/><\/p>\n<p style=\"text-align: center;\">Biv\u0161i repreprezentativac BiH u ko\u0161arci. Igrao za veliki broj poznatih evropskih klubova, trenutno je \u010dlan turkog tima Socar Petkim. Zavr\u0161io dodiplomski studij sportskog menad\u017ementa.<\/p>\n<p style=\"text-align: center;\"><strong>Edin Vi\u0161\u0107a<\/strong><\/p>\n<p style=\"text-align: center;\"><img class=\"alignnone size-medium wp-image-55186\" src=\"https:\/\/www.eft.ba\/web\/wp-content\/uploads\/2017\/07\/vi\u0161\u0107a-255x300.jpg\" alt=\"\" width=\"255\" height=\"300\" srcset=\"https:\/\/www.eft.ba\/web\/wp-content\/uploads\/2017\/07\/vi\u0161\u0107a-200x235.jpg 200w, https:\/\/www.eft.ba\/web\/wp-content\/uploads\/2017\/07\/vi\u0161\u0107a-255x300.jpg 255w, https:\/\/www.eft.ba\/web\/wp-content\/uploads\/2017\/07\/vi\u0161\u0107a-400x470.jpg 400w, https:\/\/www.eft.ba\/web\/wp-content\/uploads\/2017\/07\/vi\u0161\u0107a.jpg 500w\" sizes=\"(max-width: 255px) 100vw, 255px\" \/><\/p>\n<p style=\"text-align: center;\">Nogometni reprezentativac BiH. Trenutno nastupa za ekipu Istanbul Beledyesi. Zavr\u0161io dodiplomski studij sportskog menad\u017ementa<\/p>\n<p style=\"text-align: center;\"><strong>Igor Laikert<\/strong><\/p>\n<p style=\"text-align: center;\"><img class=\"alignnone size-medium wp-image-55181\" src=\"https:\/\/www.eft.ba\/web\/wp-content\/uploads\/2017\/07\/igor-laikert-214x300.jpg\" alt=\"\" width=\"214\" height=\"300\" srcset=\"https:\/\/www.eft.ba\/web\/wp-content\/uploads\/2017\/07\/igor-laikert-200x280.jpg 200w, https:\/\/www.eft.ba\/web\/wp-content\/uploads\/2017\/07\/igor-laikert-214x300.jpg 214w, https:\/\/www.eft.ba\/web\/wp-content\/uploads\/2017\/07\/igor-laikert-400x561.jpg 400w, https:\/\/www.eft.ba\/web\/wp-content\/uploads\/2017\/07\/igor-laikert-600x841.jpg 600w, https:\/\/www.eft.ba\/web\/wp-content\/uploads\/2017\/07\/igor-laikert-730x1024.jpg 730w, https:\/\/www.eft.ba\/web\/wp-content\/uploads\/2017\/07\/igor-laikert-768x1077.jpg 768w, https:\/\/www.eft.ba\/web\/wp-content\/uploads\/2017\/07\/igor-laikert-800x1122.jpg 800w, https:\/\/www.eft.ba\/web\/wp-content\/uploads\/2017\/07\/igor-laikert.jpg 938w\" sizes=\"(max-width: 214px) 100vw, 214px\" \/><\/p>\n<p style=\"text-align: center;\">Najbolji bh alpski skija\u0161. U\u010desnik ZOI, trenutno se takmi\u010di u svjetskom kupu. Student dodiplomskog studija sportskog menad\u017ementa.<\/p>\n<p>[\/vc_column_text][\/vc_tta_section][vc_tta_section title=&#8221;Za\u0161to upisati&#8221; tab_id=&#8221;1500536612597-d27a4aec-4fbe6a80-87ae&#8221;][vc_column_text]Menad\u017eer u sportu u posljednjoj deceniji postalo je na globalnom nivou jedno od najpresti\u017enijih i najpoznatijih zanimanja. Rapidan napredak sporta stvorio je potrebu za osobama koje \u0107e upravljati procesima u sportu. Interdisciplinarni pristup sportu isprofilirao je menad\u017eere u sportu kao jedino kompetentno zanimanje za upravljanje u strukturama sporta.<\/p>\n<p>Studijski program Sportski menad\u017ement koncipiran je tako da budu\u0107im menad\u017eerima u sportu, pored znanja iz sporta, osigurava znanja i iz razli\u010ditih nau\u010dnih oblasti koje su usko povezane uz sport kao \u0161to su medicina, menad\u017ement ili pravo.<\/p>\n<p>Studiranje na ovom studijskom programu veoma je atraktivno za studente, prvenstveno zbog velikog broja prakti\u010dnih aktivnosti, koje su nadgradnja recentnim teorijskim znanjima, ali i atraktivnosti samog zanimanja na lokalnom ali i globalnom nivou.<\/p>\n<p>Menad\u017eeri u sportu educirani na Edukacijskom fakultetu postaju kvalificirani za uspje\u0161no obavljanje poslova menad\u017eera u sportu, poslova u upravlja\u010dkim strukturama sportskih organizacija te drugim institucijama i organizacijama kojima je sport primarna ili sekundarna djelatnost, kreiranju sportskih programa, upravljanju sportskim manifestacijama, objektima, klubovima, institucijama, te ljudskim resursima u sportu.<\/p>\n<p>Na tr\u017ei\u0161tu rada, ovo zanimanje je veoma atraktivno, budu\u0107i da je hroni\u010dan nedostatak kadrova koji mogu uspje\u0161no upravljati procesima u sportu, \u0161to se u kona\u010dnici reflektira i na na\u0161e uspjehe u ovoj dru\u0161tvenoj oblasti. Menad\u017eeri u sportu imaju mogu\u0107nost zapo\u0161ljavanja u sportskim klubovima, dr\u017eavnim institucijama koje upravljaju sportom, sportskim savezima, organizacijama, sportsko-rekreacionim centrima, multifunkcionalnim sportskim objektima, turisti\u010dkim centrima, te u turisti\u010dkim objektima kao koordinatori sportskih aktivnosti.<\/p>\n<p>Prednosti studiranja na Edukacijskom fakultetu:<\/p>\n<ul>\n<li>Nastavni proces na Edukacijskom fakultetu provode najugledniji i najpriznatiji bosanskohercegova\u010dki i me\u0111unarodni znanstvenici!<\/li>\n<li>Profesori i asistenti na Edukacijskom fakultetu dostupni su studentima za konsultacije i pomo\u0107 u radu 24 sata tokom svih 7 dana u sedmici.<\/li>\n<li>Studentska slu\u017eba Edukacijskog fakulteta dostupna je studentima za kontakt i informacije 24 sata tokom svih 7 dana u sedmici.<\/li>\n<li>Nastavni proces na Edukacijskom fakultetu odvija se u moderno dizajniranom i ure\u0111enom ambijentu prilago\u0111enom savremenim trendovima studiranja!<\/li>\n<li>Prakti\u010dna nastava na Edukacijskom fakultetu odvija i u specijaliziranim sportskim kampovima i trening centrima zemlji i inozemstvu&nbsp;<\/li>\n<li>Nastavni proces na Edukacijskom fakultetu popra\u0107en je najsavremenijom nastavnom opremom i u\u010dilima!<\/li>\n<li>Nastavu na Edukacijskom fakultetu mogu\u0107e je pratiti i aktivno sudjelovati putem sistema za u\u010denje na daljinu \u2013 Studentskog informacijskog servisa!<\/li>\n<li>Edukacijski fakultet ostvaruje posebne programe i projekte razmjene studenata i nastavnika sa mnogim doma\u0107im i inozemnim fakultetima!<\/li>\n<li>Najboljim u\u010denicima Edukacijski fakultet pru\u017ea posebne mogu\u0107nosti za ostvarivanje prava na popust pri upisu studija!<\/li>\n<\/ul>\n<p>[\/vc_column_text][\/vc_tta_section][\/vc_tta_tabs][\/vc_column][\/vc_row]<\/p>\n<\/div>","protected":false},"excerpt":{"rendered":"<p>[vc_row][vc_column][vc_tta_tabs][vc_tta_section title=&#8221;PROMO Letak&#8221; tab_id=&#8221;1500536525714-ccdc3294-daf26a80-87ae&#8221;][vc_single_image image=&#8221;67565&#8221; img_size=&#8221;full&#8221;][\/vc_tta_section][vc_tta_section title=&#8221;PROMO Video&#8221; tab_id=&#8221;1500536525777-04985de6-44926a80-87ae&#8221;][vc_column_text]https:\/\/youtu.be\/Jd6Aa5a43P4[\/vc_column_text][\/vc_tta_section][vc_tta_section title=&#8221;PROMO Galerija&#8221; tab_id=&#8221;1500536579721-47119049-aec66a80-87ae&#8221;][vc_column_text] &#8221; template=&#8221;default&#8221; order_by=&#8221;sortorder&#8221; order_direction=&#8221;ASC&#8221; returns=&#8221;included&#8221; maximum_entity_count=&#8221;500&#8221;] &nbsp;[\/vc_column_text][\/vc_tta_section][vc_tta_section title=&#8221;Uspje\u0161ni studenti&#8221; tab_id=&#8221;1500536603451-59f56ec8-00cb6a80-87ae&#8221;][vc_column_text] Mirza Teletovi\u0107 Reprezentativac BiH u ko\u0161arci i \u010dlan NBA tima Milwaukee Bucks. Zavr\u0161io dodiplomski studij sportskog menad\u017ementa. Kenan Bajramovi\u0107 Biv\u0161i repreprezentativac BiH u ko\u0161arci. Igrao za veliki broj poznatih evropskih klubova, trenutno je [&hellip;]<\/p>\n","protected":false},"author":1,"featured_media":0,"parent":0,"menu_order":0,"comment_status":"closed","ping_status":"closed","template":"","meta":{"ngg_post_thumbnail":0},"_links":{"self":[{"href":"https:\/\/www.eft.ba\/web\/wp-json\/wp\/v2\/pages\/54803"}],"collection":[{"href":"https:\/\/www.eft.ba\/web\/wp-json\/wp\/v2\/pages"}],"about":[{"href":"https:\/\/www.eft.ba\/web\/wp-json\/wp\/v2\/types\/page"}],"author":[{"embeddable":true,"href":"https:\/\/www.eft.ba\/web\/wp-json\/wp\/v2\/users\/1"}],"replies":[{"embeddable":true,"href":"https:\/\/www.eft.ba\/web\/wp-json\/wp\/v2\/comments?post=54803"}],"version-history":[{"count":14,"href":"https:\/\/www.eft.ba\/web\/wp-json\/wp\/v2\/pages\/54803\/revisions"}],"predecessor-version":[{"id":67610,"href":"https:\/\/www.eft.ba\/web\/wp-json\/wp\/v2\/pages\/54803\/revisions\/67610"}],"wp:attachment":[{"href":"https:\/\/www.eft.ba\/web\/wp-json\/wp\/v2\/media?parent=54803"}],"curies":[{"name":"wp","href":"https:\/\/api.w.org\/{rel}","templated":true}]}}