{"id":54796,"date":"2017-07-20T07:46:36","date_gmt":"2017-07-20T07:46:36","guid":{"rendered":"https:\/\/www.eft.ba\/web\/?page_id=54796"},"modified":"2021-07-01T10:00:45","modified_gmt":"2021-07-01T10:00:45","slug":"promo-matematika-informatika","status":"publish","type":"page","link":"https:\/\/www.eft.ba\/web\/promo-matematika-informatika\/","title":{"rendered":"PROMO &#8211; Matematika i informatika"},"content":{"rendered":"<div class=\"wpb-content-wrapper\"><p>[vc_row][vc_column][vc_tta_tabs][vc_tta_section title=&#8221;PROMO Letak&#8221; tab_id=&#8221;1500536525714-ccdc3294-daf28d2b-8143&#8221;][vc_single_image image=&#8221;67616&#8221; img_size=&#8221;full&#8221;][\/vc_tta_section][vc_tta_section title=&#8221;PROMO Video&#8221; tab_id=&#8221;1500536525777-04985de6-44928d2b-8143&#8221;][vc_video link=&#8221;https:\/\/www.youtube.com\/watch?v=yxc17d53txw&#8221;][\/vc_tta_section][vc_tta_section title=&#8221;PROMO Galerija&#8221; tab_id=&#8221;1500536579721-47119049-aec68d2b-8143&#8221;][vc_column_text]<\/p>\nngg_shortcode_0_placeholder\n<p>[\/vc_column_text][\/vc_tta_section][vc_tta_section title=&#8221;Uspje\u0161ni studenti&#8221; tab_id=&#8221;1500536603451-59f56ec8-00cb8d2b-8143&#8221;][\/vc_tta_section][vc_tta_section title=&#8221;Za\u0161to upisati&#8221; tab_id=&#8221;1500536612597-d27a4aec-4fbe8d2b-8143&#8221;][vc_column_text]<strong>ZA\u0160TO STUDIRATI NA EDUKACIJSKOM FAKULTETU?<\/strong><\/p>\n<ul>\n<li>Univerzitet u Travniku (Edukacijski fakultet) prvi je privatni Univerzitet koji je glavni nosilac projekta TEACHER u okviru Erasmus + programa;<\/li>\n<li>Nastavni proces na Edukacijskom fakultetu provode najugledniji i najpriznatiji bosanskohercegova\u010dki i me\u0111unarodni znanstvenici;<\/li>\n<li>Profesori i asistenti na Edukacijskom fakultetu dostupni su studentima za konsultacije i pomo\u0107 u radu &nbsp;svih 7 dana u sedmici;<\/li>\n<li>Studentska slu\u017eba Edukacijskog fakulteta dostupna je studentima za kontakt i informacije svih 7 dana u sedmici;<\/li>\n<li>Nastavni proces na Edukacijskom fakultetu odvija se u moderno dizajniranom i ure\u0111enom ambijentu prilago\u0111enom savremenim trendovima studiranja;<\/li>\n<li>Prakti\u010dna nastava na Edukacijskom fakultetu odvija se u odabranim &nbsp;ustanovama na podru\u010dju cijele BiH sa kojima Fakultet ima potpisanu saradnju;<\/li>\n<li>Nastavni proces na Edukacijskom fakultetu popra\u0107en je najsavremenijom nastavnom opremom i u\u010dilima;<\/li>\n<li>Nastavu na Edukacijskom fakultetu mogu\u0107e je pratiti i aktivno sudjelovati putem sistema za u\u010denje na daljinu \u2013Studentskog informacijskog servisa;<\/li>\n<li>Edukacijski fakultet ostvaruje posebne programe i projekte razmjene studenata i nastavnika sa mnogim doma\u0107im i inozemnim fakultetima;<\/li>\n<li>Najboljim u\u010denicima Edukacijski fakultet pru\u017ea posebne mogu\u0107nosti za ostvarivanje prava na popust pri upisu studija;<\/li>\n<li>Najboljim studentima Edukacijski fakultet pru\u017ea posebne mogu\u0107nosti za ostvarivanje prava na dodatni popust pri pla\u0107anju \u0161kolarine;<\/li>\n<li>Najboljim studentima Edukacijski fakultet pru\u017ea posebne mogu\u0107nosti za ostvarivanje profesionalne akademske karijere u visokom obrazovanju;<\/li>\n<li>Nastavnici i studenti Edukacijskog fakulteta nosioci su svekolikih aktivnosti u javnom, sportskom i kulturnom \u017eivotu grada Travnika i Srednjobosanskog kantona;<\/li>\n<li>Asocijacija studenata Edukacijskog fakulteta \u2013 ASEF svojim \u010dlanovima pru\u017ea dodatne mogu\u0107nosti za unapre\u0111enje znanja i kompetencija;<\/li>\n<li>Studenti Edukacijskog fakulteta nosioci su svekolikih aktivnosti na fakultetu \u2013 &nbsp;organiziranje tribina, skupova, dru\u017eenja;<\/li>\n<li>Alumini asocijacija Edukacijskog fakulteta aktivno djeluje na pru\u017eanju pomo\u0107i u usavr\u0161avanju i pobolj\u0161avanju polo\u017eaja biv\u0161ih i sada\u0161njih studenata;&nbsp;<\/li>\n<\/ul>\n<p>&nbsp;<\/p>\n<p>&nbsp;[\/vc_column_text][\/vc_tta_section][\/vc_tta_tabs][\/vc_column][\/vc_row]<\/p>\n<\/div>","protected":false},"excerpt":{"rendered":"<p>[vc_row][vc_column][vc_tta_tabs][vc_tta_section title=&#8221;PROMO Letak&#8221; tab_id=&#8221;1500536525714-ccdc3294-daf28d2b-8143&#8221;][vc_single_image image=&#8221;67616&#8221; img_size=&#8221;full&#8221;][\/vc_tta_section][vc_tta_section title=&#8221;PROMO Video&#8221; tab_id=&#8221;1500536525777-04985de6-44928d2b-8143&#8221;][vc_video link=&#8221;https:\/\/www.youtube.com\/watch?v=yxc17d53txw&#8221;][\/vc_tta_section][vc_tta_section title=&#8221;PROMO Galerija&#8221; tab_id=&#8221;1500536579721-47119049-aec68d2b-8143&#8221;][vc_column_text] &#8221; template=&#8221;default&#8221; order_by=&#8221;sortorder&#8221; order_direction=&#8221;ASC&#8221; returns=&#8221;included&#8221; maximum_entity_count=&#8221;500&#8221;] [\/vc_column_text][\/vc_tta_section][vc_tta_section title=&#8221;Uspje\u0161ni studenti&#8221; tab_id=&#8221;1500536603451-59f56ec8-00cb8d2b-8143&#8221;][\/vc_tta_section][vc_tta_section title=&#8221;Za\u0161to upisati&#8221; tab_id=&#8221;1500536612597-d27a4aec-4fbe8d2b-8143&#8221;][vc_column_text]ZA\u0160TO STUDIRATI NA EDUKACIJSKOM FAKULTETU? Univerzitet u Travniku (Edukacijski fakultet) prvi je privatni Univerzitet koji je glavni nosilac projekta TEACHER u okviru Erasmus + programa; Nastavni proces na Edukacijskom fakultetu [&hellip;]<\/p>\n","protected":false},"author":1,"featured_media":0,"parent":0,"menu_order":0,"comment_status":"closed","ping_status":"closed","template":"","meta":{"ngg_post_thumbnail":0},"_links":{"self":[{"href":"https:\/\/www.eft.ba\/web\/wp-json\/wp\/v2\/pages\/54796"}],"collection":[{"href":"https:\/\/www.eft.ba\/web\/wp-json\/wp\/v2\/pages"}],"about":[{"href":"https:\/\/www.eft.ba\/web\/wp-json\/wp\/v2\/types\/page"}],"author":[{"embeddable":true,"href":"https:\/\/www.eft.ba\/web\/wp-json\/wp\/v2\/users\/1"}],"replies":[{"embeddable":true,"href":"https:\/\/www.eft.ba\/web\/wp-json\/wp\/v2\/comments?post=54796"}],"version-history":[{"count":10,"href":"https:\/\/www.eft.ba\/web\/wp-json\/wp\/v2\/pages\/54796\/revisions"}],"predecessor-version":[{"id":67661,"href":"https:\/\/www.eft.ba\/web\/wp-json\/wp\/v2\/pages\/54796\/revisions\/67661"}],"wp:attachment":[{"href":"https:\/\/www.eft.ba\/web\/wp-json\/wp\/v2\/media?parent=54796"}],"curies":[{"name":"wp","href":"https:\/\/api.w.org\/{rel}","templated":true}]}}