{"id":54794,"date":"2017-07-20T07:45:58","date_gmt":"2017-07-20T07:45:58","guid":{"rendered":"https:\/\/www.eft.ba\/web\/?page_id=54794"},"modified":"2021-06-17T11:45:42","modified_gmt":"2021-06-17T11:45:42","slug":"promo-pedagogija-psihologija","status":"publish","type":"page","link":"https:\/\/www.eft.ba\/web\/promo-pedagogija-psihologija\/","title":{"rendered":"PROMO &#8211; Pedagogija i psihologija"},"content":{"rendered":"<div class=\"wpb-content-wrapper\"><p>[vc_row][vc_column][vc_tta_tabs][vc_tta_section title=&#8221;PROMO Letak&#8221; tab_id=&#8221;1500536525714-ccdc3294-daf25ef4-8c68&#8221;][vc_single_image image=&#8221;67573&#8221; img_size=&#8221;full&#8221; alignment=&#8221;center&#8221;][\/vc_tta_section][vc_tta_section title=&#8221;PROMO Video&#8221; tab_id=&#8221;1500536525777-04985de6-44925ef4-8c68&#8221;][vc_video link=&#8221;https:\/\/www.youtube.com\/watch?v=yxc17d53txw&#8221;][\/vc_tta_section][vc_tta_section title=&#8221;PROMO Galerija&#8221; tab_id=&#8221;1500536579721-47119049-aec65ef4-8c68&#8221;][vc_column_text]<\/p>\nngg_shortcode_0_placeholder\n<p>&nbsp;[\/vc_column_text][\/vc_tta_section][vc_tta_section title=&#8221;Uspje\u0161ni studenti&#8221; tab_id=&#8221;1500536603451-59f56ec8-00cb5ef4-8c68&#8221;][\/vc_tta_section][vc_tta_section title=&#8221;Za\u0161to upisati&#8221; tab_id=&#8221;1500536612597-d27a4aec-4fbe5ef4-8c68&#8221;][vc_column_text]<strong>ZA\u0160TO UPISATI STUDIJ PEDAGOGIJE I PSIHOLOGIJE?<\/strong><\/p>\n<p>Studijski program pedagogije i psihologije na Edukacijskom fakultetu nastao je kao rezultat potreba odgojno \u2013 obrazovnog sistema za kompetentnim stru\u010dnjacima koji \u0107e znati djelotvorno rje\u0161avati stru\u010dne probleme na temelju profesionalnih znanja u svrhu podizanja kvalitete \u017eivota kako pojedinca tako i dru\u0161tva u cjelini.<\/p>\n<p>Spoj teorijske i inovativne prakti\u010dne nastave kreira pedagoge i psihologe savremenog profila. Studente osposobljava da organizuju i vode razli\u010dite programe iz oblasti odgoja i obrazovanja, socijalne i zdravstvene za\u0161tite kao i planiranju i realizaciji razli\u010ditih oblika savjetodavnog individualnog i grupnog rada.<\/p>\n<p>Specifi\u010dnost dvopredmetnog studija pru\u017ea \u0161irok spektar djelovanja i zaposlenja u okviru odgojno-obrazovnih, industrijskih, sportskih, socijalnih, javnih i privatnih slu\u017ebi.<\/p>\n<p>U profesionalnom pogledu posao pedagoga i psihologa dosta je samostalan bez ve\u0107eg mje\u0161anja nadre\u0111enih \u0161to ovaj studijski smjer \u010dini jo\u0161 atraktivnijim.<\/p>\n<p><strong>ZA\u0160TO STUDIRATI NA EDUKACIJSKOM FAKULTETU?<\/strong><\/p>\n<ul>\n<li>Univerzitet u Travniku (Edukacijski fakultet) prvi je privatni Univerzitet koji je glavni nosilac projekta TEACHER u okviru Erasmus + programa;<\/li>\n<li>Nastavni proces na Edukacijskom fakultetu provode najugledniji i najpriznatiji bosanskohercegova\u010dki i me\u0111unarodni znanstvenici;<\/li>\n<li>Profesori i asistenti na Edukacijskom fakultetu dostupni su studentima za konsultacije i pomo\u0107 u radu &nbsp;svih 7 dana u sedmici;<\/li>\n<li>Studentska slu\u017eba Edukacijskog fakulteta dostupna je studentima za kontakt i informacije svih 7 dana u sedmici;<\/li>\n<li>Nastavni proces na Edukacijskom fakultetu odvija se u moderno dizajniranom i ure\u0111enom ambijentu prilago\u0111enom savremenim trendovima studiranja;<\/li>\n<li>Prakti\u010dna nastava na Edukacijskom fakultetu odvija se u odabranim &nbsp;ustanovama na podru\u010dju cijele BiH sa kojima Fakultet ima potpisanu saradnju;<\/li>\n<li>Nastavni proces na Edukacijskom fakultetu popra\u0107en je najsavremenijom nastavnom opremom i u\u010dilima;<\/li>\n<li>Nastavu na Edukacijskom fakultetu mogu\u0107e je pratiti i aktivno sudjelovati putem sistema za u\u010denje na daljinu \u2013Studentskog informacijskog servisa;<\/li>\n<li>Edukacijski fakultet ostvaruje posebne programe i projekte razmjene studenata i nastavnika sa mnogim doma\u0107im i inozemnim fakultetima;<\/li>\n<li>Najboljim u\u010denicima Edukacijski fakultet pru\u017ea posebne mogu\u0107nosti za ostvarivanje prava na popust pri upisu studija;<\/li>\n<li>Najboljim studentima Edukacijski fakultet pru\u017ea posebne mogu\u0107nosti za ostvarivanje prava na dodatni popust pri pla\u0107anju \u0161kolarine;<\/li>\n<li>Najboljim studentima Edukacijski fakultet pru\u017ea posebne mogu\u0107nosti za ostvarivanje profesionalne akademske karijere u visokom obrazovanju;<\/li>\n<li>Nastavnici i studenti Edukacijskog fakulteta nosioci su svekolikih aktivnosti u javnom, sportskom i kulturnom \u017eivotu grada Travnika i Srednjobosanskog kantona;<\/li>\n<li>Asocijacija studenata Edukacijskog fakulteta \u2013 ASEF svojim \u010dlanovima pru\u017ea dodatne mogu\u0107nosti za unapre\u0111enje znanja i kompetencija;<\/li>\n<li>Studenti Edukacijskog fakulteta nosioci su svekolikih aktivnosti na fakultetu \u2013 &nbsp;organiziranje tribina, skupova, dru\u017eenja;<\/li>\n<li>Alumini asocijacija Edukacijskog fakulteta aktivno djeluje na pru\u017eanju pomo\u0107i u usavr\u0161avanju i pobolj\u0161avanju polo\u017eaja biv\u0161ih i sada\u0161njih studenata;&nbsp;<\/li>\n<li style=\"list-style-type: none;\">&nbsp;<\/li>\n<li style=\"list-style-type: none;\"><em style=\"text-align: center;\"><strong>MI SMO OPREDIJELJENI ZA IZVRSNOST, A VI?<\/strong><\/em><\/li>\n<\/ul>\n<p>[\/vc_column_text][\/vc_tta_section][\/vc_tta_tabs][\/vc_column][\/vc_row]<\/p>\n<\/div>","protected":false},"excerpt":{"rendered":"<p>[vc_row][vc_column][vc_tta_tabs][vc_tta_section title=&#8221;PROMO Letak&#8221; tab_id=&#8221;1500536525714-ccdc3294-daf25ef4-8c68&#8221;][vc_single_image image=&#8221;67573&#8221; img_size=&#8221;full&#8221; alignment=&#8221;center&#8221;][\/vc_tta_section][vc_tta_section title=&#8221;PROMO Video&#8221; tab_id=&#8221;1500536525777-04985de6-44925ef4-8c68&#8221;][vc_video link=&#8221;https:\/\/www.youtube.com\/watch?v=yxc17d53txw&#8221;][\/vc_tta_section][vc_tta_section title=&#8221;PROMO Galerija&#8221; tab_id=&#8221;1500536579721-47119049-aec65ef4-8c68&#8221;][vc_column_text] &#8221; template=&#8221;default&#8221; order_by=&#8221;sortorder&#8221; order_direction=&#8221;ASC&#8221; returns=&#8221;included&#8221; maximum_entity_count=&#8221;500&#8221;] &nbsp;[\/vc_column_text][\/vc_tta_section][vc_tta_section title=&#8221;Uspje\u0161ni studenti&#8221; tab_id=&#8221;1500536603451-59f56ec8-00cb5ef4-8c68&#8221;][\/vc_tta_section][vc_tta_section title=&#8221;Za\u0161to upisati&#8221; tab_id=&#8221;1500536612597-d27a4aec-4fbe5ef4-8c68&#8221;][vc_column_text]ZA\u0160TO UPISATI STUDIJ PEDAGOGIJE I PSIHOLOGIJE? Studijski program pedagogije i psihologije na Edukacijskom fakultetu nastao je kao rezultat potreba odgojno \u2013 obrazovnog sistema za kompetentnim stru\u010dnjacima koji \u0107e znati [&hellip;]<\/p>\n","protected":false},"author":1,"featured_media":0,"parent":0,"menu_order":0,"comment_status":"closed","ping_status":"closed","template":"","meta":{"ngg_post_thumbnail":0},"_links":{"self":[{"href":"https:\/\/www.eft.ba\/web\/wp-json\/wp\/v2\/pages\/54794"}],"collection":[{"href":"https:\/\/www.eft.ba\/web\/wp-json\/wp\/v2\/pages"}],"about":[{"href":"https:\/\/www.eft.ba\/web\/wp-json\/wp\/v2\/types\/page"}],"author":[{"embeddable":true,"href":"https:\/\/www.eft.ba\/web\/wp-json\/wp\/v2\/users\/1"}],"replies":[{"embeddable":true,"href":"https:\/\/www.eft.ba\/web\/wp-json\/wp\/v2\/comments?post=54794"}],"version-history":[{"count":19,"href":"https:\/\/www.eft.ba\/web\/wp-json\/wp\/v2\/pages\/54794\/revisions"}],"predecessor-version":[{"id":67605,"href":"https:\/\/www.eft.ba\/web\/wp-json\/wp\/v2\/pages\/54794\/revisions\/67605"}],"wp:attachment":[{"href":"https:\/\/www.eft.ba\/web\/wp-json\/wp\/v2\/media?parent=54794"}],"curies":[{"name":"wp","href":"https:\/\/api.w.org\/{rel}","templated":true}]}}