{"id":54787,"date":"2017-07-20T07:44:15","date_gmt":"2017-07-20T07:44:15","guid":{"rendered":"https:\/\/www.eft.ba\/web\/?page_id=54787"},"modified":"2021-06-17T11:39:58","modified_gmt":"2021-06-17T11:39:58","slug":"promo-predskolski-odgoj","status":"publish","type":"page","link":"https:\/\/www.eft.ba\/web\/promo-predskolski-odgoj\/","title":{"rendered":"PROMO &#8211; Pred\u0161kolski odgoj"},"content":{"rendered":"<div class=\"wpb-content-wrapper\"><p>[vc_row][vc_column][vc_tta_tabs][vc_tta_section title=&#8221;PROMO Letak&#8221; tab_id=&#8221;1500536525714-ccdc3294-daf2&#8221;][vc_single_image image=&#8221;67557&#8221; img_size=&#8221;full&#8221; alignment=&#8221;center&#8221;][\/vc_tta_section][vc_tta_section title=&#8221;PROMO Video&#8221; tab_id=&#8221;1500536525777-04985de6-4492&#8221;][vc_video link=&#8221;https:\/\/www.youtube.com\/watch?v=yxc17d53txw&#8221;][\/vc_tta_section][vc_tta_section title=&#8221;PROMO Galerija&#8221; tab_id=&#8221;1500536579721-47119049-aec6&#8221;][vc_column_text]<\/p>\nngg_shortcode_0_placeholder\n<p>[\/vc_column_text][\/vc_tta_section][vc_tta_section title=&#8221;Uspje\u0161ni studenti&#8221; tab_id=&#8221;1500536603451-59f56ec8-00cb&#8221;][\/vc_tta_section][vc_tta_section title=&#8221;Za\u0161to upisati&#8221; tab_id=&#8221;1500536612597-d27a4aec-4fbe&#8221;][vc_column_text]<em><strong>Za\u0161to upisati Pred\u0161kolski odgoj?<\/strong><\/em><\/p>\n<p>Odgoj djece pred\u0161kolskog uzrasta vi\u0161e nije prepu\u0161ten samo roditeljima, ve\u0107 tu ulogu preuzimaju institucije kao \u0161to su vrti\u0107i, obdani\u0161ta, igraonice za djecu i sli\u010dno, a koje aktivno sudjeluju u oblikovanju djeteta kao novog \u010dlana dru\u0161tva.<\/p>\n<p>Pred\u0161kolski odgoj i obrazovanje predstavlja djelatnost od posebnog dru\u0161tvenog interesa, te obuhvata programe njege, odgoja i obrazovanja, koji se ostvaruju u pred\u0161kolskim ustanovama.<\/p>\n<p>Bachelori pred\u0161kolskog odgoja \u0161kolovani na Edukacijskom fakultetu postaju osposobljeni za rad sa najmla\u0111im uzrastima u dobi od prve do \u0161este godine \u017eivota, realizaciju odgojnih i obrazovnih aktivnosti u radu sa djecom do polaska u \u0161kolu, za uvo\u0111enje interdisciplinarnih sadr\u017eaja u radu sa grupama djece u vrti\u0107ima, elementarni nivo vje\u0161tina i kompetencija za inkluzivni odgoj i obrazovanje.<\/p>\n<p>Studij pred\u0161kolskog odgoja veoma je atraktivan na tr\u017ei\u0161tu rada jer ima posebnu ulogu u dijelu koji se odnosi na po\u010detnu socijalizaciju djece, ali, tako\u0111er, daje i dragocjen doprinos socijalnoj sigurnosti roditelja, te poma\u017ee da ostvaruju svoju funkciju na dru\u0161tvenom planu, kao i ve\u0107u produktivnost rada, a u posljednje je vrijeme ukazana velika potreba za stru\u010dnim osobama za rad u vrti\u0107ima i obdani\u0161tima.<\/p>\n<p><em><strong>Za\u0161to studirati na Edukacijskom fakultetu?<\/strong><\/em><\/p>\n<ul>\n<li>Univerzitet u Travniku (Edukacijski fakultet) prvi je privatni univerzitet koji je glavni nosilac projekta TEACHER u okviru Erasmus+ programa.<\/li>\n<li>Kvalitet rada koji Edukacijski fakultet pru\u017ea svojim studentima potvr\u0111uju i ste\u010dene diplome koje su priznate \u0161irom svijeta.<\/li>\n<li>Nastavni proces na Edukacijskom fakultetu provode najugledniji i najpriznatiji bosanskohercegova\u010dki i me\u0111unarodni znanstvenici!<\/li>\n<li>Profesori i asistenti na Edukacijskom fakultetu dostupni su studentima za konsultacije i pomo\u0107 u radu 24 sata tokom svih 7 dana u sedmici.<\/li>\n<li>Studentska slu\u017eba Edukacijskog fakulteta dostupna je studentima za kontakt i informacije 24 sata tokom svih 7 dana u sedmici.<\/li>\n<li>Nastavni proces na Edukacijskom fakultetu odvija se u moderno dizajniranom i ure\u0111enom ambijentu prilago\u0111enom savremenim trendovima studiranja!<\/li>\n<li>Nastavu na Edukacijskom fakultetu mogu\u0107e je pratiti i aktivno sudjelovati putem sistema za u\u010denje na daljinu \u2013 Studentskog informacijskog servisa!<\/li>\n<li>Edukacijski fakultet ostvaruje posebne programe i projekte razmjene studenata i nastavnika sa mnogim doma\u0107im i inostranim fakultetima!<\/li>\n<li>Najboljim u\u010denicima Edukacijski fakultet pru\u017ea posebne mogu\u0107nosti za ostvarivanje prava na popust pri upisu studija!<\/li>\n<li>Najboljim studentima Edukacijski fakultet pru\u017ea posebne mogu\u0107nosti za ostvarivanje prava na dodatni popust pri pla\u0107anju \u0161kolarine!<\/li>\n<li>Najboljim studentima Edukacijski fakultet pru\u017ea posebne mogu\u0107nosti za ostvarivanje profesionalne akademske karijere u visokom obrazovanju!<\/li>\n<li>Nastavnici i studenti Edukacijskog fakulteta nosioci su svekolikih aktivnosti u javnom, sportskom i kulturnom \u017eivotu grada Travnika i Srednjobosanskog kantona!<\/li>\n<li>Asocijacija studenata Edukacijskog fakulteta \u2013 ASEFT svojim \u010dlanovima pru\u017ea dodatne mogu\u0107nosti za unapre\u0111enje znanja i kompetencija!<\/li>\n<li>Studenti Edukacijskog fakulteta nosioci su svekolikih aktivnosti na fakultetu \u2013 organiziranje tribina, skupova, dru\u017eenja\u2026<\/li>\n<li>Alumni asocijacija Edukacijskog fakulteta aktivno djeluje na pru\u017eanju pomo\u0107i u usavr\u0161avanju i pobolj\u0161avanju polo\u017eaja biv\u0161ih i sada\u0161njih studenata.<\/li>\n<\/ul>\n<p style=\"text-align: center;\"><strong>Mi smo OPREDIJELJENI ZA IZVRSNOST, a VI?<\/strong><\/p>\n<p>[\/vc_column_text][\/vc_tta_section][\/vc_tta_tabs][\/vc_column][\/vc_row]<\/p>\n<\/div>","protected":false},"excerpt":{"rendered":"<p>[vc_row][vc_column][vc_tta_tabs][vc_tta_section title=&#8221;PROMO Letak&#8221; tab_id=&#8221;1500536525714-ccdc3294-daf2&#8221;][vc_single_image image=&#8221;67557&#8221; img_size=&#8221;full&#8221; alignment=&#8221;center&#8221;][\/vc_tta_section][vc_tta_section title=&#8221;PROMO Video&#8221; tab_id=&#8221;1500536525777-04985de6-4492&#8221;][vc_video link=&#8221;https:\/\/www.youtube.com\/watch?v=yxc17d53txw&#8221;][\/vc_tta_section][vc_tta_section title=&#8221;PROMO Galerija&#8221; tab_id=&#8221;1500536579721-47119049-aec6&#8221;][vc_column_text] &#8221; template=&#8221;default&#8221; order_by=&#8221;sortorder&#8221; order_direction=&#8221;ASC&#8221; returns=&#8221;included&#8221; maximum_entity_count=&#8221;500&#8221;] [\/vc_column_text][\/vc_tta_section][vc_tta_section title=&#8221;Uspje\u0161ni studenti&#8221; tab_id=&#8221;1500536603451-59f56ec8-00cb&#8221;][\/vc_tta_section][vc_tta_section title=&#8221;Za\u0161to upisati&#8221; tab_id=&#8221;1500536612597-d27a4aec-4fbe&#8221;][vc_column_text]Za\u0161to upisati Pred\u0161kolski odgoj? Odgoj djece pred\u0161kolskog uzrasta vi\u0161e nije prepu\u0161ten samo roditeljima, ve\u0107 tu ulogu preuzimaju institucije kao \u0161to su vrti\u0107i, obdani\u0161ta, igraonice za djecu i sli\u010dno, a [&hellip;]<\/p>\n","protected":false},"author":1,"featured_media":0,"parent":0,"menu_order":0,"comment_status":"closed","ping_status":"closed","template":"","meta":{"ngg_post_thumbnail":0},"_links":{"self":[{"href":"https:\/\/www.eft.ba\/web\/wp-json\/wp\/v2\/pages\/54787"}],"collection":[{"href":"https:\/\/www.eft.ba\/web\/wp-json\/wp\/v2\/pages"}],"about":[{"href":"https:\/\/www.eft.ba\/web\/wp-json\/wp\/v2\/types\/page"}],"author":[{"embeddable":true,"href":"https:\/\/www.eft.ba\/web\/wp-json\/wp\/v2\/users\/1"}],"replies":[{"embeddable":true,"href":"https:\/\/www.eft.ba\/web\/wp-json\/wp\/v2\/comments?post=54787"}],"version-history":[{"count":10,"href":"https:\/\/www.eft.ba\/web\/wp-json\/wp\/v2\/pages\/54787\/revisions"}],"predecessor-version":[{"id":69040,"href":"https:\/\/www.eft.ba\/web\/wp-json\/wp\/v2\/pages\/54787\/revisions\/69040"}],"wp:attachment":[{"href":"https:\/\/www.eft.ba\/web\/wp-json\/wp\/v2\/media?parent=54787"}],"curies":[{"name":"wp","href":"https:\/\/api.w.org\/{rel}","templated":true}]}}