{"id":54766,"date":"2017-07-20T06:43:20","date_gmt":"2017-07-20T06:43:20","guid":{"rendered":"https:\/\/www.eft.ba\/web\/?page_id=54766"},"modified":"2025-10-28T12:25:49","modified_gmt":"2025-10-28T12:25:49","slug":"nastavni-plan-program-sportski-menadzment","status":"publish","type":"page","link":"https:\/\/www.eft.ba\/web\/nastavni-plan-program-sportski-menadzment\/","title":{"rendered":"Nastavni plan i program &#8211; Sportski menad\u017ement"},"content":{"rendered":"<p><a href=\"https:\/\/drive.google.com\/file\/d\/1h2qDoE3Sp0v5fbCAPRA6w6c-4Fq6415Q\/view?usp=sharing\">sportski menad\u017ement I ciklus<\/a><\/p>\n<p><a href=\"https:\/\/www.eft.ba\/web\/wp-content\/uploads\/2017\/07\/sportski-menad\u017ement-II-ciklus-dvogodi\u0161nji-1.pdf\">sportski menad\u017ement II ciklus dvogodi\u0161nji<\/a><\/p>\n","protected":false},"excerpt":{"rendered":"<p>sportski menad\u017ement I ciklus sportski menad\u017ement II ciklus dvogodi\u0161nji<\/p>\n","protected":false},"author":1,"featured_media":0,"parent":0,"menu_order":0,"comment_status":"closed","ping_status":"closed","template":"","meta":{"ngg_post_thumbnail":0},"_links":{"self":[{"href":"https:\/\/www.eft.ba\/web\/wp-json\/wp\/v2\/pages\/54766"}],"collection":[{"href":"https:\/\/www.eft.ba\/web\/wp-json\/wp\/v2\/pages"}],"about":[{"href":"https:\/\/www.eft.ba\/web\/wp-json\/wp\/v2\/types\/page"}],"author":[{"embeddable":true,"href":"https:\/\/www.eft.ba\/web\/wp-json\/wp\/v2\/users\/1"}],"replies":[{"embeddable":true,"href":"https:\/\/www.eft.ba\/web\/wp-json\/wp\/v2\/comments?post=54766"}],"version-history":[{"count":4,"href":"https:\/\/www.eft.ba\/web\/wp-json\/wp\/v2\/pages\/54766\/revisions"}],"predecessor-version":[{"id":69024,"href":"https:\/\/www.eft.ba\/web\/wp-json\/wp\/v2\/pages\/54766\/revisions\/69024"}],"wp:attachment":[{"href":"https:\/\/www.eft.ba\/web\/wp-json\/wp\/v2\/media?parent=54766"}],"curies":[{"name":"wp","href":"https:\/\/api.w.org\/{rel}","templated":true}]}}