{"id":54627,"date":"2017-07-18T10:33:59","date_gmt":"2017-07-18T10:33:59","guid":{"rendered":"https:\/\/www.eft.ba\/web\/?page_id=54627"},"modified":"2017-07-18T10:33:59","modified_gmt":"2017-07-18T10:33:59","slug":"naucno-zvanje-nakon-zavrsetka-po-oblastima","status":"publish","type":"page","link":"https:\/\/www.eft.ba\/web\/studij\/doktorski-studij\/naucno-zvanje-nakon-zavrsetka-po-oblastima\/","title":{"rendered":"Nau\u010dno zvanje nakon zavr\u0161etka po oblastima"},"content":{"rendered":"<h1 class=\"uk-article-title\">STE\u010cENA ZVANJA NAKON STUDIJA<\/h1>\n<div>\n<p>STE\u010cENA ZVANJA NAKON STUDIJA<\/p>\n<p>Nakon zavr\u0161etka tre\u0107eg ciklusa studija student treba da bude osposobljen za:<\/p>\n<ul>\n<li>Samostalan istra\u017eiva\u010dki rad i primjenu vje\u0161tina i metoda istra\u017eivanja u oblasti studijskog programa<\/li>\n<li>Sintetiziranje, eksplikaciju, oblikovanje, prihvatanje, primjenu procesa zasnovanih na nau\u010dnim spoznajama,<\/li>\n<li>Doprinos pro\u0161irenju granica znanja nau\u010dnim radom, \u010diji djelovi zaslu\u017euju objavu u doma\u0107im i me\u0111unarodno referentnim publikacijama,<\/li>\n<li>Kriti\u010dku analizu, evaluaciju i sintezu novih i kompleksnih ideja,<\/li>\n<li>Promociju, u akademskom i profesionalnom konteksu, tehnolo\u0161kog, dru\u0161tvenog ili kulturnog napretka u dru\u0161tvu zasnovanom na znanju.<\/li>\n<\/ul>\n<p>&nbsp;<\/p>\n<p>AKADEMSKA ZVANJA KOJA SE&nbsp; STI\u010cU PO ZAVR\u0160ETKU III CIKLUSA:&nbsp;&nbsp;&nbsp;&nbsp;&nbsp;&nbsp;&nbsp;&nbsp;&nbsp;&nbsp;&nbsp;&nbsp;&nbsp; &nbsp;&nbsp;&nbsp;&nbsp;&nbsp;&nbsp;&nbsp;&nbsp;&nbsp;<\/p>\n<p>&#8211;&nbsp;&nbsp;&nbsp;&nbsp;&nbsp;&nbsp;&nbsp;&nbsp;&nbsp; Doktor nauka u oblasti kineziologije<\/p>\n<p>&#8211;&nbsp;&nbsp;&nbsp;&nbsp;&nbsp;&nbsp;&nbsp;&nbsp;&nbsp; Doktor nauka u oblasti pedagogije<\/p>\n<p>&#8211;&nbsp;&nbsp;&nbsp;&nbsp;&nbsp;&nbsp;&nbsp;&nbsp;&nbsp; Doktor nauka u oblasti metodika razredne nastave<\/p>\n<p>&#8211;&nbsp;&nbsp;&nbsp;&nbsp;&nbsp;&nbsp;&nbsp;&nbsp;&nbsp; Doktor nauka u oblasti menad\u017ementa u obrazovanju<\/p>\n<p>&#8211;&nbsp;&nbsp;&nbsp;&nbsp;&nbsp;&nbsp;&nbsp;&nbsp;&nbsp; Doktor nauka u oblasti psihologije<\/p>\n<p>&#8211;&nbsp;&nbsp;&nbsp;&nbsp;&nbsp;&nbsp;&nbsp;&nbsp;&nbsp; Doktor nauka u oblasti matematike<\/p>\n<p>&#8211;&nbsp;&nbsp;&nbsp;&nbsp;&nbsp;&nbsp;&nbsp;&nbsp;&nbsp; Doktor nauka u oblasti informatike<\/p>\n<p>&#8211;&nbsp;&nbsp;&nbsp;&nbsp;&nbsp;&nbsp;&nbsp;&nbsp;&nbsp; Doktor nauka u oblasti lingvistike<\/p>\n<p>&#8211;&nbsp;&nbsp;&nbsp;&nbsp;&nbsp;&nbsp;&nbsp;&nbsp;&nbsp; Doktor nauka u oblasti knji\u017eevnosti<\/p>\n<\/div>\n","protected":false},"excerpt":{"rendered":"<p>STE\u010cENA ZVANJA NAKON STUDIJA STE\u010cENA ZVANJA NAKON STUDIJA Nakon zavr\u0161etka tre\u0107eg ciklusa studija student treba da bude osposobljen za: Samostalan istra\u017eiva\u010dki rad i primjenu vje\u0161tina i metoda istra\u017eivanja u oblasti studijskog programa Sintetiziranje, eksplikaciju, oblikovanje, prihvatanje, primjenu procesa zasnovanih na nau\u010dnim spoznajama, Doprinos pro\u0161irenju granica znanja nau\u010dnim radom, \u010diji djelovi zaslu\u017euju objavu u doma\u0107im i [&hellip;]<\/p>\n","protected":false},"author":1,"featured_media":0,"parent":68,"menu_order":0,"comment_status":"closed","ping_status":"closed","template":"","meta":{"ngg_post_thumbnail":0},"_links":{"self":[{"href":"https:\/\/www.eft.ba\/web\/wp-json\/wp\/v2\/pages\/54627"}],"collection":[{"href":"https:\/\/www.eft.ba\/web\/wp-json\/wp\/v2\/pages"}],"about":[{"href":"https:\/\/www.eft.ba\/web\/wp-json\/wp\/v2\/types\/page"}],"author":[{"embeddable":true,"href":"https:\/\/www.eft.ba\/web\/wp-json\/wp\/v2\/users\/1"}],"replies":[{"embeddable":true,"href":"https:\/\/www.eft.ba\/web\/wp-json\/wp\/v2\/comments?post=54627"}],"version-history":[{"count":1,"href":"https:\/\/www.eft.ba\/web\/wp-json\/wp\/v2\/pages\/54627\/revisions"}],"predecessor-version":[{"id":54628,"href":"https:\/\/www.eft.ba\/web\/wp-json\/wp\/v2\/pages\/54627\/revisions\/54628"}],"up":[{"embeddable":true,"href":"https:\/\/www.eft.ba\/web\/wp-json\/wp\/v2\/pages\/68"}],"wp:attachment":[{"href":"https:\/\/www.eft.ba\/web\/wp-json\/wp\/v2\/media?parent=54627"}],"curies":[{"name":"wp","href":"https:\/\/api.w.org\/{rel}","templated":true}]}}