{"id":54625,"date":"2017-07-18T10:33:12","date_gmt":"2017-07-18T10:33:12","guid":{"rendered":"https:\/\/www.eft.ba\/web\/?page_id=54625"},"modified":"2017-07-18T10:33:12","modified_gmt":"2017-07-18T10:33:12","slug":"opci-posebni-uvjeti-upisa","status":"publish","type":"page","link":"https:\/\/www.eft.ba\/web\/studij\/doktorski-studij\/opci-posebni-uvjeti-upisa\/","title":{"rendered":"Op\u0107i i posebni uvjeti upisa"},"content":{"rendered":"<h1 class=\"uk-article-title\">USLOVI, NIVO I VRSTA OBRAZOVANJA KANDIDATA KOJI MOGU UPISATI STUDIJ<\/h1>\n<div>\n<p>Pravo upisa na na tre\u0107i ciklus poslijediplomskog doktorskog studija imaju svi kandidati koji ispunjavaju uvjete regulirane Zakonom o visokom obrazovanju SBK\/KSB, Statutom Univerziteta u Travniku i Pravilima Studiranja za tre\u0107i ciklus studija Univerziteta u Travniku.<\/p>\n<p>Pravo upisa na tre\u0107i ciklus studija imaju pod jednakim uvjetima, dr\u017eavljani Bosne i Hercegovine i strani dr\u017eavljani za koje je nakon postupka nostrifikacije odnosno ekvivalencije diplome ranije zavr\u0161enog ciklusa\/stepena studija utvr\u0111eno da imaju zavr\u0161eno adekvatno obrazovanje za nastavak studija.&nbsp;<br \/>\nNa prvu godinu III (tre\u0107eg) ciklusa studija &#8211; doktorskog studija , nau\u010dno polje KINEZIOLOGIJA mogu se upisati kandidati koji ispunjavaju slijede\u0107e op\u0107e i posebne uvjete:<\/p>\n<p>I Op\u0107i uslovi:<\/p>\n<p>Kandidati koji su stekli zvanje Magistar nauka u oblasti sporta i tjelesnog odgoja na dvogodi\u0161njem pred Bolonjskom studiju;<\/p>\n<p>Kandidati koji su stekli zvanje Magistar nauka na dvogodi\u0161njem pred Bolonjskom studiju na fakultetima srodnih nau\u010dnih oblasti: Pedagogija, Primarno obrazovanje, Sociologija, Medicina, Zdravstveni, Ekonomija, Psihologija, Defektologija, Sigurnost i Kriminalistika.<\/p>\n<p>Kandidati koji su stekli diplomu drugog ciklusa studija ( 300 ECTS) i zvanje Magistra na fakultetima srodnih nau\u010dnih oblasti: Pedagogija, Primarno obrazovanje, Sociologija, Medicina, Zdravstveni, Ekonomija, Psihologija, Defektologija, Sigurnost i Kriminalistika.<\/p>\n<p>Kandidati koji su stekli diplomu drugog ciklusa studija smjer Op\u0107a kineziologija ( 300 ECTS) na Edukacijskom fakultetu Univerziteta u Travniku ( ili na drugom Fakultetu srodnog naziva) i zvanje Magistar sporta i tjelesnog odgoja ( ili drugo adekvatno zvanje) .<\/p>\n<p>Kandidati koji su stekli diplomu drugog ciklusa studija \u2013 Smjer menad\u017ement u sportu, (300 ECTS) na Edukacijskom fakultetu Univerziteta u Travniku ( ili drugom Fakultetu srodnog naziva) i zvanje \u2013 Magistar menad\u017ementa u sportu (ili drugo adekvatno zvanje). uz obavezu da se u tre\u0107em semestru opredijele za modul istra\u017eivanja u organizaciji i upravljanju u kineziologiji.<\/p>\n<p>Kandidati koji su stekli diploma II ciklusa studija ili ekvivalenta (akademskog zvanja magistra) iz drugih nau\u010dnih podru\u010dja koja nisu navedena u predhodnim stavkama.<br \/>\nOdluku o uslovima upisa za svaki pojedina\u010dni slu\u010daj donosi Vije\u0107e doktorskog studija, na prijedlog Stru\u010dne komisije Edukacijskog fakulteta.&nbsp;<br \/>\nStru\u010dna komisija \u0107e procijeniti udovoljava li kandidat uslovima doktorskog studija na osnovu usporedbe studijskih programa i donijeti odluku o sadr\u017eaju, broju I na\u010dinu polaganja razlikovnih ispita.<\/p>\n<p>II Posebni uvjeti :&nbsp;<br \/>\n1. Kandidatima za upis koji su stekli titulu magistra nauka prije uvo\u0111enja Bolonjskog sistema trocikli\u010dnog studija priznaje se 60 ECTS studijskih bodova.&nbsp;<br \/>\n2. Kandidati za upis moraju pokazati znanje iz engleskog jezika \u0161to \u0107e utvrditi stru\u010dna komisija.&nbsp;<br \/>\n3. Kandidati koji su zavr\u0161ili srodne fakultete navedene u konkursu obavezni su polagati diferencijalni\/e ispit\/e.<\/p>\n<p>Na prvu godinu III (tre\u0107eg) ciklusa studija &#8211; doktorskog studija, nau\u010dno polje PSIHOLOGIJA mogu se upisati kandidati koji ispunjavaju slijede\u0107e op\u0107e i posebne uvjete:<\/p>\n<p>I Op\u0107i uslovi:<\/p>\n<p>1. Kandidati koji su stekli zvanje Magistar nauka u oblasti psihologije na dvogodi\u0161njem pred Bolonjskom studiju;<\/p>\n<p>2. Kandidati koji su stekli zvanje Magistar nauka na dvogodi\u0161njem pred Bolonjskom studiju na fakultetima srodnih nau\u010dnih oblasti: Pedagogija, Primarno obrazovanje, Sociologija, Psihologija, Defektologija,<\/p>\n<p>3. Kandidati koji su stekli diplomu drugog ciklusa studija ( 300 ECTS) i zvanje Magistra na fakultetima srodnih nau\u010dnih oblasti: Pedagogija, Primarno obrazovanje, Sociologija, Psihologija, Defektologija.<\/p>\n<p>4. Kandidati koji su stekli diplomu drugog ciklusa studija smjer Pedagogija i psihologija( 300 ECTS) na Edukacijskom fakultetu Univerziteta u Travniku ( ili na drugom Fakultetu srodnog naziva) i zvanje Magistar Pedagogije i psihologije ( ili drugo adekvatno zvanje) .<\/p>\n<p>5 Kandidati koji su stekli diploma II ciklusa studija ili ekvivalenta (akademskog zvanja magistra) iz drugih nau\u010dnih podru\u010dja koja nisu navedena u predhodnim stavkama.<br \/>\nOdluku o uslovima upisa za svaki pojedina\u010dni slu\u010daj donosi Vije\u0107e doktorskog studija, na prijedlog Stru\u010dne komisije Edukacijskog fakulteta.&nbsp;<br \/>\nStru\u010dna komisija \u0107e procijeniti udovoljava li kandidat uslovima doktorskog studija na osnovu usporedbe studijskih programa i donijeti odluku o sadr\u017eaju, broju i na\u010dinu polaganja razlikovnih ispita.<\/p>\n<p>II Posebni uvjeti :&nbsp;<br \/>\n1. Kandidatima za upis koji su stekli titulu magistra nauka prije uvo\u0111enja Bolonjskog sistema trocikli\u010dnog studija priznaje se 60 ECTS studijskih bodova.&nbsp;<br \/>\n2. Kandidati za upis moraju pokazati znanje iz engleskog jezika \u0161to \u0107e utvrditi stru\u010dna komisija.&nbsp;<br \/>\n3. Kandidati koji su zavr\u0161ili srodne fakultete navedene u konkursu obavezni su polagati diferencijalni\/e ispit\/e.<\/p>\n<p>Na prvu godinu III ( tre\u0107eg ) ciklusa studija &#8211; doktorskog studija, nau\u010dno polje ODGOJNE NAUKE \u2013 grane:<\/p>\n<p>&#8211; PEDAGOGIJA<br \/>\n&#8211; RAZREDNA NASTAVA i<br \/>\n&#8211; MENAD\u017dMENT U OBRAZOVANJU<\/p>\n<p>mogu se upisati kandidati koji ispunjavaju slijede\u0107e op\u0107e i posebne uvjete:<\/p>\n<p>I Op\u0107i uslovi:<\/p>\n<p>1. Kandidati koji su stekli zvanje Magistar nauka u navedenim granama odgojnih nauka: Pedagogija, Razredna nastava i Menad\u017ement u obrazovanju na dvogodi\u0161njem pred Bolonjskom studiju;<\/p>\n<p>2. Kandidati koji su stekli zvanje Magistar nauka na dvogodi\u0161njem pred Bolonjskom studiju na fakultetima srodnih nau\u010dnih oblasti sa navedenim nau\u010dnim granama:<\/p>\n<p>Pedagogija &#8211; Psihologija, Pedago\u0161ka psihologija, Didaktika, Andragogija,Sociologija, Defektologija,Informacijske i komunikacijske nauke, Edukacijsko \u2013 rehabilitacijske nauke, Kineziologija, Madicina, Zdravstvo.<\/p>\n<p>Razredna nastava &#8211; Psihologija, Pedago\u0161ka psihologija, Didaktika, Andragogija,Sociologija, Defektologija, Edukacijsko \u2013 rehabilitacijske nauke, Kineziologija, Jezik i knji\u017eevnost.<\/p>\n<p>Menad\u017ement u obrazovanju &#8211; Pedagogija i Primarno obrazovanje, Sociologija, Medicina, Zdravstveni, Ekonomija, Psihologija, Didaktika, Andragogija Defektologija, Sigurnost, Kriminalistika, Informacijske i komunikacijske nauke, Edukacijsko \u2013 rehabilitacijske nauke, Kineziologija, Matematika i Informatia, Jezik i knji\u017eevnost, Studiji nastavni\u010dkih odsjeka;<\/p>\n<p>3. Kandidati koji su stekli diplomu drugog ciklusa studija ( 300 ECTS) i zvanje Magistra na fakultetima srodnih nau\u010dnih oblasti sa navedenim nau\u010dnim granama kao u ta\u010dki 2.<\/p>\n<p>4. Kandidati koji su stekli diplomu na smjerovima drugog ciklusa studija iz podru\u010dja dru\u0161tvenih prirodnih ili humanisti\u010dkih nauka (300 ECTS) na Edukacijskom fakultetu Univerziteta u Travniku ( ili na drugom Fakultetu srodnog naziva i nau\u010dnih oblasti ) i zvanje Magistar iz podru\u010dja dru\u0161tvenih, prirodnih ili humanisti\u010dkih nauka odabranog nau\u010dnog polja ( ili drugo adekvatno zvanje) koje je srodno sa nau\u010dnim granama kao u ta\u010dki 2.<\/p>\n<p>5. Kandidati koji su stekli diploma II ciklusa studija ili ekvivalenta (akademskog zvanja magistra) iz drugih nau\u010dnih podru\u010dja koja nisu navedena u predhodnim stavkama.<br \/>\nOdluku o uslovima upisa za svaki pojedina\u010dni slu\u010daj donosi Vije\u0107e doktorskog studija, na prijedlog Stru\u010dne komisije Edukacijskog fakulteta.&nbsp;<br \/>\nStru\u010dna komisija \u0107e procijeniti udovoljava li kandidat uslovima doktorskog studija na osnovu usporedbe studijskih programa i donijeti odluku o sadr\u017eaju, broju i na\u010dinu polaganja razlikovnih ispita.<\/p>\n<p>II Posebni uvjeti :&nbsp;<br \/>\n1. Kandidatima za upis koji su stekli titulu magistra nauka prije uvo\u0111enja Bolonjskog sistema trocikli\u010dnog studija priznaje se 60 ECTS studijskih bodova.<\/p>\n<p>2. Kandidati za upis moraju pokazati znanje iz engleskog jezika \u0161to \u0107e utvrditi stru\u010dna komisija.&nbsp;<br \/>\n3. Kandidati koji su zavr\u0161ili srodne fakultet navedene u konkursu obavezni su polagati diferencijalni\/e ispit\/e.<\/p>\n<p>Na prvu godinu III (tre\u0107eg) ciklusa studija &#8211; doktorskog studija:<\/p>\n<p>1. nau\u010dno polje MATEMATIKA I&nbsp;<br \/>\n2. nau\u010dno polje RA\u010cUNARSKE I INFORMATI\u010cKE NAUKE<\/p>\n<p>mogu se upisati kandidati koji ispunjavaju slijede\u0107e op\u0107e i posebne uvjete:<\/p>\n<p>I Op\u0107i uslovi:<\/p>\n<p>1. Kandidati koji su stekli zvanje Magistar nauka u navedenim nau\u010dnim poljima: Matematika i Ra\u010dunarske i informati\u010dke nauke na dvogodi\u0161njem pred Bolonjskom studiju;<\/p>\n<p>2. Kandidati koji su stekli zvanje Magistar nauka na dvogodi\u0161njem pred Bolonjskom studiju na fakultetima srodnih nau\u010dnih oblasti sa navedenim nau\u010dnim granama: Fizika, Elektrotehnika,Elektronika,Informati\u010dki in\u017einjering, Strojarstvo,Informatika.<\/p>\n<p>3. Kandidati koji su stekli diplomu drugog ciklusa studija ( 300 ECTS) i zvanje Magistra na fakultetima srodnih nau\u010dnih oblasti sa navedenim nau\u010dnim granama:Fizika, Elektrotehnika,Elektronika,Informati\u010dki in\u017einjering, Strojarstvo, Informatika.<\/p>\n<p>4. Kandidati koji su stekli diplomu na smjerovima drugog ciklusa studija matematika i informatika ( 300 ECTS) na Edukacijskom fakultetu Univerziteta u Travniku ( ili na drugom Fakultetu srodnog naziva) i zvanje Magistar iz podru\u010dja Matematike i Informatike ( ili drugo adekvatno zvanje) .<\/p>\n<p>5. Kandidati koji su stekli diploma II ciklusa studija ili ekvivalenta (akademskog zvanja magistra) iz drugih nau\u010dnih podru\u010dja koja nisu navedena u predhodnim stavkama.<br \/>\nOdluku o uslovima upisa za svaki pojedina\u010dni slu\u010daj donosi Vije\u0107e doktorskog studija, na prijedlog Stru\u010dne komisije Edukacijskog fakulteta.&nbsp;<br \/>\nStru\u010dna komisija \u0107e procijeniti udovoljava li kandidat uslovima doktorskog studija na osnovu usporedbe studijskih programa i donijeti odluku o sadr\u017eaju, broju i na\u010dinu polaganja razlikovnih ispita.<\/p>\n<p>II Posebni uvjeti :&nbsp;<br \/>\n1. Kandidatima za upis koji su stekli titulu magistra nauka prije uvo\u0111enja Bolonjskog sistema trocikli\u010dnog studija priznaje se 60 ECTS studijskih bodova.<\/p>\n<p>2. Kandidati za upis moraju pokazati znanje iz engleskog jezika \u0161to \u0107e utvrditi stru\u010dna komisija.&nbsp;<br \/>\n3. Kandidati koji su zavr\u0161ili srodne fakultet navedene u konkursu obavezni su polagati diferencijalni\/e ispit\/e.<\/p>\n<p>Na prvu godinu III ( tre\u0107eg ) ciklusa studija &#8211; doktorskog studija, nau\u010dno polje JEZIK I KNJI\u017dEVNOST \u2013 grane:<br \/>\n&#8211; Lingvistika<br \/>\n&#8211; Knji\u017eevnost<br \/>\nmogu se upisati kandidati koji ispunjavaju slijede\u0107e op\u0107e i posebne uvjete:<\/p>\n<p>I Op\u0107i uslovi:<\/p>\n<p>1. Kandidati koji su stekli zvanje Magistar nauka u navedenom polju Jezik i knji\u017eevnost i nau\u010dnim granama na dvogodi\u0161njem pred Bolonjskom studiju;Lingvistika i knji\u017eevnsot<\/p>\n<p>2. Kandidati koji su stekli zvanje Magistar nauka na dvogodi\u0161njem pred Bolonjskom studiju na fakultetima srodnih nau\u010dnih oblasti sa navedenim nau\u010dnim granama:<br \/>\nPsihologija, Pedago\u0161ka psihologija, Didaktika, Andragogija, Sociologija,<br \/>\nDefektologija, Informacijske i komunikacijske nauke, Edukacijsko \u2013 rehabilitacijske nauke,<\/p>\n<p>3. Kandidati koji su stekli diplomu drugog ciklusa studija ( 300 ECTS) i zvanje Magistra na fakultetima srodnih nau\u010dnih oblasti sa navedenim nau\u010dnim granama kao u ta\u010dki 2.<\/p>\n<p>4. Kandidati koji su stekli diplomu na smjerovima drugog ciklusa studija iz podru\u010dja dru\u0161tvenih ili humanisti\u010dkih nauka (300 ECTS) na Edukacijskom fakultetu Univerziteta u Travniku ( ili na drugom Fakultetu srodnog naziva i nau\u010dnih oblasti ) i zvanje Magistar iz podru\u010dja dru\u0161tvenih ili humanisti\u010dkih nauka odabranog nau\u010dnog polja ( ili drugo adekvatno zvanje) koje je srodno sa nau\u010dnim granama kao u ta\u010dki 2.<\/p>\n<p>5. Kandidati koji su stekli diploma II ciklusa studija ili ekvivalenta (akademskog zvanja magistra) iz drugih nau\u010dnih podru\u010dja koja nisu navedena u predhodnim stavkama.<br \/>\nOdluku o uslovima upisa za svaki pojedina\u010dni slu\u010daj donosi Vije\u0107e doktorskog studija, na prijedlog Stru\u010dne komisije Edukacijskog fakulteta.&nbsp;<br \/>\nStru\u010dna komisija \u0107e procijeniti udovoljava li kandidat uslovima doktorskog studija na osnovu usporedbe studijskih programa i donijeti odluku o sadr\u017eaju, broju i na\u010dinu polaganja razlikovnih ispita.<\/p>\n<p>II Posebni uvjeti :&nbsp;<br \/>\n1. Kandidatima za upis koji su stekli titulu magistra nauka prije uvo\u0111enja Bolonjskog sistema trocikli\u010dnog studija priznaje se 60 ECTS studijskih bodova.<\/p>\n<p>2. Kandidati za upis moraju pokazati znanje iz engleskog jezika \u0161to \u0107e utvrditi stru\u010dna komisija.&nbsp;<br \/>\n3. Kandidati koji su zavr\u0161ili srodne fakultet navedene u konkursu obavezni su polagati diferencijalni\/e ispit\/e.<\/p>\n<\/div>\n","protected":false},"excerpt":{"rendered":"<p>USLOVI, NIVO I VRSTA OBRAZOVANJA KANDIDATA KOJI MOGU UPISATI STUDIJ Pravo upisa na na tre\u0107i ciklus poslijediplomskog doktorskog studija imaju svi kandidati koji ispunjavaju uvjete regulirane Zakonom o visokom obrazovanju SBK\/KSB, Statutom Univerziteta u Travniku i Pravilima Studiranja za tre\u0107i ciklus studija Univerziteta u Travniku. Pravo upisa na tre\u0107i ciklus studija imaju pod jednakim uvjetima, [&hellip;]<\/p>\n","protected":false},"author":1,"featured_media":0,"parent":68,"menu_order":0,"comment_status":"closed","ping_status":"closed","template":"","meta":{"ngg_post_thumbnail":0},"_links":{"self":[{"href":"https:\/\/www.eft.ba\/web\/wp-json\/wp\/v2\/pages\/54625"}],"collection":[{"href":"https:\/\/www.eft.ba\/web\/wp-json\/wp\/v2\/pages"}],"about":[{"href":"https:\/\/www.eft.ba\/web\/wp-json\/wp\/v2\/types\/page"}],"author":[{"embeddable":true,"href":"https:\/\/www.eft.ba\/web\/wp-json\/wp\/v2\/users\/1"}],"replies":[{"embeddable":true,"href":"https:\/\/www.eft.ba\/web\/wp-json\/wp\/v2\/comments?post=54625"}],"version-history":[{"count":1,"href":"https:\/\/www.eft.ba\/web\/wp-json\/wp\/v2\/pages\/54625\/revisions"}],"predecessor-version":[{"id":54626,"href":"https:\/\/www.eft.ba\/web\/wp-json\/wp\/v2\/pages\/54625\/revisions\/54626"}],"up":[{"embeddable":true,"href":"https:\/\/www.eft.ba\/web\/wp-json\/wp\/v2\/pages\/68"}],"wp:attachment":[{"href":"https:\/\/www.eft.ba\/web\/wp-json\/wp\/v2\/media?parent=54625"}],"curies":[{"name":"wp","href":"https:\/\/api.w.org\/{rel}","templated":true}]}}