{"id":54623,"date":"2017-07-18T10:32:11","date_gmt":"2017-07-18T10:32:11","guid":{"rendered":"https:\/\/www.eft.ba\/web\/?page_id=54623"},"modified":"2017-07-18T10:32:11","modified_gmt":"2017-07-18T10:32:11","slug":"plan-program-studija","status":"publish","type":"page","link":"https:\/\/www.eft.ba\/web\/studij\/doktorski-studij\/plan-program-studija\/","title":{"rendered":"Plan i program studija"},"content":{"rendered":"<h1 class=\"uk-article-title\">PLAN I PROGRAM STUDIJA<\/h1>\n<div>\n<p>Nastavni plan III ciklusa studija realizira se kroz tri studijske godine (\u0161est semestara).<\/p>\n<p>Obim studijskog programa tre\u0107eg ciklusa studija vrednuje se sa ukupno 180 ECTS, 60 ECTS u jednoj godini, odnosno 30 ECTS u jednom semestru.<\/p>\n<p>Od ukupnih 180 ECTS, 110 ECTS studenti sti\u010du evaluiranjem individualnog istra\u017eiva\u010dkog rada u svim fazama izrade doktorske disetracije, pisanja seminarskih i publiciranje istra\u017eiva\u010dkih radova, aktivnim u\u010de\u0161\u0107em na&nbsp; me\u0111unarodnim konferencijama i&nbsp; me\u0111unarodnim projektima, me\u0111unarodnom razmjenom i sl.<\/p>\n<p>Preostalih 80 ECTS studenti sti\u010du polaganjem ispita iz obaveznih predmeta u I i II semestru i jednom od 5 izbornih modula u III semestru studija.<\/p>\n<p>&nbsp;<\/p>\n<p><strong>NA\u010cIN REALIZACIJE DOKTORSKOG STUDIJA<\/strong><\/p>\n<p>Doktorski studij na Edukacijskom fakultetu \u0107e se realizirati na sljede\u0107i na\u010din:<\/p>\n<p><strong>I semestar<\/strong>&nbsp;\u2013 zajedni\u010dki za sva nau\u010dna podru\u010dja: dru\u0161tvene, prirodne i humanisti\u010dke nauke i nau\u010dna polja \u2013 Op\u0107i modul koji je isti\/zajedni\u010dki i u kojem se slu\u0161aju i pola\u017eu tri obavezna predmeta:<\/p>\n<ul>\n<li>Op\u0107a metodologija<\/li>\n<li>Testiranje i mjerenje<\/li>\n<li>Metode analize podataka<\/li>\n<\/ul>\n<p><strong>II semestar \u2013&nbsp;<\/strong>kandidati slu\u0161aju i pola\u017eu 4 obavezna predmeta prema odabranom nau\u010dnom polju \u2013 Obavezni modul odabranog nau\u010dnog polja.<\/p>\n<p><strong>&nbsp;<\/strong><\/p>\n<p><strong>Podru\u010dje dru\u0161tvenih nauka \u2013 polje:<\/strong><\/p>\n<p><strong>&nbsp;<\/strong><\/p>\n<p><strong>KINEZIOLOGIJA<\/strong><\/p>\n<p>&#8211;&nbsp;&nbsp;&nbsp;&nbsp;&nbsp;&nbsp;&nbsp;&nbsp;&nbsp;&nbsp;Antropolo\u0161ka kineziologija<\/p>\n<p>&#8211;&nbsp;&nbsp;&nbsp;&nbsp;&nbsp;&nbsp;&nbsp;&nbsp;&nbsp;&nbsp;Programiranje transformacionih procesa<\/p>\n<p>&#8211;&nbsp;&nbsp;&nbsp;&nbsp;&nbsp;&nbsp;&nbsp;&nbsp;&nbsp;&nbsp;Sportski mend\u017ement<\/p>\n<p>&#8211;&nbsp;&nbsp;&nbsp;&nbsp;&nbsp;&nbsp;&nbsp;&nbsp;&nbsp;&nbsp;Analiza nau\u010dnih baza podataka<\/p>\n<p><strong>PSIHOLOGIJA<\/strong><\/p>\n<p>&#8211;&nbsp;&nbsp;&nbsp;&nbsp;&nbsp;&nbsp;&nbsp;&nbsp;&nbsp;&nbsp;Nove spoznaje u psihologiji odgoja i obrazovanja<\/p>\n<p>&#8211;&nbsp;&nbsp;&nbsp;&nbsp;&nbsp;&nbsp;&nbsp;&nbsp;&nbsp;&nbsp;Pristupi razvoja psihi\u010dkih poreme\u0107aja<\/p>\n<p>&#8211;&nbsp;&nbsp;&nbsp;&nbsp;&nbsp;&nbsp;&nbsp;&nbsp;&nbsp;&nbsp;Socijalna kognicija i socijalna interakcija<\/p>\n<p>&#8211;&nbsp;&nbsp;&nbsp;&nbsp;&nbsp;&nbsp;&nbsp;&nbsp;&nbsp;&nbsp;Analiza nau\u010dnih baza podataka<\/p>\n<p><strong>PEDAGOGIJA<\/strong><\/p>\n<p>&#8211;&nbsp;&nbsp;&nbsp;&nbsp;&nbsp;&nbsp;&nbsp;&nbsp;&nbsp;&nbsp;Komunikacija i interakcija u odgoju<\/p>\n<p>&#8211;&nbsp;&nbsp;&nbsp;&nbsp;&nbsp;&nbsp;&nbsp;&nbsp;&nbsp;&nbsp;Metode u\u010denja i pou\u010davanja&nbsp;<\/p>\n<p>&#8211;&nbsp;&nbsp;&nbsp;&nbsp;&nbsp;&nbsp;&nbsp;&nbsp;&nbsp;&nbsp;Teorije menad\u017ementa u obrazovanju<\/p>\n<p>&#8211;&nbsp;&nbsp;&nbsp;&nbsp;&nbsp;&nbsp;&nbsp;&nbsp;&nbsp;&nbsp;Analiza nau\u010dnih baza podataka<\/p>\n<p>&nbsp;&nbsp;&nbsp;&nbsp;&nbsp;&nbsp;&nbsp;&nbsp;&nbsp;&nbsp;&nbsp;&nbsp;&nbsp;&nbsp;&nbsp;<\/p>\n<p><strong>METODIKE RAZREDNE<\/strong><\/p>\n<p><strong>NASTAVE<\/strong><\/p>\n<p>&#8211;&nbsp;&nbsp;&nbsp;&nbsp;&nbsp;&nbsp;&nbsp;&nbsp;&nbsp;&nbsp;Teorijsko-metodolo\u0161ki problemi<\/p>\n<p>&nbsp; &nbsp; &nbsp; metodika razredne nastave<\/p>\n<p>&#8211;&nbsp;&nbsp;&nbsp;&nbsp;&nbsp;&nbsp;&nbsp;&nbsp;&nbsp;&nbsp;Metode u\u010denja i pou\u010davanja&nbsp;<\/p>\n<p>&#8211;&nbsp;&nbsp;&nbsp;&nbsp;&nbsp;&nbsp;&nbsp;&nbsp;&nbsp;&nbsp;Komunikacija i interakcija u odgoju<\/p>\n<p>&#8211;&nbsp;&nbsp;&nbsp;&nbsp;&nbsp;&nbsp;&nbsp;&nbsp;&nbsp;&nbsp;Analiza nau\u010dnih baza podataka<\/p>\n<p><strong>MENAD\u017dMENT U<\/strong><\/p>\n<p><strong>OBRAZOVANJU<\/strong><\/p>\n<p>&#8211;&nbsp;&nbsp;&nbsp;&nbsp;&nbsp;&nbsp;&nbsp;&nbsp;&nbsp;&nbsp;Teorije menad\u017ementa u obrazovanju<\/p>\n<p>&#8211;&nbsp;&nbsp;&nbsp;&nbsp;&nbsp;&nbsp;&nbsp;&nbsp;&nbsp;&nbsp;Komunikacija i interakcija u odgoju<\/p>\n<p>&#8211;&nbsp;&nbsp;&nbsp;&nbsp;&nbsp;&nbsp;&nbsp;&nbsp;&nbsp;&nbsp;Menad\u017ement u obrazovnim institucijama<\/p>\n<p>&#8211;&nbsp;&nbsp;&nbsp;&nbsp;&nbsp;&nbsp;&nbsp;&nbsp;&nbsp;&nbsp;Analiza nau\u010dnih baza podataka<\/p>\n<p><strong>&nbsp;<\/strong><\/p>\n<p><strong>&nbsp;<\/strong><\/p>\n<p><strong>Podru\u010dje prirodnih nauka \u2013 polje:<\/strong><\/p>\n<p><strong>&nbsp;<\/strong><\/p>\n<p><strong>MATEMATIKA<\/strong><\/p>\n<p>&#8211;&nbsp;&nbsp;&nbsp;&nbsp;&nbsp;&nbsp;&nbsp;&nbsp;&nbsp;&nbsp;Univerzalna algebra<\/p>\n<p>&#8211;&nbsp;&nbsp;&nbsp;&nbsp;&nbsp;&nbsp;&nbsp;&nbsp;&nbsp;&nbsp;Globalna analiza<\/p>\n<p>&#8211;&nbsp;&nbsp;&nbsp;&nbsp;&nbsp;&nbsp;&nbsp;&nbsp;&nbsp;&nbsp;Teorija dokaza<\/p>\n<p>&#8211;&nbsp;&nbsp;&nbsp;&nbsp;&nbsp;&nbsp;&nbsp;&nbsp;&nbsp;&nbsp;Analiza nau\u010dnih baza podataka<\/p>\n<p><strong>INFORMATIKA<\/strong><\/p>\n<p>&#8211;&nbsp;&nbsp;&nbsp;&nbsp;&nbsp;&nbsp;&nbsp;&nbsp;&nbsp;&nbsp;Informacioni sistemi<\/p>\n<p>&#8211;&nbsp;&nbsp;&nbsp;&nbsp;&nbsp;&nbsp;&nbsp;&nbsp;&nbsp;&nbsp;Semanti\u010dki web<\/p>\n<p>&#8211;&nbsp;&nbsp;&nbsp;&nbsp;&nbsp;&nbsp;&nbsp;&nbsp;&nbsp;&nbsp;Inteligentni sistemi<\/p>\n<p>&#8211;&nbsp;&nbsp;&nbsp;&nbsp;&nbsp;&nbsp;&nbsp;&nbsp;&nbsp;&nbsp;Analiza nau\u010dnih baza podataka<\/p>\n<p>&nbsp;<\/p>\n<p><strong>Podru\u010dje humanisti\u010dkih nauka \u2013 polje:<\/strong><\/p>\n<p><strong>JEZIK &nbsp;&nbsp;&nbsp;<\/strong><\/p>\n<p>&#8211;&nbsp;&nbsp;&nbsp;&nbsp;&nbsp;&nbsp;&nbsp;&nbsp;&nbsp;&nbsp;Fonetsko-fonolo\u0161ki nivoi jezi\u010dke strukture<\/p>\n<p>&#8211;&nbsp;&nbsp;&nbsp;&nbsp;&nbsp;&nbsp;&nbsp;&nbsp;&nbsp;&nbsp;Morfolo\u0161ki nivoi jezi\u010dke strukture<\/p>\n<p>&#8211;&nbsp;&nbsp;&nbsp;&nbsp;&nbsp;&nbsp;&nbsp;&nbsp;&nbsp;&nbsp;Sintaksi\u010dki nivoi jezi\u010dke strukture<\/p>\n<p>&#8211;&nbsp;&nbsp;&nbsp;&nbsp;&nbsp;&nbsp;&nbsp;&nbsp;&nbsp;&nbsp;Analiza nau\u010dnih baza podataka<\/p>\n<p><strong>KNJI\u017dEVNOST<\/strong><\/p>\n<p>&#8211;&nbsp;&nbsp;&nbsp;&nbsp;&nbsp;&nbsp;&nbsp;&nbsp;&nbsp;&nbsp;Periodizacija knji\u017eevnosti i metodolo\u0161ki problemi knji\u017eevne historije<\/p>\n<p>&#8211;&nbsp;&nbsp;&nbsp;&nbsp;&nbsp;&nbsp;&nbsp;&nbsp;&nbsp;&nbsp;Savremene teorije knji\u017eevnosti i kulture<\/p>\n<p>&#8211;&nbsp;&nbsp;&nbsp;&nbsp;&nbsp;&nbsp;&nbsp;&nbsp;&nbsp;&nbsp;Knji\u017eevnosti naroda Bosne i Hercegovine<\/p>\n<p>&#8211;&nbsp;&nbsp;&nbsp;&nbsp;&nbsp;&nbsp;&nbsp;&nbsp;&nbsp;&nbsp;Analiza nau\u010dnih baza podataka<\/p>\n<p><strong>U III semestru<\/strong>&nbsp;kandidati slu\u0161aju i pola\u017eu 1 od ponu\u0111enih modula unutar odabranog polja u kojima je akcenat na istra\u017eivanju:<\/p>\n<ul>\n<li>Istra\u017eivanja u&nbsp; oblasti kineziologije \u2013 ponu\u0111eno 5 modula &nbsp;&nbsp;&nbsp;&nbsp;&nbsp;&nbsp;&nbsp;&nbsp;&nbsp;&nbsp;<\/li>\n<li>Istra\u017eivanja u oblasti pedagogije \u2013 ponu\u0111eno 3 modula<\/li>\n<li>Istra\u017eivanja u oblasti metodika razredne nastave \u2013 ponu\u0111eno 2 modula<\/li>\n<li>Istra\u017eivanja u oblasti menad\u017ementa u obrazovanju \u2013 ponu\u0111eno 2 modula<\/li>\n<li>Istra\u017eivanja u oblasti&nbsp; psihologije \u2013 ponu\u0111eno 3 modula<\/li>\n<li>Istra\u017eivanja u oblasti informatike \u2013 ponu\u0111ena 2 modula<\/li>\n<li>Istra\u017eivanja u oblasti matematike \u2013 ponu\u0111ena 3 modula<\/li>\n<li>Istra\u017eivanja u oblasti lingvistike \u2013 ponu\u0111ena 2 modula<\/li>\n<li>Istra\u017eivanja u oblasti knji\u017eevnosti&nbsp; \u2013 ponu\u0111ena 2 modula<\/li>\n<\/ul>\n<p><strong>U III semestru&nbsp;<\/strong>kandidati prijavljuju temu doktorske disertacije.<\/p>\n<p><strong>&nbsp;<\/strong><\/p>\n<p><strong>U IV semestru<\/strong>&nbsp;kandidati:<\/p>\n<ul>\n<li>brane projekat doktorske disertacije pred komisijom koju je potvrdio Senat Univerziteta u Travniku,<\/li>\n<li>publikuju prvi od dva obavezna istra\u017eiva\u010dka rada.<\/li>\n<\/ul>\n<p><strong>&nbsp;<\/strong><\/p>\n<p><strong>U V semestru<\/strong>&nbsp;kandidati:<\/p>\n<ul>\n<li>rade na doktorskoj disertaciji i<\/li>\n<li>publikuju drugi obavezni istra\u017eiva\u010dki rad iz problematike doktorske disertacije.<\/li>\n<\/ul>\n<p><strong>&nbsp;<\/strong><\/p>\n<p><strong>U VI semestru<\/strong>&nbsp;kandidati:<\/p>\n<ul>\n<li>rade na doktorskoj disetaciji,<\/li>\n<li>javno brane disertaciju pred komisijom<\/li>\n<\/ul>\n<\/div>\n","protected":false},"excerpt":{"rendered":"<p>PLAN I PROGRAM STUDIJA Nastavni plan III ciklusa studija realizira se kroz tri studijske godine (\u0161est semestara). Obim studijskog programa tre\u0107eg ciklusa studija vrednuje se sa ukupno 180 ECTS, 60 ECTS u jednoj godini, odnosno 30 ECTS u jednom semestru. Od ukupnih 180 ECTS, 110 ECTS studenti sti\u010du evaluiranjem individualnog istra\u017eiva\u010dkog rada u svim fazama [&hellip;]<\/p>\n","protected":false},"author":1,"featured_media":0,"parent":68,"menu_order":0,"comment_status":"closed","ping_status":"closed","template":"","meta":{"ngg_post_thumbnail":0},"_links":{"self":[{"href":"https:\/\/www.eft.ba\/web\/wp-json\/wp\/v2\/pages\/54623"}],"collection":[{"href":"https:\/\/www.eft.ba\/web\/wp-json\/wp\/v2\/pages"}],"about":[{"href":"https:\/\/www.eft.ba\/web\/wp-json\/wp\/v2\/types\/page"}],"author":[{"embeddable":true,"href":"https:\/\/www.eft.ba\/web\/wp-json\/wp\/v2\/users\/1"}],"replies":[{"embeddable":true,"href":"https:\/\/www.eft.ba\/web\/wp-json\/wp\/v2\/comments?post=54623"}],"version-history":[{"count":1,"href":"https:\/\/www.eft.ba\/web\/wp-json\/wp\/v2\/pages\/54623\/revisions"}],"predecessor-version":[{"id":54624,"href":"https:\/\/www.eft.ba\/web\/wp-json\/wp\/v2\/pages\/54623\/revisions\/54624"}],"up":[{"embeddable":true,"href":"https:\/\/www.eft.ba\/web\/wp-json\/wp\/v2\/pages\/68"}],"wp:attachment":[{"href":"https:\/\/www.eft.ba\/web\/wp-json\/wp\/v2\/media?parent=54623"}],"curies":[{"name":"wp","href":"https:\/\/api.w.org\/{rel}","templated":true}]}}