{"id":50378,"date":"2017-06-30T00:00:00","date_gmt":"2017-06-30T00:00:00","guid":{"rendered":"https:\/\/www.eft.ba\/web\/praktina-nastava-iz-predmeta-skijanje-vlasi-05-11022016\/"},"modified":"2017-06-30T00:00:00","modified_gmt":"2017-06-30T00:00:00","slug":"praktina-nastava-iz-predmeta-skijanje-vlasi-05-11022016","status":"publish","type":"page","link":"https:\/\/www.eft.ba\/web\/praktina-nastava-iz-predmeta-skijanje-vlasi-05-11022016\/","title":{"rendered":"Prakti\u010dna nastava iz predmeta Skijanje, Vla\u0161i\u0107 05.-11.02.2016"},"content":{"rendered":"ngg_shortcode_0_placeholder\n","protected":false},"excerpt":{"rendered":"[Show slideshow] 1 2 &#9658;","protected":false},"author":1,"featured_media":0,"parent":0,"menu_order":0,"comment_status":"closed","ping_status":"closed","template":"","meta":{"ngg_post_thumbnail":0},"_links":{"self":[{"href":"https:\/\/www.eft.ba\/web\/wp-json\/wp\/v2\/pages\/50378"}],"collection":[{"href":"https:\/\/www.eft.ba\/web\/wp-json\/wp\/v2\/pages"}],"about":[{"href":"https:\/\/www.eft.ba\/web\/wp-json\/wp\/v2\/types\/page"}],"author":[{"embeddable":true,"href":"https:\/\/www.eft.ba\/web\/wp-json\/wp\/v2\/users\/1"}],"replies":[{"embeddable":true,"href":"https:\/\/www.eft.ba\/web\/wp-json\/wp\/v2\/comments?post=50378"}],"version-history":[{"count":0,"href":"https:\/\/www.eft.ba\/web\/wp-json\/wp\/v2\/pages\/50378\/revisions"}],"wp:attachment":[{"href":"https:\/\/www.eft.ba\/web\/wp-json\/wp\/v2\/media?parent=50378"}],"curies":[{"name":"wp","href":"https:\/\/api.w.org\/{rel}","templated":true}]}}