{"id":421,"date":"2017-06-29T09:10:46","date_gmt":"2017-06-29T09:10:46","guid":{"rendered":"http:\/\/www.eft.ba\/web\/?page_id=421"},"modified":"2018-04-04T14:19:27","modified_gmt":"2018-04-04T14:19:27","slug":"asocijacija-studenata","status":"publish","type":"page","link":"https:\/\/www.eft.ba\/web\/asocijacija-studenata\/","title":{"rendered":"Asocijacija studenata"},"content":{"rendered":"<p><img class=\"size-medium wp-image-422 aligncenter\" src=\"http:\/\/www.eft.ba\/web\/wp-content\/uploads\/2017\/06\/aseft-300x253.jpg\" alt=\"\" width=\"300\" height=\"253\"><\/p>\n<p><strong>A<\/strong><strong>SOCIJACIJA <\/strong><strong>S<\/strong><strong>TUDENATA <\/strong><strong>E<\/strong><strong>DUKACIJSKOG <\/strong><strong>F<\/strong><strong>AKULTETA <\/strong><strong>T<\/strong><strong>RAVNIK<\/strong><\/p>\n<p>&nbsp;<\/p>\n<p>Asocijacija studenata Edukacijskog fakulteta je nevladina i vanstrana\u010dka organizacija studenata Edukacijskog fakulteta Univerziteta u Travniku. Asocijacija je osnovana kako bi studentima pru\u017eala dodatne mogu\u0107nosti da unaprijede svoja znanja i kompetencije koji se sti\u010du svekolikim aktivnostima na jednoj visoko\u0161kolskoj instituciji.<\/p>\n<p>Asocijacija studenata Edukacijskog fakulteta <strong>(ASEFT)<\/strong> usmjerena je prema studenstkoj populaciji, ali i drugim mladim ljudima op\u0107enito. Asocijacija zastupa interese svih svojih \u010dlanova, s osnovim ciljevima:<\/p>\n<p>\u00b7&nbsp;&nbsp;&nbsp;&nbsp;&nbsp;&nbsp;&nbsp;&nbsp; Razmjena iskustava studenata Edukacijskog fakulteta Univerziteta u Travniku sa ostalim studentima, organizacijama i univerzitetima u regiji i svijetu;<\/p>\n<p>\u00b7&nbsp;&nbsp;&nbsp;&nbsp;&nbsp;&nbsp;&nbsp;&nbsp; Prikupljanje informacija o organizaciji i djelovanju fakulteta;<\/p>\n<p>\u00b7&nbsp;&nbsp;&nbsp;&nbsp;&nbsp;&nbsp;&nbsp;&nbsp; Razmjena stru\u010dnih iskustava me\u0111u \u010dlanovima udru\u017eenja;<\/p>\n<p>\u00b7&nbsp;&nbsp;&nbsp;&nbsp;&nbsp;&nbsp;&nbsp;&nbsp; Organizacija razli\u010ditih projetaka od obrazovnog zna\u010daja;<\/p>\n<p>\u00b7&nbsp;&nbsp;&nbsp;&nbsp;&nbsp;&nbsp;&nbsp;&nbsp; Podr\u0161ka i pru\u017eanje instrukcija mladima koji se \u017eele baviti sportom, matematikom, informatikom, pedagogijom, psihologijom, jezikom, knji\u017eevno\u0161\u0107u te podr\u0161ka i pru\u017eanje instrukcija iz svih ostalih nastavno-nau\u010dnih oblasti koje se izu\u010davaju na Edukacijskom fakultetu;<\/p>\n<p>\u00b7&nbsp;&nbsp;&nbsp;&nbsp;&nbsp;&nbsp;&nbsp;&nbsp; Osnivanje sekcija \u010dlanova radi organiziranog i kontinuiranog odr\u017eavanja navedenih aktivnosti;<\/p>\n<p>\u00b7&nbsp;&nbsp;&nbsp;&nbsp;&nbsp;&nbsp;&nbsp;&nbsp; Organizacija dobovoljnih akcija mladih s namjerom realizacije ciljeva asocijacije;<\/p>\n<p>\u00b7&nbsp;&nbsp;&nbsp;&nbsp;&nbsp;&nbsp;&nbsp;&nbsp; Unapre\u0111enje sportskog i zabavnog \u017eivota mladih;<\/p>\n<p>\u00b7&nbsp;&nbsp;&nbsp;&nbsp;&nbsp;&nbsp;&nbsp;&nbsp; Organiziranje kulturnih, sportskih i drugih manifestacija u humanitarne svrhe.<\/p>\n<p>&nbsp;<\/p>\n<div>Predsjednik ASEFT-a:<\/div>\n<div>Amina Perenda &#8211;&nbsp;<a href=\"http:\/\/www.eft.ba\/web\/wp-content\/uploads\/2018\/04\/Amina-Perenda-CV-1.pdf\">Amina Perenda CV<\/a><\/div>\n<div>&nbsp;<\/div>\n<div>Zapisni\u010dar:<\/div>\n<div>Almedina Spahi\u0107 &#8211;&nbsp;<a href=\"http:\/\/www.eft.ba\/web\/wp-content\/uploads\/2018\/04\/Almedina-Spahic-CV.pdf\">Almedina Spahic CV<\/a><\/div>\n<div>&nbsp;<\/div>\n<div>\u010clanovi:<\/div>\n<div>\u0160ejla Smaji\u0107 &#8211;&nbsp;<a href=\"http:\/\/www.eft.ba\/web\/wp-content\/uploads\/2018\/04\/\u0160ejla-Smaji\u0107-CV.pdf\">\u0160ejla Smaji\u0107 CV<\/a><\/div>\n<div>Ned\u017ela Kadi\u0107 &#8211; <a href=\"http:\/\/www.eft.ba\/web\/wp-content\/uploads\/2018\/04\/Nedzla-Kadic-CV-1.pdf\">Nedzla Kadic CV<\/a>&nbsp;<\/div>\n<div>Fikreta Keri\u0107 &#8211;&nbsp;<a href=\"http:\/\/www.eft.ba\/web\/wp-content\/uploads\/2018\/04\/Fikreta-Keric-CV.pdf\">Fikreta Keric CV<\/a><\/div>\n<div>Ivona Mato\u0161evi\u0107 &#8211;&nbsp;<a href=\"http:\/\/www.eft.ba\/web\/wp-content\/uploads\/2018\/04\/Ivona-Matosevic-CV.pdf\">Ivona Matosevic CV<\/a><\/div>\n<div>Katarina Boti\u0107 &#8211;&nbsp;<a href=\"http:\/\/www.eft.ba\/web\/wp-content\/uploads\/2018\/04\/Katarina-Botic-CV.pdf\">Katarina Botic CV<\/a><\/div>\n<div>Almedina \u010curi\u0107 &#8211;&nbsp;<a href=\"http:\/\/www.eft.ba\/web\/wp-content\/uploads\/2018\/04\/Almedina-Curic-CV.pdf\">Almedina Curic CV<\/a><\/div>\n<div>Erika Had\u017eimahmutovi\u0107 &#8211;&nbsp;<a href=\"http:\/\/www.eft.ba\/web\/wp-content\/uploads\/2018\/04\/Erika-Hadzimahmutovic-CV.pdf\">Erika Hadzimahmutovic CV<\/a><\/div>\n<div>Harisa \u0110elilba\u0161i\u0107 &#8211;&nbsp;<a href=\"http:\/\/www.eft.ba\/web\/wp-content\/uploads\/2018\/04\/Harisa-Djelilbasic-CV.pdf\">Harisa Djelilbasic CV<\/a><\/div>\n<div>Aida Pali\u0107 &#8211;&nbsp;<a href=\"http:\/\/www.eft.ba\/web\/wp-content\/uploads\/2018\/04\/Aida-PalicCV.pdf\">Aida Palic CV<\/a><\/div>\n<div>Safija Omerdi\u0107 &#8211;&nbsp;<a href=\"http:\/\/www.eft.ba\/web\/wp-content\/uploads\/2018\/04\/Safija-Omerdic-CV.pdf\">Safija Omerdic CV<\/a><\/div>\n<div>Lamija Grabus &#8211;&nbsp;<a href=\"http:\/\/www.eft.ba\/web\/wp-content\/uploads\/2018\/04\/Lamija-Grabus-CV.pdf\">Lamija Grabus CV<\/a><\/div>\n","protected":false},"excerpt":{"rendered":"<p>ASOCIJACIJA STUDENATA EDUKACIJSKOG FAKULTETA TRAVNIK &nbsp; Asocijacija studenata Edukacijskog fakulteta je nevladina i vanstrana\u010dka organizacija studenata Edukacijskog fakulteta Univerziteta u Travniku. Asocijacija je osnovana kako bi studentima pru\u017eala dodatne mogu\u0107nosti da unaprijede svoja znanja i kompetencije koji se sti\u010du svekolikim aktivnostima na jednoj visoko\u0161kolskoj instituciji. Asocijacija studenata Edukacijskog fakulteta (ASEFT) usmjerena je prema studenstkoj populaciji, [&hellip;]<\/p>\n","protected":false},"author":1,"featured_media":0,"parent":0,"menu_order":0,"comment_status":"closed","ping_status":"closed","template":"","meta":{"ngg_post_thumbnail":0},"_links":{"self":[{"href":"https:\/\/www.eft.ba\/web\/wp-json\/wp\/v2\/pages\/421"}],"collection":[{"href":"https:\/\/www.eft.ba\/web\/wp-json\/wp\/v2\/pages"}],"about":[{"href":"https:\/\/www.eft.ba\/web\/wp-json\/wp\/v2\/types\/page"}],"author":[{"embeddable":true,"href":"https:\/\/www.eft.ba\/web\/wp-json\/wp\/v2\/users\/1"}],"replies":[{"embeddable":true,"href":"https:\/\/www.eft.ba\/web\/wp-json\/wp\/v2\/comments?post=421"}],"version-history":[{"count":4,"href":"https:\/\/www.eft.ba\/web\/wp-json\/wp\/v2\/pages\/421\/revisions"}],"predecessor-version":[{"id":61348,"href":"https:\/\/www.eft.ba\/web\/wp-json\/wp\/v2\/pages\/421\/revisions\/61348"}],"wp:attachment":[{"href":"https:\/\/www.eft.ba\/web\/wp-json\/wp\/v2\/media?parent=421"}],"curies":[{"name":"wp","href":"https:\/\/api.w.org\/{rel}","templated":true}]}}