{"id":37,"date":"2017-06-28T11:25:50","date_gmt":"2017-06-28T11:25:50","guid":{"rendered":"http:\/\/www.eft.ba\/web\/?page_id=37"},"modified":"2021-04-14T13:58:04","modified_gmt":"2021-04-14T13:58:04","slug":"administracija","status":"publish","type":"page","link":"https:\/\/www.eft.ba\/web\/fakultet\/administracija\/","title":{"rendered":"Administracija"},"content":{"rendered":"<h1 class=\"uk-article-title\">Administracija<\/h1>\n<div>\n<p><em>Studentska slu\u017eba:<\/em><\/p>\n<p>Medina \u0160abi\u0107, referent studentske slu\u017ebe<\/p>\n<p>Ilhana Dervi\u0107, referent studentske slu\u017ebe<\/p>\n<p>&nbsp;<\/p>\n<p>&nbsp;<\/p>\n<\/div>\n","protected":false},"excerpt":{"rendered":"<p>Administracija Studentska slu\u017eba: Medina \u0160abi\u0107, referent studentske slu\u017ebe Ilhana Dervi\u0107, referent studentske slu\u017ebe &nbsp; &nbsp;<\/p>\n","protected":false},"author":1,"featured_media":0,"parent":15,"menu_order":0,"comment_status":"closed","ping_status":"closed","template":"","meta":{"ngg_post_thumbnail":0},"_links":{"self":[{"href":"https:\/\/www.eft.ba\/web\/wp-json\/wp\/v2\/pages\/37"}],"collection":[{"href":"https:\/\/www.eft.ba\/web\/wp-json\/wp\/v2\/pages"}],"about":[{"href":"https:\/\/www.eft.ba\/web\/wp-json\/wp\/v2\/types\/page"}],"author":[{"embeddable":true,"href":"https:\/\/www.eft.ba\/web\/wp-json\/wp\/v2\/users\/1"}],"replies":[{"embeddable":true,"href":"https:\/\/www.eft.ba\/web\/wp-json\/wp\/v2\/comments?post=37"}],"version-history":[{"count":7,"href":"https:\/\/www.eft.ba\/web\/wp-json\/wp\/v2\/pages\/37\/revisions"}],"predecessor-version":[{"id":67111,"href":"https:\/\/www.eft.ba\/web\/wp-json\/wp\/v2\/pages\/37\/revisions\/67111"}],"up":[{"embeddable":true,"href":"https:\/\/www.eft.ba\/web\/wp-json\/wp\/v2\/pages\/15"}],"wp:attachment":[{"href":"https:\/\/www.eft.ba\/web\/wp-json\/wp\/v2\/media?parent=37"}],"curies":[{"name":"wp","href":"https:\/\/api.w.org\/{rel}","templated":true}]}}