{"id":35,"date":"2017-06-28T11:25:26","date_gmt":"2017-06-28T11:25:26","guid":{"rendered":"http:\/\/www.eft.ba\/web\/?page_id=35"},"modified":"2017-06-29T13:10:01","modified_gmt":"2017-06-29T13:10:01","slug":"profesori","status":"publish","type":"page","link":"https:\/\/www.eft.ba\/web\/fakultet\/profesori\/","title":{"rendered":"Profesori"},"content":{"rendered":"<h1>Profesori Edukacijskog fakulteta<\/h1>\n<p>Menad\u017ement Edukacijskog fakulteta dugoro\u010dan uspjeh i vrijednost institucije temelji na vlastitom ljudskom potencijalu \u010dija su se znanja, iskustva, vje\u0161tine i sposobnosti ispostavila kao jednan od klju\u010dnih faktora nastavno-nau\u010dne i poslovne uspje\u0161nosti.<\/p>\n<p>Od osnivanja i utemeljenja Edukacijskog fakulteta menad\u017ement se vodio time da nastavni proces i nau\u010dnoistra\u017eiva\u010dki rad provode samo najbolji i najpriznatiji doma\u0107i i me\u0111unarodni stru\u010dnjaci u nau\u010dnim podru\u010djima i nau\u010dnim granama artikuliranim na fakultetu. Pritom, a \u0161to je jako va\u017eno, menad\u017ement je nastojao da uposli one mlade nau\u010dnike koji su jo\u0161 kao studenti ostvarili zapa\u017eene rezultate u nauci, sportu, umjetnosti i drugim dru\u0161tvenim djelatnostima.<\/p>\n<p>Nastavni proces na Edukacijskom fakultetu provode eminentni bosasnkohercegova\u010dki i me\u0111unarodni stru\u010dnjaci iz\u00a0podru\u010dja\u00a0dru\u0161tvenih, humanisti\u010dkih i prirodnih nauka i nau\u010dnih podru\u010dja kineziologija, pedagogija, psihologija, odgoj, menad\u017ement, sigurnost, jezik, knji\u017eevnost, matematika te informatika.<\/p>\n","protected":false},"excerpt":{"rendered":"<p>Profesori Edukacijskog fakulteta Menad\u017ement Edukacijskog fakulteta dugoro\u010dan uspjeh i vrijednost institucije temelji na vlastitom ljudskom potencijalu \u010dija su se znanja, iskustva, vje\u0161tine i sposobnosti ispostavila kao jednan od klju\u010dnih faktora nastavno-nau\u010dne i poslovne uspje\u0161nosti. Od osnivanja i utemeljenja Edukacijskog fakulteta menad\u017ement se vodio time da nastavni proces i nau\u010dnoistra\u017eiva\u010dki rad provode samo najbolji i najpriznatiji [&hellip;]<\/p>\n","protected":false},"author":1,"featured_media":0,"parent":15,"menu_order":0,"comment_status":"closed","ping_status":"closed","template":"","meta":{"ngg_post_thumbnail":0},"_links":{"self":[{"href":"https:\/\/www.eft.ba\/web\/wp-json\/wp\/v2\/pages\/35"}],"collection":[{"href":"https:\/\/www.eft.ba\/web\/wp-json\/wp\/v2\/pages"}],"about":[{"href":"https:\/\/www.eft.ba\/web\/wp-json\/wp\/v2\/types\/page"}],"author":[{"embeddable":true,"href":"https:\/\/www.eft.ba\/web\/wp-json\/wp\/v2\/users\/1"}],"replies":[{"embeddable":true,"href":"https:\/\/www.eft.ba\/web\/wp-json\/wp\/v2\/comments?post=35"}],"version-history":[{"count":2,"href":"https:\/\/www.eft.ba\/web\/wp-json\/wp\/v2\/pages\/35\/revisions"}],"predecessor-version":[{"id":8069,"href":"https:\/\/www.eft.ba\/web\/wp-json\/wp\/v2\/pages\/35\/revisions\/8069"}],"up":[{"embeddable":true,"href":"https:\/\/www.eft.ba\/web\/wp-json\/wp\/v2\/pages\/15"}],"wp:attachment":[{"href":"https:\/\/www.eft.ba\/web\/wp-json\/wp\/v2\/media?parent=35"}],"curies":[{"name":"wp","href":"https:\/\/api.w.org\/{rel}","templated":true}]}}