{"id":33,"date":"2017-06-28T11:24:59","date_gmt":"2017-06-28T11:24:59","guid":{"rendered":"http:\/\/www.eft.ba\/web\/?page_id=33"},"modified":"2021-04-16T07:42:29","modified_gmt":"2021-04-16T07:42:29","slug":"kontakt","status":"publish","type":"page","link":"https:\/\/www.eft.ba\/web\/fakultet\/kontakt\/","title":{"rendered":"Kontakt"},"content":{"rendered":"<table width=\"530\">\n<tbody>\n<tr>\n<td>Mr.sci.dr. Nihad Selimovi\u0107, Osniva\u010d fakulteta<br \/>\nTravnik, Bosna i Hercegovina&nbsp;<\/td>\n<td>+38730540876<\/td>\n<\/tr>\n<tr>\n<td>Prof. dr. Hazim Selimovi\u0107 Dekan<br \/>\nTravnik, Bosna i Hercegovina<\/td>\n<td>+38730540876<\/td>\n<\/tr>\n<tr>\n<td>Sekretarijat<\/td>\n<td>+38730540876<\/td>\n<\/tr>\n<tr>\n<td>Studentska slu\u017eba Edukacijski fakultet<br \/>\nTravnik, Bosna I Hercegovina<\/td>\n<td>+38730540876<\/p>\n<p>+38761475922<\/td>\n<\/tr>\n<tr>\n<td>&nbsp;<\/td>\n<td>&nbsp;<\/td>\n<\/tr>\n<tr>\n<td>&nbsp;<\/td>\n<td>&nbsp;<\/td>\n<\/tr>\n<\/tbody>\n<\/table>\n<p>&nbsp;<\/p>\n","protected":false},"excerpt":{"rendered":"<p>Mr.sci.dr. Nihad Selimovi\u0107, Osniva\u010d fakulteta Travnik, Bosna i Hercegovina&nbsp; +38730540876 Prof. dr. Hazim Selimovi\u0107 Dekan Travnik, Bosna i Hercegovina +38730540876 Sekretarijat +38730540876 Studentska slu\u017eba Edukacijski fakultet Travnik, Bosna I Hercegovina +38730540876 +38761475922 &nbsp; &nbsp; &nbsp; &nbsp; &nbsp;<\/p>\n","protected":false},"author":1,"featured_media":0,"parent":15,"menu_order":0,"comment_status":"closed","ping_status":"closed","template":"","meta":{"ngg_post_thumbnail":0},"_links":{"self":[{"href":"https:\/\/www.eft.ba\/web\/wp-json\/wp\/v2\/pages\/33"}],"collection":[{"href":"https:\/\/www.eft.ba\/web\/wp-json\/wp\/v2\/pages"}],"about":[{"href":"https:\/\/www.eft.ba\/web\/wp-json\/wp\/v2\/types\/page"}],"author":[{"embeddable":true,"href":"https:\/\/www.eft.ba\/web\/wp-json\/wp\/v2\/users\/1"}],"replies":[{"embeddable":true,"href":"https:\/\/www.eft.ba\/web\/wp-json\/wp\/v2\/comments?post=33"}],"version-history":[{"count":7,"href":"https:\/\/www.eft.ba\/web\/wp-json\/wp\/v2\/pages\/33\/revisions"}],"predecessor-version":[{"id":67121,"href":"https:\/\/www.eft.ba\/web\/wp-json\/wp\/v2\/pages\/33\/revisions\/67121"}],"up":[{"embeddable":true,"href":"https:\/\/www.eft.ba\/web\/wp-json\/wp\/v2\/pages\/15"}],"wp:attachment":[{"href":"https:\/\/www.eft.ba\/web\/wp-json\/wp\/v2\/media?parent=33"}],"curies":[{"name":"wp","href":"https:\/\/api.w.org\/{rel}","templated":true}]}}