{"id":2868,"date":"2017-06-29T10:18:31","date_gmt":"2017-06-29T10:18:31","guid":{"rendered":"http:\/\/www.eft.ba\/web\/?page_id=2868"},"modified":"2018-04-05T10:39:18","modified_gmt":"2018-04-05T10:39:18","slug":"studentski-parlament-edukacijskog-fakulteta","status":"publish","type":"page","link":"https:\/\/www.eft.ba\/web\/studentski-parlament\/studentski-parlament-edukacijskog-fakulteta\/","title":{"rendered":"Studentski parlament Edukacijskog fakulteta"},"content":{"rendered":"<p>Studentski parlament Edukacijskog fakulteta&nbsp; je krovna studentska organizacija koja zastupa interese studente na na\u0161em fakultetu i Univerzitetu.<\/p>\n<p>U okviru Studentskog Parlamenta Fakulteta imamo Skup\u0161tinu koju \u010dini 12 studentskih predstavnika. Studentskim Parlamentom upravlja predsjednik, zajedno sa potpredsjednikom i generalnim sekretarom. U okviru Studentskog Parlamenta djeluju komisije i timovi koji zajedno sa rukovodstvom \u010dine Predsjedni\u0161tvo Studentskog Parlamenta.<\/p>\n<p>Pored ovoga Studentski Parlament delegira studente u Studentski Parlament Univerziteta u Travniku, koji zastupaju interese studenata na\u0161eg Fakulteta u ovoj organizaciji, a Studentski parlament Univerziteta delegira svoje predstavnike u Senat Univerziteta u Travniku.<\/p>\n<p>Glavni ciljevi Studentskog parlamenta su pobolj\u0161anje kvalitete obrazovanja i studentskog standarda, kao i povezivanje sa ostalim studentskim organizacijama u BiH, regionu i ostalim dijelovima svijeta.<\/p>\n<p>Svrha postojanja ovakve organizacije jeste da za\u0161titi i ostvari prava studenata kao i da se izbori za bolje uslove studiranja:<\/p>\n<p>1.&nbsp;&nbsp;&nbsp;&nbsp;&nbsp; Ostvarivanje bolje komunikacije izme\u0111u Studentskog parlamenta (legitimnih predstavnika studenata), Edukacijskog fakulteta i Univerziteta, te samih studenata Univerziteta u Travniku,<\/p>\n<p>2.&nbsp;&nbsp;&nbsp;&nbsp;&nbsp; Pobolj\u0161anje polo\u017eaja studenata na Fakultetu i Univerzitetu,<\/p>\n<p>3.&nbsp;&nbsp;&nbsp;&nbsp;&nbsp; Podizanje kvaliteta studiranja<\/p>\n<p>4.&nbsp;&nbsp;&nbsp;&nbsp;&nbsp; Za\u0161tita prava studenata;<\/p>\n<p>5.&nbsp;&nbsp;&nbsp;&nbsp;&nbsp; Kvalitetnija implementacija Bolonjskog sistema na Fakultetu i Univerzitetu;<\/p>\n<p>6.&nbsp;&nbsp;&nbsp;&nbsp;&nbsp; Omogu\u0107avanje bolje studentske mobilnosti<\/p>\n<p>7.&nbsp;&nbsp;&nbsp;&nbsp;&nbsp; Isticanje i nagra\u0111ivanje najboljih studenata;<\/p>\n<p>8.&nbsp;&nbsp;&nbsp;&nbsp;&nbsp; Pobolj\u0161anje studentskog standarda;<\/p>\n<p>&nbsp;<\/p>\n<p><strong>Predsjednik Studentskog parlamenta Edukacijskog fakulteta<\/strong><\/p>\n<p>-Fikreta Keri\u0107, II godina &#8211;&nbsp;<a href=\"http:\/\/www.eft.ba\/web\/wp-content\/uploads\/2018\/04\/Fikreta-Keric-CV.pdf\">Fikreta Keric CV<\/a><\/p>\n<p><strong>Zamjenik predsjednika Studentskog parlamenta Edukacijskog fakulteta<\/strong><\/p>\n<p>-Amina Perenda, II godina &#8211;&nbsp;<a href=\"http:\/\/www.eft.ba\/web\/wp-content\/uploads\/2018\/04\/Amina-Perenda-CV.pdf\">Amina Perenda CV<\/a><\/p>\n<p><strong>Zapisni\u010dar na sastancima Studentskog parlamenta Edukacijskog fakulteta<\/strong><\/p>\n<p>-Almedina \u010curi\u0107, I godina &#8211;&nbsp;<a href=\"http:\/\/www.eft.ba\/web\/wp-content\/uploads\/2018\/04\/Almedina-Curic-CV.pdf\">Almedina Curic CV<\/a><\/p>\n<p><strong>Predstavnici Edukacijskog fakulteta u Studentskom parlamentu Univerziteta u Travniku<\/strong><\/p>\n<p>-Fikreta Keri\u0107&nbsp;<\/p>\n<p>-Amina Perenda<\/p>\n<p><strong>Zamjenici predstavnika Edukacijskog fakulteta u Studentskom parlamentu Univerziteta u Travniku<\/strong><\/p>\n<p>-Lamija Grabus, II godina &#8211;&nbsp;<a href=\"http:\/\/www.eft.ba\/web\/wp-content\/uploads\/2018\/04\/Lamija-Grabus-CV.pdf\">Lamija Grabus CV<\/a><\/p>\n<p>-Ana Mato\u0161evi\u0107, II godina<\/p>\n<p><strong>Studentski parlament Edukacijskog fakulteta \u010dine:<\/strong><\/p>\n<p>Erika Had\u017eimahmutovi\u0107 &#8211;&nbsp;<a href=\"http:\/\/www.eft.ba\/web\/wp-content\/uploads\/2018\/04\/Erika-Hadzimahmutovic-CV.pdf\">Erika Hadzimahmutovic CV<\/a><\/p>\n<p>Harisa \u0110elilba\u0161i\u0107 &#8211;&nbsp;<a href=\"http:\/\/www.eft.ba\/web\/wp-content\/uploads\/2018\/04\/Harisa-Djelilbasic-CV.pdf\">Harisa Djelilbasic CV<\/a><\/p>\n<p>Aida Pali\u0107 &#8211;&nbsp;<a href=\"http:\/\/www.eft.ba\/web\/wp-content\/uploads\/2018\/04\/Aida-PalicCV.pdf\">Aida Palic CV<\/a><\/p>\n<p>Ismail Hod\u017ei\u0107 &#8211;<a href=\"http:\/\/www.eft.ba\/web\/wp-content\/uploads\/2018\/04\/Ismail-Hodzic-CV.pdf\">Ismail Hodzic CV<\/a><\/p>\n<p>Hajrija Rami\u0107 &#8211;&nbsp;<a href=\"http:\/\/www.eft.ba\/web\/wp-content\/uploads\/2018\/04\/Hajrija-RamiC-CV.pdf\">Hajrija RamiC CV<\/a><\/p>\n<p>Merjem Sultanovi\u0107 &#8211;&nbsp;<a href=\"http:\/\/www.eft.ba\/web\/wp-content\/uploads\/2018\/04\/Merjem-Sultanovic-CV.pdf\">Merjem Sultanovic CV<\/a><\/p>\n<p>\u0160ejla Smaji\u0107 &#8211;&nbsp;<a href=\"http:\/\/www.eft.ba\/web\/wp-content\/uploads\/2018\/04\/\u0160ejla-Smaji\u0107-CV.pdf\">\u0160ejla Smaji\u0107 CV<\/a><\/p>\n<p>Ned\u017ela Kadi\u0107 &#8211;&nbsp;<a href=\"http:\/\/www.eft.ba\/web\/wp-content\/uploads\/2018\/04\/Nedzla-Kadic-CV-1.pdf\">Nedzla Kadic CV<\/a><\/p>\n","protected":false},"excerpt":{"rendered":"<p>Studentski parlament Edukacijskog fakulteta&nbsp; je krovna studentska organizacija koja zastupa interese studente na na\u0161em fakultetu i Univerzitetu. U okviru Studentskog Parlamenta Fakulteta imamo Skup\u0161tinu koju \u010dini 12 studentskih predstavnika. Studentskim Parlamentom upravlja predsjednik, zajedno sa potpredsjednikom i generalnim sekretarom. U okviru Studentskog Parlamenta djeluju komisije i timovi koji zajedno sa rukovodstvom \u010dine Predsjedni\u0161tvo Studentskog Parlamenta. [&hellip;]<\/p>\n","protected":false},"author":1,"featured_media":0,"parent":427,"menu_order":0,"comment_status":"closed","ping_status":"closed","template":"","meta":{"ngg_post_thumbnail":0},"_links":{"self":[{"href":"https:\/\/www.eft.ba\/web\/wp-json\/wp\/v2\/pages\/2868"}],"collection":[{"href":"https:\/\/www.eft.ba\/web\/wp-json\/wp\/v2\/pages"}],"about":[{"href":"https:\/\/www.eft.ba\/web\/wp-json\/wp\/v2\/types\/page"}],"author":[{"embeddable":true,"href":"https:\/\/www.eft.ba\/web\/wp-json\/wp\/v2\/users\/1"}],"replies":[{"embeddable":true,"href":"https:\/\/www.eft.ba\/web\/wp-json\/wp\/v2\/comments?post=2868"}],"version-history":[{"count":6,"href":"https:\/\/www.eft.ba\/web\/wp-json\/wp\/v2\/pages\/2868\/revisions"}],"predecessor-version":[{"id":61378,"href":"https:\/\/www.eft.ba\/web\/wp-json\/wp\/v2\/pages\/2868\/revisions\/61378"}],"up":[{"embeddable":true,"href":"https:\/\/www.eft.ba\/web\/wp-json\/wp\/v2\/pages\/427"}],"wp:attachment":[{"href":"https:\/\/www.eft.ba\/web\/wp-json\/wp\/v2\/media?parent=2868"}],"curies":[{"name":"wp","href":"https:\/\/api.w.org\/{rel}","templated":true}]}}