{"id":25,"date":"2017-06-28T11:23:12","date_gmt":"2017-06-28T11:23:12","guid":{"rendered":"http:\/\/www.eft.ba\/web\/?page_id=25"},"modified":"2020-02-06T14:58:40","modified_gmt":"2020-02-06T14:58:40","slug":"o-fakultetu","status":"publish","type":"page","link":"https:\/\/www.eft.ba\/web\/fakultet\/o-fakultetu\/","title":{"rendered":"O fakultetu"},"content":{"rendered":"<h1 class=\"uk-article-title\">O Edukacijskom fakultetu<\/h1>\n<div>\n<p>Edukacijski fakultet \u010dlanica je Univerziteta u Travniku, prvog i najstarijeg privatnog univerziteta na podru\u010dju Srednjobosanskog kantona. Svoje aktivnosti Univerzitet u Travniku zapo\u010deo je 2006. godine osnivanjem i utemeljenjem Fakulteta, koji se i danas nalaze u njegovom sastavu. Osnivanje jednog ovakvog univerziteta imalo je za cilj da se uz visoke kriterije i standarde koji va\u017ee za studije u skladu sa odredbama Bolonjske deklaracije, osigura efikasno obrazovanje i izuzetno visok nivo kvaliteta nastave i nastavnog procesa, provo\u0111enje nau\u010dnih istra\u017eivanja, educiranje mladih i njihovo uklju\u010denje u nastavu i istra\u017eivanje, podsticanje mobilnosti te prijenos znanja i tehnologija na dru\u0161tvo u kojem \u017eivimo.<\/p>\n<p><strong>Historija Edukacijskog fakulteta<\/strong><\/p>\n<p>Kineziolo\u0161ki fakultet osnovan je krajem 2006. godine kada postaje sastavnica prvog privatnog univerziteta u gradu Travniku \u2013 Univerziteta u Travniku. Ubrzo nakon osnivanja Kineziolo\u0161ki fakultet osigurava prvi ugovor o saradnji i sti\u010de uslove za anga\u017eiranje nekih od najistaknutijih i najpriznatijih \u010dlanova akademske zajednice na\u0161e zemlje i zemalja okru\u017eenja.<\/p>\n<p>U prvoj akademskoj godini Kineziolo\u0161ki fakultet raspisuje konkurs za upis na \u010detiri studijska smjera prvog ciklusa studija \u2013&nbsp;<em>Op\u0107a kineziologija<\/em>,&nbsp;<em>Sportski menad\u017ement<\/em>,&nbsp;<em>Specijalne namjene (vojska policija i za\u0161titari)<\/em>&nbsp;i&nbsp;<em>Sport \u2013 trenerska<\/em>.<\/p>\n<p>Po\u010detkom 2009. godine Kineziolo\u0161ki fakultet premje\u0161ta svoje sjedi\u0161te&nbsp;iz travni\u010dkog naselja Kalibunar u novu \u2013 vlastitu zgradu u ulici Aleja konzula broj 5. Iste godine Kineziolo\u0161ki fakultet mijenja naziv u&nbsp;<strong>Edukacijski fakultet<\/strong>, te pored postoje\u0107ih studijskih smjerova uvodi nove smjerove \u2013&nbsp;<em>Razredna nastava<\/em>,&nbsp;<em>B\/H\/S jezik i knji\u017eevnost<\/em>,&nbsp;<em>Informatika i matematika, te nakon navedenih, a u skladu sa analizom potreba tr\u017ei\u0161ta rada uvodi studijske smjerove Pedagogija i psihologija, Pred\u0161kolski odgoj, Novinarstvo i Personalni trener<\/em>.<\/p>\n<p>Opredjeljenje menad\u017ementa fakulteta da, s jedne strane, u temelje institucije ugradi, za to vrijeme nove metode pristupa nastavnom radu u procesu visokog obrazovanja, kao \u0161to su&nbsp;<em>interaktivna nastava<\/em>,&nbsp;<em>student kao subjekt nastavnog procesa<\/em>,&nbsp;<em>stalna dostupnost profesora i asistenata studentima<\/em>,&nbsp;<em>a\u017eurnost u radu studentske slu\u017ebe<\/em>&nbsp;i&nbsp;<em>drugih slu\u017ebi fakulteta<\/em>&nbsp;te da se, s druge strane, orijentira prema promociji kulture kvaliteta i ulaganja u ljudske i fizi\u010dke resurse. Ovakav na\u010din rada&nbsp; rezultirao je stalnim rastom broja ukupno upisanih studenata iz na\u0161e zemlje, ali i studenata iz susjednih zemalja, Evrope i svijeta.<\/p>\n<p>Naredno poglavlje u historiji Edukacijskog fakulteta ozna\u010dilo je otvaranje drugog ciklusa \u2013 postdiplomskog studija za sve studijske smjerove koji su zastupljeni i na Prvom ciklusu studija.<\/p>\n<p>Po\u010detkom akademske 2013\/2014. godine zaklju\u010den je projekat do sada najve\u0107e materijalne investicije u pro\u0161irenje prostora i unapre\u0111enje materijalno-tehni\u010dkih resursa u okviru kojega je u\u010dili\u0161ni ambijent pro\u0161iren za dodatnih 3.000 kvadratnih metara prostora ure\u0111enog prema najstro\u017eijim kriterijima u oblasti standarda savremenog visokog obrazovanja. Zahvaljuju\u0107i tome danas se nastavni proces na Edukacijskom fakultetu odvija u u\u010dionicama, multimedijalnim u\u010dionicama, amfiteatrima, informati\u010dkim kabinetima i konferencijskim salama, dakle, u ambijentu koji na ukupnih 5.000 kvadratnih metara kvalitetnog i reprezentativnog prostora prema\u0161uje evropske i svjetske granice.<\/p>\n<p>Posljednje poglavlje u skoro deceniju dugoj historiji Edukacijskog fakulteta ozna\u010dilo je otvaranje tre\u0107eg ciklusa \u2013 doktorskog studija u podru\u010dju dru\u0161tvenih, humanisti\u010dkih i prirodnih nauka, odnosno u nau\u010dnim poljima kineziologije, pedagogije, metodici razredne nastave, menad\u017ementa u obrazovanju, matematici i informatici, B\/H\/S jeziku i knji\u017eevnosti.<\/p>\n<p><strong>Edukacijski fakultet danas<\/strong><\/p>\n<p>Danas, Edukacijski fakultet posjeduje najsavremeniju nastavnu opremu i predstavlja jedan od vode\u0107ih institucija u toj oblasti, a nastavni proces provode najugledniji i najpriznatiji bosanskohercegova\u010dki i me\u0111unarodni nau\u010dnici iz razli\u010ditih oblasti.<\/p>\n<p>Na Edukacijskom fakultetu odgojno-obrazovni rad se odvija u skladu sa najsavremenijim svjetskim obrazovnim standardima. U ugodnoj atmosferi i razli\u010ditim studijskim programima svako mo\u017ee odabrati podru\u010dje koje \u0107e zadovoljiti njegove \u017eelje i sklonosti. Smjerovi na na\u0161em fakultetu: Pred\u0161kolski odgoj, Razredna nastava,&nbsp;Pedagogija i psihologija,&nbsp;Matematika i informatika,&nbsp;Op\u0107a kineziologija, Novinarstvo, B\/H\/S jezik i knji\u017eevnost, Sportski menad\u017ement, Personalni trener, Edukacijski menad\u017ement i Specijalne namjene su mogu\u0107nosti koje danas nudimo na\u0161im studentima.<\/p>\n<p>Uva\u017eavaju\u0107i visoke kriterije i standarde studiranja po bolonjskom principu ula\u017eemo mnogo napora kako bismo postigli visok nivo znanja. U tom smislu, mo\u017eemo kazati da su studijski programi zasnovani na bolonjskim principima i da osiguravaju na\u0161im studentima zavidnu \u0161irinu obrazovanja, potpun intelektualni razvoj, vrhunske kompetencije i eti\u010dke dimenzije nau\u010denog, te razvoj kreativnosti i takmi\u010darskog duha uz iskrenu nadu da \u0107e svi na\u0161i studenti, nakon zavr\u0161enih studija dobiti \u0161ansu da ste\u010dena znanja uspje\u0161no primjenjuju u praksi. Danas na\u0161i studenti imaju mogu\u0107nost obavljanja prakti\u010dne nastave koja se odvija u presti\u017enim vrti\u0107ima, osnovnim i srednjim \u0161kolama, bosanskohercegova\u010dkim i me\u0111unarodnim medijskim ku\u0107ama, sportskim institucijama, trening centrima, specijaliziranim sportskim kampovima i sli\u010dno.<\/p>\n<p>Profesori i asistenti na Edukacijskom fakultetu dostupni su studentima za konsultacije i pomo\u0107 u radu 24 sata, tokom svih 7 dana u sedmici. Studentska slu\u017eba Edukacijskog fakulteta dostupna je studentima za kontakt i informacije 24 sata, tokom 7 dana u sedmici.<\/p>\n<p>Danas, op\u0107a motivacija, namjera i slogan koji slijedi menad\u017ement, uposlenici, ali i studenti Edukacijskog fakulteta koji i defini\u0161u njegovu prirodu i identitet sa\u017eeti su u na prvi pogled jednostavnom, ali semanti\u010dki itekako konotativnom jezi\u010dkom izrazu \u2013&nbsp;<strong>Opredijeljeni za izvrsnost!<\/strong>&nbsp;<\/p>\n<p><strong><em>Mobilnost i me\u0111unarodna saradnja<\/em><\/strong><\/p>\n<p>Edukacijski fakultet je od svog osnivanja radio na razvoju me\u0111unarodnih odnosa, te je oblast me\u0111unarodne saradnje, oblast koja \u0107e i u budu\u0107nosti biti jedan od prvih ciljeva ovog fakulteta. Aktivnosti na realizaciji Bolonjskog procesa u cjelini, pa tako i aktivnosti na afirmaciji evropske dimenzije trebaju voditi ra\u010duna o najva\u017enijem stavu: snaga Evrope i svijeta je u ujedinjenju obrazovanja, uz pronala\u017eenje na\u010dina za harmonizaciju. S obzirom da spomenute aktivnosti imaju dalekose\u017ene posljedice na \u010ditavo dru\u0161tvo, potreban je poseban anga\u017eman ne samo akademske zajednice BiH, stru\u010dnjaka i nadle\u017enih ministarstava obrazovanja i nauke, ve\u0107 vlada svih nivoa i dru\u0161tva u cjelini.<\/p>\n<p>Edukacijski fakultet Univerziteta u Travniku podr\u017eava i ostvaruje posebne projekte u okviru programa Erasmus+. Kroz desetogodi\u0161nje postojanje Edukacijski fakultet je pokazao da visoko\u0161kolske ustanove u Bosni i Hercegovini mogu biti nosioci evropskih projekata, jer je Edukacijski fakultet prvi nosilac i koordinator jednog evropskog projekta u okviru Erasmus + programa, pod nazivom \u201eTeacher\u201c.<\/p>\n<p><strong><em>Nau\u010dna djelatnost<\/em><\/strong><\/p>\n<p>Edukacijski fakultet se isti\u010de i nau\u010dnom djelatno\u0161\u0107u i organiziranjem brojnih nau\u010dnih konferencija, te objavljivanjem nau\u010dnih publikacija.<\/p>\n<p>Neke od organiziranih konferencija su:<\/p>\n<p>Konferencija pod nazivom \u201eKompetencije u pred\u0161kolskom odgoju i obrazovanju\u201c koja je odr\u017eana uz prisustvo brojnih zvanica, partnera na ovome projektu, a ista je odr\u017eana&nbsp;u okviru projekta TEACHER \u010diji je glavni nosilac Edukacijski fakultet Univerzitet u Travniku i jedini Univerzitet u BiH koji je dobio priliku da vodi pojekat u okviru programa Erasmus+.<\/p>\n<p>Edukacijski fakultet je u 2016. godini bio organizator 2. me\u0111unarodne konferencije iz oblasti sporta, nauke, edukacije i razvoja InSSED, \u010diji je cilj umre\u017eavanje kroz projektne ideje u regionalnu mre\u017eu, te da se kroz radionicu &#8220;U susret ERASMUS+ 2017&#8221; napravi zajedni\u010dka vizija koja sve mo\u017ee povezati na zadovoljstvo svih visoko\u0161kolskih ustanova iz regiona. Konferencijska je obuhvatila oblasti iz sportskih nauka, pedagogije i psihologije u sportu, liderstva i izazova, te projektnog djelovanja.&nbsp;<\/p>\n<p>Tako\u0111er, odr\u017eana je i \u201eTre\u0107a me\u0111unarodna znanstvena konferencija u oblasti knji\u017eevnosti i jezika\u201c. Cilj ovog projekta je pru\u017eanje podr\u0161ke kulturnoj manifestaciji Andri\u0107evi dani,&nbsp; ali i da se doprinese nau\u010dnom prou\u010davanju knji\u017eevnog djela Ive Andri\u0107a.<\/p>\n<p>Kada je rije\u010d o nau\u010dnoistra\u017eiva\u010dkoj djelatnosti, treba re\u0107i da Fakultet&nbsp;dobro sara\u0111uje sa svim \u010dlanicama Univerziteta u Travniku, ali i svakodnevno radi na uspostavljanju i odr\u017eavanju dobre saradnje sa srodnim studijima u&nbsp;Bosni i Hercegovini, te drugim europskim zemljama.<\/p>\n<p>Uz redovna predavanja, seminare, vje\u017ebe, ispite te istra\u017eiva\u010dki rad na Edukacijskom fakultetu organiziraju se tribine iz razli\u010ditih podru\u010dja i tema. Osim studentima te su tribine otvorene i svim zainteresiranim osobama.&nbsp;<\/p>\n<p>Edukacijski fakultet objavljuje i \u010dasopise \u201eSport science\u201c i \u201eGrafx\u201c.<\/p>\n<\/div>\n","protected":false},"excerpt":{"rendered":"<p>O Edukacijskom fakultetu Edukacijski fakultet \u010dlanica je Univerziteta u Travniku, prvog i najstarijeg privatnog univerziteta na podru\u010dju Srednjobosanskog kantona. Svoje aktivnosti Univerzitet u Travniku zapo\u010deo je 2006. godine osnivanjem i utemeljenjem Fakulteta, koji se i danas nalaze u njegovom sastavu. Osnivanje jednog ovakvog univerziteta imalo je za cilj da se uz visoke kriterije i standarde [&hellip;]<\/p>\n","protected":false},"author":1,"featured_media":0,"parent":15,"menu_order":0,"comment_status":"closed","ping_status":"closed","template":"","meta":{"ngg_post_thumbnail":0},"_links":{"self":[{"href":"https:\/\/www.eft.ba\/web\/wp-json\/wp\/v2\/pages\/25"}],"collection":[{"href":"https:\/\/www.eft.ba\/web\/wp-json\/wp\/v2\/pages"}],"about":[{"href":"https:\/\/www.eft.ba\/web\/wp-json\/wp\/v2\/types\/page"}],"author":[{"embeddable":true,"href":"https:\/\/www.eft.ba\/web\/wp-json\/wp\/v2\/users\/1"}],"replies":[{"embeddable":true,"href":"https:\/\/www.eft.ba\/web\/wp-json\/wp\/v2\/comments?post=25"}],"version-history":[{"count":5,"href":"https:\/\/www.eft.ba\/web\/wp-json\/wp\/v2\/pages\/25\/revisions"}],"predecessor-version":[{"id":65577,"href":"https:\/\/www.eft.ba\/web\/wp-json\/wp\/v2\/pages\/25\/revisions\/65577"}],"up":[{"embeddable":true,"href":"https:\/\/www.eft.ba\/web\/wp-json\/wp\/v2\/pages\/15"}],"wp:attachment":[{"href":"https:\/\/www.eft.ba\/web\/wp-json\/wp\/v2\/media?parent=25"}],"curies":[{"name":"wp","href":"https:\/\/api.w.org\/{rel}","templated":true}]}}