{"id":202,"date":"2017-06-28T12:28:07","date_gmt":"2017-06-28T12:28:07","guid":{"rendered":"http:\/\/www.eft.ba\/web\/?page_id=202"},"modified":"2021-11-16T13:40:56","modified_gmt":"2021-11-16T13:40:56","slug":"ostali-dokumenti","status":"publish","type":"page","link":"https:\/\/www.eft.ba\/web\/propisi\/ostali-dokumenti\/","title":{"rendered":"Ostali dokumenti"},"content":{"rendered":"<ul>\n<li><a href=\"https:\/\/fts.ba\/nova\/wp-content\/uploads\/2017\/06\/kucni_red.pdf\">Ku\u0107ni red<\/a><\/li>\n<li><a href=\"https:\/\/fts.ba\/nova\/wp-content\/uploads\/2017\/06\/uputstvo_za_koristenje_dl_sistema.pdf\">Uputstvo za koristenje DL-sistema<\/a><\/li>\n<li><a href=\"https:\/\/fts.ba\/nova\/wp-content\/uploads\/2017\/06\/pravila_oblacenja.pdf\">Pravila obla\u010denja<\/a><\/li>\n<li><a href=\"https:\/\/fts.ba\/nova\/wp-content\/uploads\/2017\/06\/eticki_kodeks.pdf\">Eti\u010dki kodeks<\/a><\/li>\n<li><a href=\"https:\/\/fts.ba\/nova\/wp-content\/uploads\/2017\/06\/pravila_za_pisanje_zavrsnog_rada_1.pdf\">Pravila za pisanje zavr\u0161nog rada<\/a><\/li>\n<li><a href=\"https:\/\/fts.ba\/nova\/wp-content\/uploads\/2017\/06\/pravila_za_pisanje_seminarskog_rada.pdf\">Pravila za pisanje seminarskog rada<\/a><\/li>\n<li><a href=\"https:\/\/www.eft.ba\/web\/wp-content\/uploads\/2021\/03\/PRIRUC\u030cNIK-ZA-AKADEMSKO-OSOBLJE-Realizacija-online-nastave-putem-DL-sistema-1_compressed.pdf\">Priru\u010dnik za akademsko osoblje &#8211; realizacija online nastave putem DL sistema<\/a><\/li>\n<li><a href=\"https:\/\/www.eft.ba\/web\/wp-content\/uploads\/2021\/03\/Uputstvo-za-izradu-zavrs\u030cnog-rada-28.11.2019.-2.pdf\">Uputstvo za izradu zavr\u0161nog rada 2019<\/a><\/li>\n<li><a href=\"https:\/\/www.eft.ba\/web\/wp-content\/uploads\/2021\/03\/Uputstvo-za-prijavu-izradu-i-odbranu-magistarskog-rada-na-UNT-Prec\u030cis\u030cc\u0301eni-tekst-2018.-1.pdf\">Uputstvo za prijavu, izradu i odbranu magistarskog rada 2018<\/a><\/li>\n<li><a href=\"https:\/\/www.eft.ba\/web\/wp-content\/uploads\/2021\/03\/Uputstvo-za-izradu-seminarskog-rada-28.11.2019.-1.pdf\">Uputstvo za izradu seminarskog rada 2019<\/a><\/li>\n<\/ul>\n","protected":false},"excerpt":{"rendered":"<p>Ku\u0107ni red Uputstvo za koristenje DL-sistema Pravila obla\u010denja Eti\u010dki kodeks Pravila za pisanje zavr\u0161nog rada Pravila za pisanje seminarskog rada Priru\u010dnik za akademsko osoblje &#8211; realizacija online nastave putem DL sistema Uputstvo za izradu zavr\u0161nog rada 2019 Uputstvo za prijavu, izradu i odbranu magistarskog rada 2018 Uputstvo za izradu seminarskog rada 2019<\/p>\n","protected":false},"author":1,"featured_media":0,"parent":177,"menu_order":0,"comment_status":"closed","ping_status":"closed","template":"","meta":{"ngg_post_thumbnail":0},"_links":{"self":[{"href":"https:\/\/www.eft.ba\/web\/wp-json\/wp\/v2\/pages\/202"}],"collection":[{"href":"https:\/\/www.eft.ba\/web\/wp-json\/wp\/v2\/pages"}],"about":[{"href":"https:\/\/www.eft.ba\/web\/wp-json\/wp\/v2\/types\/page"}],"author":[{"embeddable":true,"href":"https:\/\/www.eft.ba\/web\/wp-json\/wp\/v2\/users\/1"}],"replies":[{"embeddable":true,"href":"https:\/\/www.eft.ba\/web\/wp-json\/wp\/v2\/comments?post=202"}],"version-history":[{"count":5,"href":"https:\/\/www.eft.ba\/web\/wp-json\/wp\/v2\/pages\/202\/revisions"}],"predecessor-version":[{"id":67854,"href":"https:\/\/www.eft.ba\/web\/wp-json\/wp\/v2\/pages\/202\/revisions\/67854"}],"up":[{"embeddable":true,"href":"https:\/\/www.eft.ba\/web\/wp-json\/wp\/v2\/pages\/177"}],"wp:attachment":[{"href":"https:\/\/www.eft.ba\/web\/wp-json\/wp\/v2\/media?parent=202"}],"curies":[{"name":"wp","href":"https:\/\/api.w.org\/{rel}","templated":true}]}}