{"id":19,"date":"2017-06-28T11:21:17","date_gmt":"2017-06-28T11:21:17","guid":{"rendered":"http:\/\/www.eft.ba\/web\/?page_id=19"},"modified":"2020-02-06T14:59:56","modified_gmt":"2020-02-06T14:59:56","slug":"rijec-dekana","status":"publish","type":"page","link":"https:\/\/www.eft.ba\/web\/fakultet\/rijec-dekana\/","title":{"rendered":"Rije\u010d dekana"},"content":{"rendered":"<p>Po\u0161tovani studenti,<\/p>\n<p>Va\u0161 najva\u017eniji zadatak je odabrati obrazovanje koje \u0107e Vam u budu\u0107nosti omogu\u0107iti jednu od boljih pozicija u kvalitetnoj kompaniji ili obrazovanje koje \u0107e Vas u\u010diniti dobrim poduzetnikom&nbsp; i na taj na\u010din Vam pokazati da ste napravili ispravnu odluku. &nbsp;Jer kao \u0161to je veliki mislilac Konfucije rekao: <strong>\u201eBirajte posao koji volite, i ne\u0107ete morati da radite nijedan dan do kraja \u017eivota\u201c.<\/strong> Izabrati poziv&nbsp; koji \u0107e su\u0161tinski odrediti&nbsp;Va\u0161 profesionalni \u017eivot i karijeru&nbsp; sigurno nije niti jednostavno niti lako. Edukacijski fakultet Univerziteta u Travniku je zasigurno odabir koji \u0107e Va\u0161 budu\u0107i \u017eivotni put u\u010diniti lak\u0161im i boljim, pred Vas \u0107e se postaviti novi zadaci, otvoriti Vam se novi pogledi na svijet i novi izazovi.<\/p>\n<p>Svaka generacija studenata za nas predstavlja novo isku\u0161enje, potrebu da iznova artikuliranom intencijom opravdamo \u010dinjenicu da smo upravo mi izbor Va\u0161e budu\u0107e edukativne i profesionalne orijentacije. Na\u010d cilj jeste obezbijediti \u0161to efikasniju edukaciju i odr\u017eati visok nivo kvaliteta nastavnog procesa. Koncepcija i na\u010din realizacije studijskih programa usmjereni su na \u0161to efektivnije usvajanje teorijskih, kao i prakti\u010dnih znanja i vje\u0161tina. \u017delja nam je da u mladim ljudima prepoznamo i podstaknemo ambiciju i intelektualnu radoznalost, te im pru\u017eimo \u0161to kvalitetniju profesionalnu osnovu za uklju\u010divanje u sve oblasti odgojno-obrazovnog rada, te anga\u017eiranje na razli\u010ditim poslovima u zavisnosti od odabranog studijskog smjera. Na\u0161im studentima nudimo poticajno i inovativno okru\u017eenje nastoje\u0107i da&nbsp; ih nau\u010dimo da postanu aktivni i neovisni istra\u017eiva\u010di znanja, budu\u0107i stru\u010dnjaci koji \u0107e razviti vje\u0161tine za cjelo\u017eivotno u\u010denje s visokim \u017eivotnim i profesionalnim vrijednostima, budu\u0107i da se od svih nas pojedina\u010dno zahtijeva da cijeli svoj radni vijek nosimo obavezu stalnog u\u010denja i pro\u0161irivanja znanja.<\/p>\n<p>Iskreno se nadam da ste prepoznali kvalitet koje posjeduje na\u0161 fakultet, te da \u0107e odabir Va\u0161eg \u017eivotnog poziva uklju\u010divati na\u0161 fakultet. \u017delim da Vam odabir upravo na\u0161eg fakulteta rezultira ostvarenjem namjera i \u017eelja koje ste imali na umu kada ste donijeli odluku da nam se pridru\u017eite.<\/p>\n<p>S po\u0161tovanjem,<\/p>\n<p>Dekan Edukacijskog fakulteta<\/p>\n<p>Prof. dr. Hazim Selimovi\u0107<\/p>\n","protected":false},"excerpt":{"rendered":"<p>Po\u0161tovani studenti, Va\u0161 najva\u017eniji zadatak je odabrati obrazovanje koje \u0107e Vam u budu\u0107nosti omogu\u0107iti jednu od boljih pozicija u kvalitetnoj kompaniji ili obrazovanje koje \u0107e Vas u\u010diniti dobrim poduzetnikom&nbsp; i na taj na\u010din Vam pokazati da ste napravili ispravnu odluku. &nbsp;Jer kao \u0161to je veliki mislilac Konfucije rekao: \u201eBirajte posao koji volite, i ne\u0107ete morati [&hellip;]<\/p>\n","protected":false},"author":1,"featured_media":0,"parent":15,"menu_order":0,"comment_status":"closed","ping_status":"closed","template":"","meta":{"ngg_post_thumbnail":0},"_links":{"self":[{"href":"https:\/\/www.eft.ba\/web\/wp-json\/wp\/v2\/pages\/19"}],"collection":[{"href":"https:\/\/www.eft.ba\/web\/wp-json\/wp\/v2\/pages"}],"about":[{"href":"https:\/\/www.eft.ba\/web\/wp-json\/wp\/v2\/types\/page"}],"author":[{"embeddable":true,"href":"https:\/\/www.eft.ba\/web\/wp-json\/wp\/v2\/users\/1"}],"replies":[{"embeddable":true,"href":"https:\/\/www.eft.ba\/web\/wp-json\/wp\/v2\/comments?post=19"}],"version-history":[{"count":4,"href":"https:\/\/www.eft.ba\/web\/wp-json\/wp\/v2\/pages\/19\/revisions"}],"predecessor-version":[{"id":56183,"href":"https:\/\/www.eft.ba\/web\/wp-json\/wp\/v2\/pages\/19\/revisions\/56183"}],"up":[{"embeddable":true,"href":"https:\/\/www.eft.ba\/web\/wp-json\/wp\/v2\/pages\/15"}],"wp:attachment":[{"href":"https:\/\/www.eft.ba\/web\/wp-json\/wp\/v2\/media?parent=19"}],"curies":[{"name":"wp","href":"https:\/\/api.w.org\/{rel}","templated":true}]}}