{"id":17,"date":"2017-06-28T11:20:50","date_gmt":"2017-06-28T11:20:50","guid":{"rendered":"http:\/\/www.eft.ba\/web\/?page_id=17"},"modified":"2017-07-25T13:15:51","modified_gmt":"2017-07-25T13:15:51","slug":"dekanat","status":"publish","type":"page","link":"https:\/\/www.eft.ba\/web\/fakultet\/dekanat\/","title":{"rendered":"Dekanat"},"content":{"rendered":"<h1 class=\"uk-article-title\">Dekanat<\/h1>\n<div>\n<p><strong>Ne za \u0161kolu, ve\u0107 za \u017eivot u\u010dimo. (latinska izreka)<\/strong><\/p>\n<p>Edukacijski fakultet Univerziteta u Travniku visoko\u0161kolska je ustanova koja nije sasvim slu\u010dajno smje\u0161tena u vezirskom gradu. Utemeljen je s namjerom da u prostoru koji u svojoj vi\u0161estoljetno dugoj historiji nije imala autohtoni fakultet, stvara nove vrijednosti i zadovoljava potrebe dru\u0161tva za najvi\u0161im stepenom obrazovanja.<\/p>\n<p>Na tragu duha i ideja Bolonjske deklaracije unutar evropskog akademskog prostora Edukacijski fakultet svojim studentima pru\u017ea kvalitetnu profesionalnu osnovu za uklju\u010divanje u sve oblasti odgojno-obrazovnog rada, te anga\u017eiranje na poslovima u odgojno-obrazovnim institucijama, poslovima menad\u017ementa u sportu, poslovima u oru\u017eanim snagama, policijskim i za\u0161titarskim agencijama kao i dobru osnovu za nau\u010dnoistra\u017eiva\u010dki rad na mati\u010dnom fakultetu i na srodnim fakultetima. Edukacijski fakultet nastao je kao rezultat dobre organizacije, stru\u010dnosti i nadasve entuzijazma ukupnog radnog osoblja Fakulteta, ali i na\u0161ih studenata koji su doprinijeli razvoju na\u0161e ustanove u iznimno va\u017enu instituciju. Od osnivanja do danas, Edukacijski fakultet Univerziteta u Travniku je posve\u0107en misiji uspostavljanja najvi\u0161ih akademskih standarda i obezbje\u0111ivanju sticanja znanja i vje\u0161tina u skladu sa potrebama dru\u0161tva i projektovanim dru\u0161tvenim razvojem, odnosno da nastavnim sadr\u017eajima i primjenom savremenih metoda obrazovanja povezanim sa nau\u010dno-istra\u017eiva\u010dkim procesom, obrazuje mlade i kvalitetne stru\u010dnjake u razli\u010ditim oblastima.&nbsp;Edukacijski fakultet Univerziteta u Travniku kao akreditovana visoko\u0161kolska ustanova iz dana u dan pokazuje da su namjere osniva\u010da da se osnuje respektabilna visoko\u0161kolska ustanova ostvarena kroz rezultate realizovane u proteklom periodu.&nbsp; Kroz desetogodi\u0161nje postojanje Edukacijski fakultet sru\u0161io je predrasude i pokazao da visoko\u0161kolske ustanove mogu biti nosioci evropskih projekata, jer je Edukacijski fakultet prvi nosilac i koordinator jednog evropskog projekta u okviru Erasmus+ programa.<\/p>\n<p>Na Edukacijskom fakultetu odgojno-obrazovni rad se odvija u skladu sa najsavremenijim svjetskim obrazovnim standardima. U ugodnoj atmosferi i razli\u010ditim studijskim programima svako mo\u017ee odabrati podru\u010dje koje \u0107e zadovoljiti njegove \u017eelje i sklonosti. Pred\u0161kolski odgoj, Razredna nastava,&nbsp;Pedagogija i psihologija,&nbsp;Matematika i informatika,&nbsp;Op\u0107a kineziologija, Sportski menad\u017ement, Specijalne namjene, Personalni trener, Novinarstvo, Edukacijski menad\u017ement i B\/H\/S jezik i knji\u017eevnost su mogu\u0107nosti koje nudimo na\u0161im studentima.<\/p>\n<p>Fakultet je u privatnom vlasni\u0161tvu i predstavlja skladno razvijen akademski kolektiv, a po kadrovskim, materijalnim i programskim resursima i kvalitetima vode\u0107i je u ovoj oblasti u Bosni i Hercegovini, ali i u regionu. Nastavni proces na Edukacijskom fakultetu popra\u0107en je najsavremenijom nastavnom opremom, a provode ga najugledniji i najpriznatiji bosanskohercegova\u010dki i me\u0111unarodni nau\u010dnici. Stoga, Fakultet predstavlja ideju vodilju, ideju su\u017eivota, multikulturalnih&nbsp; i civilizacijskih normi, a sve u funkciji op\u0107eg dobra.<\/p>\n<p>Osnovni cilj uposlenika na Edukacijskom fakultetu je da&nbsp;kod&nbsp;na\u0161ih studenata razviju odgojne vrijednosti, ali i da steknu profesionalne kompetencije, te da fakultet ne bude samo mjesto gdje \u0107e studenti ste\u0107i diplomu nego i obrazovni prostor koji \u0107e znanjem potkrijepiti ste\u010deni dokument. Stoga, ne apsolutiziramo prolaznost ve\u0107 zavidan stepen znanja koji je potreban novim generacijama. Takav pristup njegovali smo od na\u0161eg osnivanja, a u budu\u0107nosti nam slijedi nastavak napornog rada \u0161to, izme\u0111u ostaloga, zna\u010di uvo\u0111enje novih oblika rada, uklju\u010divanje mla\u0111eg nau\u010dnog kadra, ja\u010danje saradnje izme\u0111u fakulteta i jo\u0161 mnogo toga \u0161to \u0107e nas u\u010diniti prepoznatljivim fakultetom za obrazovanje budu\u0107ih edukatora.<\/p>\n<p>Uva\u017eavaju\u0107i visoke kriterije i standarde studiranja po bolonjskom principu ula\u017eemo mnogo napora kako bismo postigli visok nivo znanja. U tom smislu, mo\u017eemo kazati da su studijski programi zasnovani na bolonjskim principima i da osiguravaju na\u0161im studentima zavidnu \u0161irinu obrazovanja, potpun intelektualni razvoj, vrhunske kompetencije i eti\u010dke dimenzije nau\u010denog, te razvoj kreativnosti i takmi\u010darskog duha uz iskrenu nadu da \u0107e svi na\u0161i studenti, nakon zavr\u0161enih studija dobiti \u0161ansu da ste\u010dena znanja uspje\u0161no primjenjuju u praksi.<\/p>\n<p>Izabrati poziv&nbsp;zna\u010di su\u0161tinski odrediti profesionalni \u017eivot i karijeru i to sigurno nije niti jednostavno, niti lahko. Svim kandidatima koji se odlu\u010de za studij na Edukacijskom fakultetu \u017eelim \u010destitati na izuzetnom izboru i nadam se da \u0107e vrijeme provedeno u ovom ugodnom ambijentu rezultirati ostvarenjem njihovih \u017eelja koje su&nbsp;imali na umu u trenutku kada su donijeli odluku da nam se pridru\u017ee.<\/p>\n<p>Kolegice i kolege, dobro do\u0161li u svijet znanja, struke i nauke.&nbsp;Dobro do\u0161li na Edukacijski fakultet Univerziteta u Travniku!<\/p>\n<p><em>Prof. dr. Hazim Selimovi\u0107,<\/em><\/p>\n<p><em>dekan fakulteta<\/em><\/p>\n<\/div>\n","protected":false},"excerpt":{"rendered":"<p>Dekanat Ne za \u0161kolu, ve\u0107 za \u017eivot u\u010dimo. (latinska izreka) Edukacijski fakultet Univerziteta u Travniku visoko\u0161kolska je ustanova koja nije sasvim slu\u010dajno smje\u0161tena u vezirskom gradu. Utemeljen je s namjerom da u prostoru koji u svojoj vi\u0161estoljetno dugoj historiji nije imala autohtoni fakultet, stvara nove vrijednosti i zadovoljava potrebe dru\u0161tva za najvi\u0161im stepenom obrazovanja. Na [&hellip;]<\/p>\n","protected":false},"author":1,"featured_media":0,"parent":15,"menu_order":0,"comment_status":"closed","ping_status":"closed","template":"","meta":{"ngg_post_thumbnail":0},"_links":{"self":[{"href":"https:\/\/www.eft.ba\/web\/wp-json\/wp\/v2\/pages\/17"}],"collection":[{"href":"https:\/\/www.eft.ba\/web\/wp-json\/wp\/v2\/pages"}],"about":[{"href":"https:\/\/www.eft.ba\/web\/wp-json\/wp\/v2\/types\/page"}],"author":[{"embeddable":true,"href":"https:\/\/www.eft.ba\/web\/wp-json\/wp\/v2\/users\/1"}],"replies":[{"embeddable":true,"href":"https:\/\/www.eft.ba\/web\/wp-json\/wp\/v2\/comments?post=17"}],"version-history":[{"count":3,"href":"https:\/\/www.eft.ba\/web\/wp-json\/wp\/v2\/pages\/17\/revisions"}],"predecessor-version":[{"id":56180,"href":"https:\/\/www.eft.ba\/web\/wp-json\/wp\/v2\/pages\/17\/revisions\/56180"}],"up":[{"embeddable":true,"href":"https:\/\/www.eft.ba\/web\/wp-json\/wp\/v2\/pages\/15"}],"wp:attachment":[{"href":"https:\/\/www.eft.ba\/web\/wp-json\/wp\/v2\/media?parent=17"}],"curies":[{"name":"wp","href":"https:\/\/api.w.org\/{rel}","templated":true}]}}