{"id":163,"date":"2017-06-28T12:13:53","date_gmt":"2017-06-28T12:13:53","guid":{"rendered":"http:\/\/www.eft.ba\/web\/?page_id=163"},"modified":"2017-07-26T10:20:45","modified_gmt":"2017-07-26T10:20:45","slug":"bhs-jezik-i-knjizevnost","status":"publish","type":"page","link":"https:\/\/www.eft.ba\/web\/smjerovi\/bhs-jezik-i-knjizevnost\/","title":{"rendered":"B\/H\/S jezik i knji\u017eevnost"},"content":{"rendered":"<p><strong>OPIS STUDIJSKOG SMJERA<\/strong><\/p>\n<p>&nbsp;&nbsp;&nbsp;&nbsp;&nbsp;&nbsp;&nbsp;&nbsp;&nbsp;&nbsp;&nbsp; Studijski program&nbsp;drugog ciklusa \u2013 postdiplomskog\/master studija&nbsp;B\/H\/S jezik i knji\u017eevnost kreiran je da unaprijedi znanja i vje\u0161tine iz lingvistike bosanskog, hrvatskog i srpskog jezika, te bosanskohercegova\u010dkih i svjetskih knji\u017eevnosti.<\/p>\n<p>&nbsp;&nbsp;&nbsp;&nbsp;&nbsp;&nbsp;&nbsp;&nbsp;&nbsp;&nbsp;&nbsp; U pogledu lingvistike, to se, prije svega, odnosi na sticanje znanja o strukturi i sistemu savremenih vrijednosti bosanskog, hrvatskog i srpskog jezika, sticanje znanja iz leksikologije bosanskog, hrvatskog i srpskog jezika jezika, te sticanje znanja o savremenoj normativnoj situaciji u Bosni i Hercegovini.<\/p>\n<p>&nbsp;&nbsp;&nbsp;&nbsp;&nbsp;&nbsp;&nbsp;&nbsp;&nbsp;&nbsp;&nbsp; U pogledu knji\u017eevnosti, to se odnosi se na sticanje znanja i upoznavane sa teorijom identiteta i teorijama koje se bave pam\u0107enjem i sje\u0107anjem u dru\u0161tvenoj zajednici, sticanje znanja iz podru\u010dja rodnih identiteta, ulozi i poziciji mo\u0107i u knji\u017eevnom smislu, upoznavanje sa teorijom romana i razli\u010ditim metodolo\u0161kim mogu\u0107nostima interpretiranja romana, te na upoznavanje sa teorijom poezije i razli\u010ditim metodolo\u0161kim mogu\u0107nostima interpretiranja pjesni\u0161tva.<\/p>\n<p>&nbsp;&nbsp;&nbsp;&nbsp;&nbsp;&nbsp;&nbsp;&nbsp;&nbsp;&nbsp;&nbsp; Tako\u0111er, studij je kreiran tako da osposobi studente za nau\u010dnoistra\u017eiva\u010dki rad u polju lingvistike i polju knji\u017eevnosti.<\/p>\n<p><strong>KOMPETENCIJE I VJE\u0160TINE<\/strong><\/p>\n<p>&nbsp;&nbsp;&nbsp;&nbsp;&nbsp;&nbsp;&nbsp;&nbsp;&nbsp;&nbsp;&nbsp; Tokom studija drugog ciklusa \u2013 postdiplomskog\/master studija&nbsp;B\/H\/S jezik i knji\u017eevnost, posmatrano u u\u017eem smislu, studenti sti\u010du teorijska i prakti\u010dna znanja u polju lingvistike i polju knji\u017eevnosti i to tako \u0161to nadogra\u0111uju i produbljuju prethodno ste\u010dena znanja.<\/p>\n<p>&nbsp;&nbsp;&nbsp;&nbsp;&nbsp;&nbsp;&nbsp;&nbsp;&nbsp;&nbsp;&nbsp; U \u0161irem smislu, studenti sti\u010du mogu\u0107nosti i osnove za dalju primjenu i razvoj samostalnih ideja, projekata i istra\u017eiva\u010dkog rada, uz adekvatne znanstvene, metodolo\u0161ke, jezi\u010dke i tehnolo\u0161ke kompetencije, a kao \u0161to su:<\/p>\n<ul>\n<li>sposobnost primjene teorijskih i prakti\u010dnih znanja i vje\u0161tina potrebnih za djelovanje u \u0161irem doma\u0107em i me\u0111unarodnom kontekstu javnog rada na pitanjima jezika, knji\u017eevnosti, kulture, obrazovanja i dru\u0161tvenog razvoja;<\/li>\n<li>sposobnost preno\u0161enja zaklju\u010daka, znanja i razmi\u0161ljanja o raznim pitanjima jezi\u010dke, knji\u017eevne i kulturne produkcije u bosanskohercegova\u010dkom i evropskom kontekstu;<\/li>\n<li>sposobnost primjene znanja i razumijevanja u praksi, kroz sposobnost rje\u0161avanja raznovrsnih problema, stru\u010dne i nau\u010dne prirode, te u interdisciplinarnom kontekstu;<\/li>\n<li>vje\u0161tine i sposobnost u\u010denja koje studentima omogu\u0107avaju da nastave obrazovanje kroz studij tre\u0107eg ciklusa \u2013 doktorskog studija u polju dru\u0161tvenih i humanisti\u010dkih nauka.<\/li>\n<\/ul>\n<p><strong>USLOVI UPISA<\/strong><\/p>\n<p>&nbsp;&nbsp;&nbsp;&nbsp;&nbsp;&nbsp;&nbsp;&nbsp;&nbsp;&nbsp;&nbsp; Upis kandidata se vr\u0161i na osnovu saglasnosti Ministarstva obrazovanja, nauke, kulture i sporta SBK\/KSB, te odobrenih kvota za upis studenata za sve \u010dlanice Univerziteta u Travniku, a na osnovu dostavljenih uslova upisa. Univerzitet u Travniku svake akademske godine reguli\u0161e na\u010din organizacije prijema studenata na fakultet. S obzirom na razli\u010ditosti nastavnih planova i programa na fakultetima utvr\u0111uje se dinamika i procedura upisa. Ogla\u0161avanje konkursa se realizira po zavr\u0161etku \u0161kolske godine u srednjim \u0161kolama na podru\u010dju Kantona.<\/p>\n<p><strong>Op\u0107i uslovi na upis studenata na drugi ciklus studija:<\/strong><\/p>\n<p>&nbsp;&nbsp;&nbsp;&nbsp;&nbsp;&nbsp;&nbsp;&nbsp;&nbsp;&nbsp;&nbsp; Zavr\u0161en odgovaraju\u0107i diplomski studij prvog ciklusa u trajanju od \u010detiri godine i ostvarenih 240 ECTS ili zavr\u0161en odgovaraju\u0107i predbolonjski studij u trajanju od \u010detiri godine.<\/p>\n<p><strong>Dokumenti potrebni za upis na studij:<\/strong><\/p>\n<ul>\n<li>Diploma o zavr\u0161enom prethodnom studiju za upis na II ciklus studija,<\/li>\n<li>Izvod iz mati\u010dne knjige ro\u0111enih,<\/li>\n<li>Uvjerenje o dr\u017eavljanstvu,<\/li>\n<li>Dvije fotografije 4\u00d76 cm,<\/li>\n<li>Nostrifikacija diplome za studente koji su predhodno obrazovanje stekli u inostranstvu,<\/li>\n<li>Uvjerenje o polo\u017eenim ispitima i nastavni plan i program studija za studente koji vr\u0161e prijepis sa drugih fakulteta.<\/li>\n<\/ul>\n<p><strong>TRAJANJE STUDIJA<\/strong><\/p>\n<p>&nbsp;&nbsp;&nbsp;&nbsp;&nbsp;&nbsp;&nbsp;&nbsp;&nbsp;&nbsp;&nbsp; Studij drugog ciklusa \u2013 postdiplomski\/master studij&nbsp;B\/H\/S jezik i knji\u017eevnost traje jednu akademsku godinu, a nastava se izvodi tokom dva semestra \u2013 zimski i ljetni semestar. U toku akademske godine student slu\u0161a 6 predmeta, koji ukupno nose 30 ECTS, dok izrada magistarkog\/master rada iznosi 30 ECTS. Ovim aktivnostima, student sti\u010de ukupno 60 ECTS i zvanje magistra bosanskog\/hrvatskog\/srpskog jezika i knji\u017eevnosti.<\/p>\n<p><strong>ZVANJE PO ZAVR\u0160ETKU STUDIJA<\/strong><\/p>\n<p>&nbsp;&nbsp;&nbsp;&nbsp;&nbsp;&nbsp;&nbsp;&nbsp;&nbsp;&nbsp;&nbsp; Po zavr\u0161etku studijskog programa&nbsp;drugog ciklusa \u2013 postdiplomskog\/master studija&nbsp;B\/H\/S jezik i knji\u017eevnost student sti\u010de akademski naziv i stru\u010dno zvanje:<\/p>\n<ul>\n<li><strong>magistar&nbsp;bosanskog jezika i knji\u017eevnosti <\/strong><strong>\u2013 60 ECTS<\/strong>;<\/li>\n<li><strong>magistar&nbsp;hrvatskog jezika i knji\u017eevnosti <\/strong><strong>\u2013 60 ECTS<\/strong>;<\/li>\n<li><strong>magistar&nbsp;srpskog jezika i knji\u017eevnosti <\/strong><strong>\u2013 60 ECTS<\/strong>.<\/li>\n<\/ul>\n<p><strong>ZA\u0160TO UPISATI MASTER STUDIJ B\/H\/S JEZIK I KNJI\u017dEVNOST?<\/strong><\/p>\n<p>Nastavni proces na master studiju B\/H\/S jezik i knji\u017eevnost<\/p>\n<p>Edukacijskog fakulteta izvode najugledniji i najpriznatiji<\/p>\n<ol>\n<li>i me\u0111unarodni znanstvenici!<\/li>\n<\/ol>\n<p>Profesori i asistenti na dostupni su studentima za<\/p>\n<p>konsultacije i pomo\u0107 u radu 24 sata tokom svih 7 dana u sedmici.<\/p>\n<p>Studentska slu\u017eba Edukacijskog fakulteta dostupna je studentima za<\/p>\n<p>kontakt i informacije 24 sata tokom svih 7 dana u sedmici.<\/p>\n<p>Nastavni proces odvija se u moderno dizajniranom i ure\u0111enom ambijentu<\/p>\n<p>prilago\u0111enom savremenim trendovima studiranja!<\/p>\n<p>Nastavu je mogu\u0107e pratiti i aktivno sudjelovati putem<\/p>\n<p>sistema za u\u010denje na daljinu \u2013 Studentskog informacijskog servisa!<\/p>\n<p>Edukacijski fakultet ostvaruje posebne programe i projekte<\/p>\n<p>razmjene studenata i nastavnika sa mnogim bh. i inozemnim fakultetima!<\/p>\n<p>Najboljim studentima Edukacijski fakultet pru\u017ea posebne mogu\u0107nosti za<\/p>\n<p>ostvarivanje profesionalne akademske karijere u visokom obrazovanju!<\/p>\n<p>Nastavnici i studenti Edukacijskog fakulteta nosioci su razli\u010ditih aktivnosti<\/p>\n<p>na fakultetu \u2013 organiziranje tribina, skupova, dru\u017eenja&#8230; kao i aktivnosti u<\/p>\n<p>javnom i kulturnom \u017eivotu grada Travnika i Srednjobosanskog kantona, !<\/p>\n<p>Alumini asocijacija Edukacijskog fakulteta djeluje na pru\u017eanju pomo\u0107i u<\/p>\n<p>i pobolj\u0161avanju polo\u017eaja biv\u0161ih i sada\u0161njih studenata.<strong><br \/>\n<\/strong><\/p>\n<p><strong>NASTAVNI PROCES \u2013 OBAVIJESTI<\/strong><\/p>\n<p><strong>Obavijest 1<\/strong>.<\/p>\n<p><strong>Ispitni rokovi i termini<\/strong><\/p>\n<p>&nbsp;&nbsp;&nbsp;&nbsp;&nbsp;&nbsp;&nbsp;&nbsp;&nbsp;&nbsp;&nbsp; Termini popravnog ispitnog roka za studente drugog ciklusa \u2013 postdiplomskog\/master studija&nbsp;B\/H\/S jezik i knji\u017eevnost ogla\u0161eni su u rubrici Oglasna plo\u010da u linku Raspored.<\/p>\n<p><strong>Obavijest 2.<\/strong><\/p>\n<p><strong>Odbrane magistarskih radova<\/strong><\/p>\n<p>&nbsp;&nbsp;&nbsp;&nbsp;&nbsp;&nbsp;&nbsp;&nbsp;&nbsp;&nbsp;&nbsp; U toku su odbrane magistarskih radova za studente drugog ciklusa \u2013 postdiplomskog\/master studija&nbsp;B\/H\/S jezik i knji\u017eevnost koji su prethodno ispunili sve uslove za odbranu.<\/p>\n<p>&nbsp;&nbsp;&nbsp;&nbsp;&nbsp;&nbsp;&nbsp;&nbsp;&nbsp;&nbsp;&nbsp; Studenti koji nisu stekli uslove za odbranu u junsko-julskom terminu dodatne konsultacije mogu izvr\u0161iti kod svojih mentora ili kod profesora na katedrama za jezik i knji\u017eevnost.<\/p>\n<p><strong>USPJE\u0160NI STUDENTI<\/strong><\/p>\n<p><strong>FINKA FILIPOVI\u0106 <\/strong><\/p>\n<p>Bosanskohercegova\u010dka pjesnikinja, spisateljica i fotografkinja.<\/p>\n<p>Zbirke poezije:<\/p>\n<ul>\n<li>\u201eRasute blizine\u201c, 1998.<\/li>\n<li>\u201eSnovi na \u017eutom moru\u201c, 2002.<\/li>\n<li>\u201eOtajstvo samo\u0107e kale\u017ea\u201c, 2004.<\/li>\n<li>\u201eOd istoka sun\u010danog do zapada\u201c, 2008.<\/li>\n<\/ul>\n<p>Kratka proza:<\/p>\n<ul>\n<li>\u201eTajnovitost mljetske no\u0107i\u201c, 2006.<\/li>\n<li>\u201eAfri\u010dki skuplja\u010di rose\u201c, 2011.<\/li>\n<\/ul>\n<p><strong>MIRZA BEGOVI\u0106<\/strong><\/p>\n<p>Bosanskohercegova\u010dki spisatelj i filmski reditelj<\/p>\n<p>Romani:<\/p>\n<ul>\n<li>\u201eNemoj po\u010di sada\u201c, 2014.<\/li>\n<li>\u201eKoko\u0161 u cirkusu\u201c, 2016.<\/li>\n<\/ul>\n","protected":false},"excerpt":{"rendered":"<p>OPIS STUDIJSKOG SMJERA &nbsp;&nbsp;&nbsp;&nbsp;&nbsp;&nbsp;&nbsp;&nbsp;&nbsp;&nbsp;&nbsp; Studijski program&nbsp;drugog ciklusa \u2013 postdiplomskog\/master studija&nbsp;B\/H\/S jezik i knji\u017eevnost kreiran je da unaprijedi znanja i vje\u0161tine iz lingvistike bosanskog, hrvatskog i srpskog jezika, te bosanskohercegova\u010dkih i svjetskih knji\u017eevnosti. &nbsp;&nbsp;&nbsp;&nbsp;&nbsp;&nbsp;&nbsp;&nbsp;&nbsp;&nbsp;&nbsp; U pogledu lingvistike, to se, prije svega, odnosi na sticanje znanja o strukturi i sistemu savremenih vrijednosti bosanskog, hrvatskog i srpskog jezika, [&hellip;]<\/p>\n","protected":false},"author":1,"featured_media":0,"parent":137,"menu_order":0,"comment_status":"closed","ping_status":"closed","template":"","meta":{"ngg_post_thumbnail":0},"_links":{"self":[{"href":"https:\/\/www.eft.ba\/web\/wp-json\/wp\/v2\/pages\/163"}],"collection":[{"href":"https:\/\/www.eft.ba\/web\/wp-json\/wp\/v2\/pages"}],"about":[{"href":"https:\/\/www.eft.ba\/web\/wp-json\/wp\/v2\/types\/page"}],"author":[{"embeddable":true,"href":"https:\/\/www.eft.ba\/web\/wp-json\/wp\/v2\/users\/1"}],"replies":[{"embeddable":true,"href":"https:\/\/www.eft.ba\/web\/wp-json\/wp\/v2\/comments?post=163"}],"version-history":[{"count":2,"href":"https:\/\/www.eft.ba\/web\/wp-json\/wp\/v2\/pages\/163\/revisions"}],"predecessor-version":[{"id":56268,"href":"https:\/\/www.eft.ba\/web\/wp-json\/wp\/v2\/pages\/163\/revisions\/56268"}],"up":[{"embeddable":true,"href":"https:\/\/www.eft.ba\/web\/wp-json\/wp\/v2\/pages\/137"}],"wp:attachment":[{"href":"https:\/\/www.eft.ba\/web\/wp-json\/wp\/v2\/media?parent=163"}],"curies":[{"name":"wp","href":"https:\/\/api.w.org\/{rel}","templated":true}]}}