{"id":161,"date":"2017-06-28T12:13:05","date_gmt":"2017-06-28T12:13:05","guid":{"rendered":"http:\/\/www.eft.ba\/web\/?page_id=161"},"modified":"2021-07-02T13:17:20","modified_gmt":"2021-07-02T13:17:20","slug":"sport-trenerska","status":"publish","type":"page","link":"https:\/\/www.eft.ba\/web\/smjerovi\/sport-trenerska\/","title":{"rendered":"Sport &#8211; trenerska"},"content":{"rendered":"<p><strong>OPIS STUDIJSKOG SMJERA<\/strong><\/p>\n<p>Jedan od najbitnijih koraka za postizanje uspjeha, kako za sportiste tako i za rekreativce, jeste odabir kvalitetnog trenera. Stoga je cilj ovog programa osposobiti trenere koji \u0107e <strong><em>pravilno i nau\u010dno<\/em><\/strong> <strong><em>utemeljeno<\/em><\/strong> podu\u010davati i voditi treninge u svim oblicima. Sportski trener razvija sportska znanja i sposobnosti sportista, vodi sportske treninge te priprema sportiste ili cijele timove za takmi\u010denja u pojedina\u010dnim ili ekipnim sportovima. Vrlo va\u017ena i jedna od presudnih karakteristika kvalitetnog sportskog stru\u010dnjaka jeste da dovo\u0111enje do \u017eeljenih rezultata ne ostavlja negativne posljedice na psihofizi\u010dko zdravlje sporta\u0161a. Biti trener veoma je odgovoran posao jer se radi o znatnim utjecajima na odre\u0111ene procese promjena u \u010dovjekovom organizmu, prilikom \u010dega su pogre\u0161ke nedopustive.<\/p>\n<p>Studijski program&nbsp;<em>prvog ciklusa \u2013 dodiplomskog studija<\/em><strong>&nbsp;Sportski trener <\/strong>na Edukacijskom fakultetu kreiran je prema zahtjevima Bolonjske deklaracije i savremenim tokovima u sportu.<\/p>\n<p>Podru\u010dje sportskog treninga studentima pru\u017ea raznolike mogu\u0107nosti za usvajanje dodatnih stru\u010dnih kompetencija te ih profilira za uspje\u0161no provo\u0111enje slo\u017eenih programa u radu sa razli\u010ditim uzrastima i kategorijama sportista.<\/p>\n<p><strong>KOMPETENCIJE I MOGU\u0106NOSTI ZAPO\u0160LJAVANJA <\/strong><\/p>\n<p>Sportski treneri \u0161kolovani na Edukacijskom fakultetu postaju kvalificirani za nau\u010dno utemeljenje procesa vje\u017ebanja kao i za vrednovanje sportskih u\u010dinaka sportskog treninga u unapre\u0111enju sportskih rezultata u individualnim i ekipnim sportovima. Osposobljeni su za rje\u0161avanje problema vezanih za tjelesno\/sportsko vje\u017ebanje i zdravlje s posebnim akcentom na dobrobiti za sudionike sportskih aktivnosti.<\/p>\n<p>Sportski trener u svom radu mora obavljati nastavne, odgojne, administrativne i tehni\u010dke zada\u0107e koje se me\u0111usobno prepli\u0107u u ovisnosti o ciljevima pripreme sportista, njihovoj dobi, du\u017eini sportskog sta\u017ea i svih ostalih okolnosti pod kojima se odvija proces treniranja i priprema.<\/p>\n<p>Temeljem navedenog, sportski treneri \u0107e usvojiti znanja kako iz podru\u010dja biomehanike, antropomotorike, anatomije, fiziologije, kondicijske pripreme, teorije sporta, teorije uspje\u0161nosti, sistema pripreme i treniranja sportista, tako i iz oblasti pedagogije, psihologije, informatike itd., \u0161to je omogu\u0107eno pa\u017eljivim odabirom obaveznih i izbornih kolegija obuhva\u0107enih Nastavnim planom i programom.<\/p>\n<p>Tokom studija sportski treneri stje\u010du stru\u010dno-teorijska i specijalisti\u010dka znanja i prakti\u010dna iskustva koja ih u potpunosti pripremaju za samostalan rad po zavr\u0161etku studija.<\/p>\n<p>Na\u010din izvo\u0111enja nastave prilago\u0111en je specifi\u010dnostima programa i izvodi se prema kombinovanom modelu putem digitalnih platformi i skoncentrisane nastave za specijalisti\u010dka podru\u010dja po sportovima.<\/p>\n<p>Sportski treneri svoje zaposlenje mogu prona\u0107i u razli\u010ditim sportskim organizacijama (klubovima i dru\u0161tvima) u op\u0107inskim, kantonalnim i dr\u017eavnim savezima, preduze\u0107ima i kao samostalni sportski radnici.<\/p>\n<p><strong>TRAJANJE STUDIJA<\/strong><\/p>\n<p>Prvi ciklus studija na smjeru Sportski trener traje tri studijske godine (\u0161est semestara).<\/p>\n<p><strong>ZVANJE PO ZAVR\u0160ETKU STUDIJA <\/strong><\/p>\n<p>Po zavr\u0161etku prvog ciklusa \u2013 dodiplomskog studija&nbsp;na smjeru Sportski trener student stje\u010de zvanje&nbsp;<strong>bachelor \/ bakalaureat sportskog treninga<\/strong>&nbsp;\u2013 180 ECTS (sa u\u017eim usmjerenjem za specijalisti\u010dka podru\u010dja po sportovima).<\/p>\n<p><strong>USLOVI UPISA<\/strong><\/p>\n<p>Upis kandidata se vr\u0161i na osnovu saglasnosti Ministarstva obrazovanja, nauke, mladih, kulture i sporta Srednjobosanskog kantona i Univerziteta u Travniku, te odobrenih kvota za upis studenata za sve \u010dlanice, a na osnovu dostavljenih uslova upisa. Univerzitet svake akademske godine reguli\u0161e na\u010din organizacije prijema studenata na fakultet. S obzirom na razli\u010ditosti nastavnih planova i programa na fakultetima utvr\u0111uje se dinamika i procedura upisa. Raspisivanje konkursa realizuje se po zavr\u0161etku \u0161kolske godine u srednjim \u0161kolama.<\/p>\n<p><strong><em>Op\u0107i uslovi za upis studenata na I ciklus studija su:<\/em><\/strong><\/p>\n<ul>\n<li>Zavr\u0161ena \u010detverogodi\u0161nja srednja \u0161kola<\/li>\n<\/ul>\n<p><strong><em>Dokumenti potrebni za upis na studij su:<\/em><\/strong><\/p>\n<ul>\n<li>Diploma i svjedo\u010danstva o zavr\u0161enoj \u010detverogodi\u0161njoj srednjoj \u0161koli<\/li>\n<li>Izvod iz mati\u010dne knjige ro\u0111enih<\/li>\n<li>Uvjerenje o dr\u017eavljanstvu<\/li>\n<li>Dvije fotografije dimenzija 4\u00d76 cm<\/li>\n<li>Nostrifikacija diplome za studente koji su prethodno obrazovanje stekli u inostranstvu<\/li>\n<li>Uvjerenje o polo\u017eenim ispitima i nastavni plan i program studija \u2013 za studente koji vr\u0161e prepis sa drugih visoko\u0161kolskih ustanova na Edukacijski fakultet Univerziteta u Travniku<\/li>\n<\/ul>\n<p>Ovaj studijski smjer mogu upisati i studenti prelaznici sa drugih visoko\u0161kolskih ustanova, uz obavezu polaganja diferencijalnih ispita u skladu sa Pravilnikom o studiranju UNT.<\/p>\n","protected":false},"excerpt":{"rendered":"<p>OPIS STUDIJSKOG SMJERA Jedan od najbitnijih koraka za postizanje uspjeha, kako za sportiste tako i za rekreativce, jeste odabir kvalitetnog trenera. Stoga je cilj ovog programa osposobiti trenere koji \u0107e pravilno i nau\u010dno utemeljeno podu\u010davati i voditi treninge u svim oblicima. Sportski trener razvija sportska znanja i sposobnosti sportista, vodi sportske treninge te priprema sportiste [&hellip;]<\/p>\n","protected":false},"author":1,"featured_media":0,"parent":137,"menu_order":0,"comment_status":"closed","ping_status":"closed","template":"","meta":{"ngg_post_thumbnail":0},"_links":{"self":[{"href":"https:\/\/www.eft.ba\/web\/wp-json\/wp\/v2\/pages\/161"}],"collection":[{"href":"https:\/\/www.eft.ba\/web\/wp-json\/wp\/v2\/pages"}],"about":[{"href":"https:\/\/www.eft.ba\/web\/wp-json\/wp\/v2\/types\/page"}],"author":[{"embeddable":true,"href":"https:\/\/www.eft.ba\/web\/wp-json\/wp\/v2\/users\/1"}],"replies":[{"embeddable":true,"href":"https:\/\/www.eft.ba\/web\/wp-json\/wp\/v2\/comments?post=161"}],"version-history":[{"count":10,"href":"https:\/\/www.eft.ba\/web\/wp-json\/wp\/v2\/pages\/161\/revisions"}],"predecessor-version":[{"id":67677,"href":"https:\/\/www.eft.ba\/web\/wp-json\/wp\/v2\/pages\/161\/revisions\/67677"}],"up":[{"embeddable":true,"href":"https:\/\/www.eft.ba\/web\/wp-json\/wp\/v2\/pages\/137"}],"wp:attachment":[{"href":"https:\/\/www.eft.ba\/web\/wp-json\/wp\/v2\/media?parent=161"}],"curies":[{"name":"wp","href":"https:\/\/api.w.org\/{rel}","templated":true}]}}