{"id":153,"date":"2017-06-28T12:10:41","date_gmt":"2017-06-28T12:10:41","guid":{"rendered":"http:\/\/www.eft.ba\/web\/?page_id=153"},"modified":"2021-06-17T10:12:53","modified_gmt":"2021-06-17T10:12:53","slug":"matematika-i-informatika","status":"publish","type":"page","link":"https:\/\/www.eft.ba\/web\/smjerovi\/matematika-i-informatika\/","title":{"rendered":"Matematika i informatika"},"content":{"rendered":"<p><strong>OPIS STUDIJSKOG SMJERA<\/strong><\/p>\n<p>Studijski program&nbsp;<em>prvog ciklusa \u2013 dodiplomskog studija<\/em><strong>&nbsp;Matematika i informatika<\/strong> na Edukacijskom fakultetu kreiran je prema zahtjevima Bolonjske deklaracije i savremenim tokovima u osnovno\u0161kolskoj i srednjo\u0161kolskoj nastavi&nbsp; matematike i informatike&nbsp; s pa\u017eljivim izborom predmeta s podru\u010dja odgojnog i obrazovnog osposobljavanja budu\u0107ih profesora matematike i informatike. Studijski program&nbsp; nastao je kao rezultat potreba odgojno \u2013 obrazovnog sistema za kompetentnim stru\u010dnjacima iz ove oblasti koji \u0107e znati djelotvorno rje\u0161avati stru\u010dne probleme na temelju profesionalnih znanja u svrhu podizanja kvalitete \u017eivota kako pojedinca tako i dru\u0161tva u cjelini.<\/p>\n<p>Nastava na Edukacijskom fakultetu je interaktivnog karaktera i izvodi se prema bolonjskim principima. Cilj je osigurati osposobljavanje budu\u0107ih profesora matematike i informatike savremenog profila koji \u0107e stru\u010dno, inovativno i kreativno obavljati profesionalne poslove u okviru raznih slu\u017ebi. Sistem obaveznih i izbornih predmeta\/kolegija studentima pru\u017ea raznolike mogu\u0107nosti za uspje\u0161no provo\u0111enje slo\u017eenih zadaka. Fakultet ima uspostavljenu saradnju sa ustanovama \u0161irom BiH \u0161to studentima omogu\u0107uje prakti\u010dnu primjenu teorijskih znanja. Obzirom na dvopredmetni studij, studenti matematike i informatike \u0161kolovani na Edukacijskom fakultetu postaju kvalificirani za nau\u010dno\/znanstveno utemeljenje procesa edukacije i istra\u017eivanja u oblasti i matematike , informatike, programiranja, baza podataka, statistike, vjerovatno\u0107e.<\/p>\n<p>Svrha studijskog programa je obrazovanje stru\u010dnjaka koji \u0107e znati i \u017eeljeti da u\u010de, da se li\u010dno i profesionalno stalno razvijaju uz primjenu inovativnih, iskustvenih i kreativnih metoda i postupaka u radu, da budu vje\u0161ti u komunikaciji i timskom radu te da se profesionalno i odgovorno pona\u0161aju.<\/p>\n<p>&nbsp;<\/p>\n<p><strong>KOMPETENCIJE I MOGU\u0106NOSTI ZAPO\u0160LJAVANJA<\/strong><\/p>\n<p>Bachelori matematike i informatike \u0161kolovani na Edukacijskom fakultetu postaju kvalificirani za nau\u010dno\/znanstveno utemeljenje procesa edukacije u obrazovnom osnovno\u0161kolskom i srednjo\u0161kolskom sistemu.<\/p>\n<p>Zbog znanstvenog &nbsp;i stru\u010dno utemeljenog nastavnog plana i programa, studenti matematike i informatike pored osnovno\u0161kolskog sistema, svoje zaposlenje mogu prona\u0107i u obrazovnim institucijama, pedago\u0161kim zavodima, statisti\u010dkim zavodima, programerskim ku\u0107ama, IT sektoru,&nbsp; kao i u drugim ustanovama u kojima su potrebne kompetencije iz oblasti odgoja i obrazovanja.<\/p>\n<p>&nbsp;<\/p>\n<p><strong>USLOVI UPISA<\/strong><\/p>\n<p>Upis kandidata se vr\u0161i na osnovu saglasnosti Ministarstva obrazovanja Srednjobosanskog kantona i Univerziteta u Travniku, te odobrenih kvota za upis studenata za sve \u010dlanice, a na osnovu dostavljenih uslova upisa. Univerzitet svake akademske godine reguli\u0161e na\u010din organizacije prijema studenata na Fakultet. S obzirom na razli\u010ditosti nastavnih planova i programa na fakultetima utvr\u0111uje se dinamika i procedura upisa. Raspisivanje konkursa realizira se po zavr\u0161etku \u0161kolske godine u &nbsp;srednjim \u0161kolama.<\/p>\n<p><strong><em>Op\u0107i uslovi za upis studenata na I ciklus studija su:<\/em><\/strong><\/p>\n<ul>\n<li>Zavr\u0161ena \u010detverogodi\u0161nja srednja \u0161kola<\/li>\n<\/ul>\n<p><strong><em>Dokumenti potrebni za upis na studij su:<\/em><\/strong><\/p>\n<ul>\n<li>Diploma i svjedo\u010danstva o zavr\u0161enoj \u010detverogodi\u0161njoj srednjoj \u0161koli (odnosno diplomu o zavr\u0161enom prethodnom studiju za upis na II i III ciklus studija)<\/li>\n<li>Izvod iz mati\u010dne knjige ro\u0111enih<\/li>\n<li>Uvjerenje o dr\u017eavljanstvu<\/li>\n<li>Dvije fotografije dimenzija 4\u00d76 cm<\/li>\n<li>Nostrifikacija diplome za studente koji su predhodno obrazovanje stekli u inostranstvu<\/li>\n<li>Uvjerenje o polo\u017eenim ispitima i nastavni plan i program studija \u2013 za studente koji vr\u0161e prepis sa drugih visoko\u0161kolskih ustanova na Edukacijski fakultet Univerziteta u Travniku<\/li>\n<\/ul>\n<p>Ovaj studijski smjer mogu upisati i studenti prelaznici sa drugih visoko\u0161kolskih ustanova, uz obavezu polaganja diferencijalnih ispita u skladu sa pravilnikom o studiranju UNT.<\/p>\n<p><strong>TRAJANJE STUDIJA<\/strong><\/p>\n<p>Dodiplomski studij Matematike i informatike traje 8 semestara ili 4 studijske godine.<\/p>\n<p><strong>ZVANJE PO ZAVR\u0160ETKU STUDIJA<\/strong><\/p>\n<p>Po zavr\u0161etku prvog ciklusa \u2013 dodiplomskog studija&nbsp;Matematike i informatike student stje\u010de zvanje&nbsp;<strong>bachelor matematike i informatike sa 240<\/strong>&nbsp;ECTS bodova.<\/p>\n<p><strong>MASTER STUDIJSKI PROGRAM<\/strong><\/p>\n<p>Studijski program&nbsp;<strong>drugog ciklusa \u2013 postdiplomskog studija&nbsp;<\/strong>Matematike i informatike na Edukacijskom fakultetu kreiran je tako\u0111er u skladu sa zahtjevima Bolonjske deklaracije i savremenim tokovima nau\u010dnog osposobljavanja studenata za obavljanje najslo\u017eenijih poslova i zadataka u podru\u010dju matematike i informatike.<\/p>\n<p>Sistem obaveznih i izbornih modula koncipiranih za potrebe znanstvenog osposobljavanja budu\u0107ih magistara matematike i informatike uspostavlja osoben koncept studija, koji studentima pru\u017ea raznolike mogu\u0107nosti za usvajanje stru\u010dnih i znanstvenih kompetencija u razini drugog ciklusa \u2013 postdiplomskog studija te ih, pored osnovne zada\u0107e, profilira i za obavljanje razli\u010ditih drugih djelatnosti koje podrazumijevaju aktivnosti magistra matematike i informatike.<\/p>\n<p><strong>TRAJANJE STUDIJA<\/strong><\/p>\n<p>Postdiplomski studij Matematike i informatike traje 2 semestra ili 1 studijsku godinu.<\/p>\n<p><strong>ZVANJE PO ZAVR\u0160ETKU STUDIJA<\/strong><\/p>\n<p>Po zavr\u0161etku drugog ciklusa \u2013 postdiplomskog studija&nbsp;Matematike i informatike student stje\u010de zvanje&nbsp;<strong>master \/ magistar matematike i informatike<\/strong>\u2013 60 ECTS bodova.<\/p>\n","protected":false},"excerpt":{"rendered":"<p>OPIS STUDIJSKOG SMJERA Studijski program&nbsp;prvog ciklusa \u2013 dodiplomskog studija&nbsp;Matematika i informatika na Edukacijskom fakultetu kreiran je prema zahtjevima Bolonjske deklaracije i savremenim tokovima u osnovno\u0161kolskoj i srednjo\u0161kolskoj nastavi&nbsp; matematike i informatike&nbsp; s pa\u017eljivim izborom predmeta s podru\u010dja odgojnog i obrazovnog osposobljavanja budu\u0107ih profesora matematike i informatike. Studijski program&nbsp; nastao je kao rezultat potreba odgojno \u2013 [&hellip;]<\/p>\n","protected":false},"author":1,"featured_media":0,"parent":137,"menu_order":0,"comment_status":"closed","ping_status":"closed","template":"","meta":{"ngg_post_thumbnail":0},"_links":{"self":[{"href":"https:\/\/www.eft.ba\/web\/wp-json\/wp\/v2\/pages\/153"}],"collection":[{"href":"https:\/\/www.eft.ba\/web\/wp-json\/wp\/v2\/pages"}],"about":[{"href":"https:\/\/www.eft.ba\/web\/wp-json\/wp\/v2\/types\/page"}],"author":[{"embeddable":true,"href":"https:\/\/www.eft.ba\/web\/wp-json\/wp\/v2\/users\/1"}],"replies":[{"embeddable":true,"href":"https:\/\/www.eft.ba\/web\/wp-json\/wp\/v2\/comments?post=153"}],"version-history":[{"count":4,"href":"https:\/\/www.eft.ba\/web\/wp-json\/wp\/v2\/pages\/153\/revisions"}],"predecessor-version":[{"id":67599,"href":"https:\/\/www.eft.ba\/web\/wp-json\/wp\/v2\/pages\/153\/revisions\/67599"}],"up":[{"embeddable":true,"href":"https:\/\/www.eft.ba\/web\/wp-json\/wp\/v2\/pages\/137"}],"wp:attachment":[{"href":"https:\/\/www.eft.ba\/web\/wp-json\/wp\/v2\/media?parent=153"}],"curies":[{"name":"wp","href":"https:\/\/api.w.org\/{rel}","templated":true}]}}