{"id":144,"date":"2017-06-28T12:08:47","date_gmt":"2017-06-28T12:08:47","guid":{"rendered":"http:\/\/www.eft.ba\/web\/?page_id=144"},"modified":"2017-07-24T08:25:25","modified_gmt":"2017-07-24T08:25:25","slug":"pedagogija-i-psihologija","status":"publish","type":"page","link":"https:\/\/www.eft.ba\/web\/smjerovi\/pedagogija-i-psihologija\/","title":{"rendered":"Pedagogija i psihologija"},"content":{"rendered":"<p><strong>OPIS STUDIJSKOG SMJERA<\/strong><\/p>\n<p>Studijski program&nbsp;<strong>prvog ciklusa \u2013 dodiplomskog studija&nbsp;\u2013 Pedagogija i psihologija&nbsp;<\/strong>na Edukacijskom fakultetu nastao je kao rezultat potreba odgojno \u2013 obrazovnog sistema za kompetentnim stru\u010dnjacima koji \u0107e znati djelotvorno rje\u0161avati stru\u010dne probleme na temelju profesionalnih znanja u svrhu podizanja kvalitete \u017eivota kako pojedinca tako i dru\u0161tva u cjelini.<\/p>\n<p>Nastava na Edukacijskom fakultetu je interaktivnog karaktera i izvodi se prema bolonjskim principima. Cilj je osigurati osposobljavanje pedagoga i psihologa savremenog profila koji \u0107e stru\u010dno, inovativno i kreativno obavljati profesionalne pedago\u0161ke i psiholo\u0161ke poslove u okviru raznih slu\u017ebi. Sistem obaveznih i izbornih predmeta\/kolegija studentima pru\u017ea raznolike mogu\u0107nosti za uspje\u0161no provo\u0111enje slo\u017eenih zadaka. Fakultet ima uspostavljenu saradnju sa ustanovama \u0161irom BiH \u0161to studentima omogu\u0107uje prakti\u010dnu primjenu teorijskih znanja. Obzirom na dvopredmetni studij, studenti pedagogije i psihologije \u0161kolovani na Edukacijskom fakultetu postaju kvalificirani za nau\u010dno\/znanstveno utemeljenje procesa edukacije i istra\u017eivanja u oblasti i pedagogije i psihologije.<\/p>\n<p>Svrha studijskog programa je obrazovanje stru\u010dnjaka koji \u0107e znati i \u017eeljeti da u\u010de, da se li\u010dno i profesionalno stalno razvijaju uz primjenu inovativnih, iskustvenih i kreativnih metoda i postupaka u radu, da budu vje\u0161ti u komunikaciji i timskom radu te da se profesionalno i odgovorno pona\u0161aju. Studenti koji upi\u0161u pedagogiju i psihologiju na Edukacijskom fakultetu trebaju imati senzibilitet za ljudske potrebe i ljudsko pona\u0161anje, empatiju i prepoznavanje i razumijevanje dru\u0161tvenih problema.&nbsp;<\/p>\n<p><strong>KOMPETENCIJE I MOGU\u0106NOSTI ZAPO\u0160LJAVANJA<\/strong><\/p>\n<p>Studijski program pedagogije i psihologije prati potrebe savremenog dru\u0161tva u skladu s evropskim trendovima i promjenama iz podru\u010dja pedago\u0161ke i psiholo\u0161ke znanosti.<\/p>\n<p>Po zavr\u0161etku studijskog smjera pedagogije i psihologije studenti \u0107e:<\/p>\n<ul>\n<li>Usvojiti temeljna teorijska i prakti\u010dna znanja i vje\u0161tine za uspje\u0161an rad u svojoj profesiji;<\/li>\n<li>Biti osposobljeni za primjenu modernih interaktivnih, radioni\u010dkih i drugih metoda, i na\u010dina rada, kroz identifikaciju, pra\u0107enje i dokumentovanje individualnih razlika.<\/li>\n<li>Biti osposobljeni da kreiraju i vode razli\u010dite programe u svim ustanovama iz oblasti odgoja i obrazovanja;<\/li>\n<li>Biti osposobljeni da kreiraju i vode razli\u010dite programe u ustanovama socijalne i zdravstvene za\u0161tite;<\/li>\n<li>Biti osposobljeni da planiraju i organizuju razli\u010dite oblika savjetodavnog individualnog i grupnog rada u stru\u010dnim javnim i privatnim slu\u017ebama;<\/li>\n<li>Mo\u0107i da sudjeluju u nau\u010dnim i stru\u010dnim istra\u017eivanjima iz podru\u010dja pedago\u0161kih i psiholo\u0161kih oblasti.<\/li>\n<\/ul>\n<p>Upravo zbog specifi\u010dnosti dvopredmetnog studija studentima se pru\u017ea \u0161irok spektar djelovanja i zaposlenja u brojnim ustanovama i organizacijama. U stru\u010dnom pogledu posao psihologa i pedagoga vrlo je samostalan, bez ve\u0107eg mije\u0161anja nadre\u0111enih \u0161to ovaj studijski smjer \u010dini jo\u0161 atraktivnijim.<\/p>\n<p>Pedagozi i psiholozi mogu raditi u svim vrstama pred\u0161kolskih i \u0161kolskih ustanova, domovima za nezbrinutu djecu, centrima za djecu sa posebnim potrebama, u klinikama za lije\u010denje ovisnosti, u raznim savjetovali\u0161tima, popravnim i socijalnim centrima, u\u010deni\u010dkim domovima, u kadrovskim slu\u017ebama javnih i privatnih poduze\u0107a, u kaznenim i vojnim ustanovama, u sportskim klubovima i dru\u0161tvima i drugim firmama i ustanovama u kojima su potrebne kompetencije iz oblasti pedagogije i psihologije, brojnim nevladinim organizacijama kao i u privatnoj praksi.<\/p>\n<p><strong>USLOVI UPISA<\/strong><\/p>\n<p>Upis kandidata se vr\u0161i na osnovu saglasnosti Ministarstva obrazovanja Srednjobosanskog kantona i Univerziteta u Travniku, te odobrenih kvota za upis studenata za sve \u010dlanice, a na osnovu dostavljenih uslova upisa. Univerzitet svake akademske godine reguli\u0161e na\u010din organizacije prijema studenata na Fakultet. S obzirom na razli\u010ditosti nastavnih planova i programa na fakultetima utvr\u0111uje se dinamika i procedura upisa. Raspisivanje konkursa realizira se po zavr\u0161etku \u0161kolske godine u &nbsp;srednjim \u0161kolama.<\/p>\n<p><strong><em>Op\u0107i uslovi za upis studenata na I ciklus studija su:<\/em><\/strong><\/p>\n<ul>\n<li>Zavr\u0161ena \u010detverogodi\u0161nja srednja \u0161kola<\/li>\n<\/ul>\n<p><strong><em>Dokumenti potrebni za upis na studij su:<\/em><\/strong><\/p>\n<ul>\n<li>Diploma i svjedo\u010danstva o zavr\u0161enoj \u010detverogodi\u0161njoj srednjoj \u0161koli (odnosno diplomu o zavr\u0161enom prethodnom studiju za upis na II i III ciklus studija)<\/li>\n<li>Izvod iz mati\u010dne knjige ro\u0111enih<\/li>\n<li>Uvjerenje o dr\u017eavljanstvu<\/li>\n<li>Dvije fotografije dimenzija 4\u00d76 cm<\/li>\n<li>Nostrifikacija diplome za studente koji su predhodno obrazovanje stekli u inostranstvu<\/li>\n<li>Uvjerenje o polo\u017eenim ispitima i nastavni plan i program studija \u2013 za studente koji vr\u0161e prepis sa drugih visoko\u0161kolskih ustanova na Edukacijski fakultet Univerziteta u Travniku<\/li>\n<\/ul>\n<p>Ovaj studijski smjer mogu upisati i studenti prelaznici sa drugih visoko\u0161kolskih ustanova, uz obavezu polaganja diferencijalnih ispita u skladu sa pravilnikom o studiranju UNT.<\/p>\n<p><strong>TRAJANJE STUDIJA<\/strong><\/p>\n<p>Dodiplomski studij Pedagogije i psihologije traje 8 semestara ili 4 studijske godine.<\/p>\n<p><strong>ZVANJE PO ZAVR\u0160ETKU STUDIJA<\/strong><\/p>\n<p>Po zavr\u0161etku prvog ciklusa \u2013 dodiplomskog studija&nbsp;Pedagogije i psihologije&nbsp;student stje\u010de zvanje&nbsp;<strong>bachelor \/ Pedagogije i psihologije sa 240<\/strong> ECTS bodova.<\/p>\n<p><strong>MASTER STUDIJSKI PROGRAM<\/strong><\/p>\n<p>Studijski program&nbsp;<strong>drugog ciklusa \u2013 postdiplomskog studija&nbsp;<\/strong>Pedagogije i psihologije na Edukacijskom fakultetu kreiran je tako\u0111er u skladu sa zahtjevima Bolonjske deklaracije i savremenim tokovima nau\u010dnog osposobljavanja studenata za obavljanje najslo\u017eenijih poslova i zadataka u podru\u010dju rada u okviru pedago\u0161kih i psiholo\u0161kih slu\u017ebi.<\/p>\n<p>Sistem obaveznih i izbornih modula koncipiranih za potrebe znanstvenog osposobljavanja budu\u0107ih magistara pedagogije i psihologije uspostavlja osoben koncept studija, koji studentima pru\u017ea raznolike mogu\u0107nosti za usvajanje stru\u010dnih i znanstvenih kompetencija u razini drugog ciklusa \u2013 postdiplomskog studija te ih, pored osnovne zada\u0107e, profilira i za obavljanje razli\u010ditih drugih djelatnosti koje podrazumijevaju aktivnosti magistra pedagogije i psihologije.<\/p>\n<p><strong>TRAJANJE STUDIJA<\/strong><\/p>\n<p>Postdiplomski studij Pedagogije i psihologije traje 2 semestra ili 1 studijsku godinu.<\/p>\n<p><strong>ZVANJE PO ZAVR\u0160ETKU STUDIJA<\/strong><\/p>\n<p>Po zavr\u0161etku drugog ciklusa \u2013 postdiplomskog studija&nbsp;Pedagogije psihologije&nbsp;student stje\u010de zvanje&nbsp;<strong>master \/ magistar pedagogije i psihologije&nbsp;<\/strong>\u2013 60 ECTS bodova.<\/p>\n","protected":false},"excerpt":{"rendered":"<p>OPIS STUDIJSKOG SMJERA Studijski program&nbsp;prvog ciklusa \u2013 dodiplomskog studija&nbsp;\u2013 Pedagogija i psihologija&nbsp;na Edukacijskom fakultetu nastao je kao rezultat potreba odgojno \u2013 obrazovnog sistema za kompetentnim stru\u010dnjacima koji \u0107e znati djelotvorno rje\u0161avati stru\u010dne probleme na temelju profesionalnih znanja u svrhu podizanja kvalitete \u017eivota kako pojedinca tako i dru\u0161tva u cjelini. Nastava na Edukacijskom fakultetu je interaktivnog [&hellip;]<\/p>\n","protected":false},"author":1,"featured_media":0,"parent":137,"menu_order":0,"comment_status":"closed","ping_status":"closed","template":"","meta":{"ngg_post_thumbnail":0},"_links":{"self":[{"href":"https:\/\/www.eft.ba\/web\/wp-json\/wp\/v2\/pages\/144"}],"collection":[{"href":"https:\/\/www.eft.ba\/web\/wp-json\/wp\/v2\/pages"}],"about":[{"href":"https:\/\/www.eft.ba\/web\/wp-json\/wp\/v2\/types\/page"}],"author":[{"embeddable":true,"href":"https:\/\/www.eft.ba\/web\/wp-json\/wp\/v2\/users\/1"}],"replies":[{"embeddable":true,"href":"https:\/\/www.eft.ba\/web\/wp-json\/wp\/v2\/comments?post=144"}],"version-history":[{"count":8,"href":"https:\/\/www.eft.ba\/web\/wp-json\/wp\/v2\/pages\/144\/revisions"}],"predecessor-version":[{"id":55900,"href":"https:\/\/www.eft.ba\/web\/wp-json\/wp\/v2\/pages\/144\/revisions\/55900"}],"up":[{"embeddable":true,"href":"https:\/\/www.eft.ba\/web\/wp-json\/wp\/v2\/pages\/137"}],"wp:attachment":[{"href":"https:\/\/www.eft.ba\/web\/wp-json\/wp\/v2\/media?parent=144"}],"curies":[{"name":"wp","href":"https:\/\/api.w.org\/{rel}","templated":true}]}}