{"id":142,"date":"2017-06-28T12:08:18","date_gmt":"2017-06-28T12:08:18","guid":{"rendered":"http:\/\/www.eft.ba\/web\/?page_id=142"},"modified":"2017-07-19T20:28:18","modified_gmt":"2017-07-19T20:28:18","slug":"predskolski-odgoj","status":"publish","type":"page","link":"https:\/\/www.eft.ba\/web\/smjerovi\/predskolski-odgoj\/","title":{"rendered":"Pred\u0161kolski odgoj &#8211; opis"},"content":{"rendered":"<p><strong>OPIS STUDIJSKOG SMJERA<\/strong><\/p>\n<p>Studijski program\u00a0<em>prvog ciklusa \u2013 dodiplomskog studija<\/em><strong>\u00a0<\/strong><strong>Pred\u0161kolski odgoj<\/strong> na Edukacijskom fakultetu kreiran je prema zahtjevima Bolonjske deklaracije i savremenim tokovima u pred\u0161kolskom obrazovanju pa\u017eljivim izborom predmeta s podru\u010dja odgojnog i obrazovnog osposobljavanja budu\u0107ih profesora pred\u0161kolskog odgoja.<\/p>\n<p>Sistem obaveznih i izbornih predmeta\/kolegija iz podru\u010dja odgoja, pedagogije, psihologije, jezika, knji\u017eevnosti, matematike i drugih interdisciplinarnih podru\u010dja pred\u0161kolskog odgoja studentima pru\u017ea raznolike mogu\u0107nosti za usvajanje dodatnih stru\u010dnih kompetencija te ih profilira za uspje\u0161no provo\u0111enje slo\u017eenih programa u radu sa djecom najmla\u0111eg uzrasta.<\/p>\n<p>Odgojni rad u vrti\u0107ima odvija se prema unaprijed pripremljenim programima, odobrenim od strane osniva\u010da dje\u010dijeg vrti\u0107a i Ministarstva obrazovanja, nauke, kulture i sporta.<\/p>\n<p><strong>KOMPETENCIJE I MOGU\u0106NOSTI ZAPO\u0160LJAVANJA<\/strong><\/p>\n<p><em>Bachelori \/ bakalaureati<\/em> <em>pred\u0161kolskog odgoja<\/em> \u0161kolovani na Edukacijskom fakultetu osposobljeni su za rad sa najmla\u0111im uzrastima u dobi od prve do \u0161este godine \u017eivota, realizaciju odgojnih i obrazovnih aktivnosti u radu sa djecom do polaska u \u0161kolu, za uvo\u0111enje interdisciplinarnih sadr\u017eaja u radu sa grupama djece u vrti\u0107ima, elementarni nivo vje\u0161tina i kompetencija za inkluzivni odgoj i obrazovanje, a svoje zaposlenje mogu na\u0107i u privatnim i javnim institucijama koje rade sa djecom primarnog odgoja i obrazovanja.<\/p>\n<p>Zbog znanstveno i stru\u010dno utemeljenog nastavnog plana i programa, studenti pred\u0161kolskog odgoja pored pred\u0161kolskog sistema, svoje zaposlenje mogu prona\u0107i i u pedago\u0161kim zavodima, ustanovama koje tretiraju razvoj djece, kao i u drugim ustanovama u kojima su potrebne kompetencije iz oblasti odgoja i obrazovanja.<\/p>\n<p><strong>USLOVI UPISA<\/strong><\/p>\n<p>Upis kandidata se vr\u0161i na osnovu saglasnosti Ministarstva obrazovanja Srednjobosanskog kantona i Univerziteta u Travniku, te odobrenih kvota za upis studenata za sve \u010dlanice, a na osnovu dostavljenih uslova upisa. Univerzitet svake akademske godine reguli\u0161e na\u010din organizacije prijema studenata na Fakultet. S obzirom na razli\u010ditosti nastavnih planova i programa na fakultetima utvr\u0111uje se dinamika i procedura upisa. Raspisivanje konkursa realizira se po zavr\u0161etku \u0161kolske godine u srednjim \u0161kolama.<\/p>\n<p><strong><em>Op\u0107i uslovi za upis studenata na I ciklus studija su:<\/em><\/strong><\/p>\n<ul>\n<li>Zavr\u0161ena \u010detverogodi\u0161nja srednja \u0161kola<\/li>\n<\/ul>\n<p><strong><em>Dokumenti potrebni za upis na studij su:<\/em><\/strong><\/p>\n<ul>\n<li>Diploma i svjedo\u010danstva o zavr\u0161enoj \u010detverogodi\u0161njoj srednjoj \u0161koli (odnosno diplomu o zavr\u0161enom prethodnom studiju za upis na II i III ciklus studija)<\/li>\n<li>Izvod iz mati\u010dne knjige ro\u0111enih<\/li>\n<li>Uvjerenje o dr\u017eavljanstvu<\/li>\n<li>Dvije fotografije dimenzija 4\u00d76 cm<\/li>\n<li>Nostrifikacija diplome za studente koji su prethodno obrazovanje stekli u inostranstvu<\/li>\n<li>Uvjerenje o polo\u017eenim ispitima i nastavni plan i program studija \u2013 za studente koji vr\u0161e prepis sa drugih visoko\u0161kolskih ustanova na Edukacijski fakultet Univerziteta u Travniku<\/li>\n<\/ul>\n<p>Ovaj studijski smjer mogu upisati i studenti prelaznici sa drugih visoko\u0161kolskih ustanova, uz obavezu polaganja diferencijalnih ispita u skladu sa Pravilnikom o studiranju UNT.<\/p>\n<p><strong>TRAJANJE STUDIJA<\/strong><\/p>\n<p>Dodiplomski studij Pred\u0161kolskog odgoja traje 8 (osam) semestara ili 4 (\u010detiri) studijske godine.<\/p>\n<p><strong>ZVANJE PO ZAVR\u0160ETKU STUDIJA<\/strong><\/p>\n<p>Po zavr\u0161etku <em>prvog<\/em> <em>ciklusa \u2013 dodiplomskog studija<\/em>\u00a0<strong>Pred\u0161kolski odgoj<\/strong>\u00a0student stje\u010de zvanje\u00a0<strong>bachelor \/ bakalaureat pred\u0161kolskog odgoja<\/strong>\u00a0\u2013 240 ECTS.<\/p>\n<p><strong>MASTER STUDIJSKI PROGRAM<\/strong><\/p>\n<p>Studijski program\u00a0<em>drugog ciklusa \u2013 postdiplomskog studija<\/em>\u00a0<strong>Pred\u0161kolski odgoj<\/strong> na Edukacijskom fakultetu tako\u0111er je kreiran u skladu sa zahtjevima Bolonjske deklaracije i savremenim tokovima nau\u010dnog osposobljavanja studenata za obavljanje najslo\u017eenijih poslova i zadataka u oblasti pred\u0161kolskog odgoja.<\/p>\n<p>Sistem obaveznih i izbornih modula koncipiranih za potrebe znanstvenog osposobljavanja budu\u0107ih magistara pred\u0161kolskog odgoja uspostavlja osoben koncept studija koji studentima pru\u017ea raznolike mogu\u0107nosti za usvajanje stru\u010dnih i znanstvenih kompetencija u razini drugog ciklusa \u2013 postdiplomskog studija te ih, pored osnovne zada\u0107e, profilira i za obavljanje razli\u010ditih drugih djelatnosti koje podrazumijevaju aktivnosti magistra pred\u0161kolskog odgoja.<\/p>\n<p><strong>TRAJANJE STUDIJA<\/strong><\/p>\n<p>Postdiplomski studij Pred\u0161kolskog odgoja traje 2 (dva) semestra ili 1 (jednu) studijsku godinu.<\/p>\n<p><strong>ZVANJE PO ZAVR\u0160ETKU STUDIJA<\/strong><\/p>\n<p>Po zavr\u0161etku drugog ciklusa \u2013 postdiplomskog studija\u00a0Pred\u0161kolski odgoj\u00a0student stje\u010de zvanje\u00a0<strong>magistar pred\u0161kolskog odgoja\u00a0<\/strong>\u2013 60 ECTS.<\/p>\n<p>&nbsp;<\/p>\n","protected":false},"excerpt":{"rendered":"<p>OPIS STUDIJSKOG SMJERA Studijski program\u00a0prvog ciklusa \u2013 dodiplomskog studija\u00a0Pred\u0161kolski odgoj na Edukacijskom fakultetu kreiran je prema zahtjevima Bolonjske deklaracije i savremenim tokovima u pred\u0161kolskom obrazovanju pa\u017eljivim izborom predmeta s podru\u010dja odgojnog i obrazovnog osposobljavanja budu\u0107ih profesora pred\u0161kolskog odgoja. Sistem obaveznih i izbornih predmeta\/kolegija iz podru\u010dja odgoja, pedagogije, psihologije, jezika, knji\u017eevnosti, matematike i drugih interdisciplinarnih podru\u010dja [&hellip;]<\/p>\n","protected":false},"author":1,"featured_media":0,"parent":137,"menu_order":0,"comment_status":"closed","ping_status":"closed","template":"","meta":{"ngg_post_thumbnail":0},"_links":{"self":[{"href":"https:\/\/www.eft.ba\/web\/wp-json\/wp\/v2\/pages\/142"}],"collection":[{"href":"https:\/\/www.eft.ba\/web\/wp-json\/wp\/v2\/pages"}],"about":[{"href":"https:\/\/www.eft.ba\/web\/wp-json\/wp\/v2\/types\/page"}],"author":[{"embeddable":true,"href":"https:\/\/www.eft.ba\/web\/wp-json\/wp\/v2\/users\/1"}],"replies":[{"embeddable":true,"href":"https:\/\/www.eft.ba\/web\/wp-json\/wp\/v2\/comments?post=142"}],"version-history":[{"count":5,"href":"https:\/\/www.eft.ba\/web\/wp-json\/wp\/v2\/pages\/142\/revisions"}],"predecessor-version":[{"id":54751,"href":"https:\/\/www.eft.ba\/web\/wp-json\/wp\/v2\/pages\/142\/revisions\/54751"}],"up":[{"embeddable":true,"href":"https:\/\/www.eft.ba\/web\/wp-json\/wp\/v2\/pages\/137"}],"wp:attachment":[{"href":"https:\/\/www.eft.ba\/web\/wp-json\/wp\/v2\/media?parent=142"}],"curies":[{"name":"wp","href":"https:\/\/api.w.org\/{rel}","templated":true}]}}